
{"id":2,"date":"2015-06-17T15:19:55","date_gmt":"2015-06-17T13:19:55","guid":{"rendered":"http:\/\/www.probeauftritt9.de\/soz\/?page_id=2"},"modified":"2015-10-14T10:11:03","modified_gmt":"2015-10-14T08:11:03","slug":"beispiel-seite","status":"publish","type":"page","link":"https:\/\/veranstaltungen.muenchen.de\/soz\/","title":{"rendered":"Herzlich Willkommen im Sozialreferat"},"content":{"rendered":"<p>Hier k\u00f6nnen Sie sich zu Veranstaltungen des Sozialreferats anmelden.<\/p>\n<p>&nbsp;<\/p>\n<p>Bitte f\u00fcllen Sie unser Anmeldeformular zur gew\u00fcnschten Veranstaltung mit Ihren Kontaktinformationen aus und senden es mit der Schaltfl\u00e4che \u201ezur Veranstaltung anmelden\u201c ab. Sie erhalten umgehend eine E-Mail mit der Best\u00e4tigung Ihrer Buchung.<\/p>\n<p>&nbsp;<\/p>\n<p>Falls Sie Fragen haben oder sich von einer bereits gebuchten Veranstaltung wieder abmelden m\u00f6chten, wenden Sie sich bitte an die bei der Veranstaltung genannten Ansprechpartner.<\/p>\n<p>&nbsp;<\/p>\n<p>Einige Veranstaltungen sind nur f\u00fcr einen bestimmten Personenkreis vorgesehen. Bitte beachten Sie hierzu die Hinweise in den Beschreibungen.<\/p>\n<h3>&gt;&gt; <a href=\"veranstaltungen\/\">Veranstaltungs\u00fcbersicht<\/a><\/h3>\n<p>&nbsp;<\/p>\n<h3>Hinweis zum Datenschutz:<\/h3>\n<p>&nbsp;<\/p>\n<p>Wir nehmen den Datenschutz sehr ernst. Unserem Online-Anmeldesystem ist daher keine Benutzerverwaltung hinterlegt. Dies bedeutet jedoch, dass Sie Ihre Anmeldedaten immer wieder neu eingeben m\u00fcssen, wenn Sie sich zu mehreren Veranstaltungen anmelden m\u00f6chten.<\/p>\n<p>&nbsp;<\/p>\n<p>Ihre Daten werden ausschlie\u00dflich im Zusammenhang mit der von Ihnen gebuchten Veranstaltung gespeichert und weiterverarbeitet. 90 Tage nach Ende der Veranstaltung werden alle Anmeldedaten automatisch gel\u00f6scht.<\/p>\n","protected":false},"excerpt":{"rendered":"<p>Hier k\u00f6nnen Sie sich zu Veranstaltungen des Sozialreferats anmelden. &nbsp; Bitte f\u00fcllen Sie unser Anmeldeformular zur gew\u00fcnschten Veranstaltung mit Ihren Kontaktinformationen aus und senden es mit der Schaltfl\u00e4che \u201ezur Veranstaltung anmelden\u201c ab. Sie erhalten umgehend eine E-Mail mit der Best\u00e4tigung Ihrer Buchung. &nbsp; Falls Sie Fragen haben oder sich von einer bereits gebuchten Veranstaltung wieder [&hellip;]<\/p>\n","protected":false},"author":4799,"featured_media":0,"parent":0,"menu_order":0,"comment_status":"closed","ping_status":"closed","template":"","meta":{"footnotes":""},"class_list":["post-2","page","type-page","status-publish","hentry"],"_links":{"self":[{"href":"https:\/\/veranstaltungen.muenchen.de\/soz\/wp-json\/wp\/v2\/pages\/2"}],"collection":[{"href":"https:\/\/veranstaltungen.muenchen.de\/soz\/wp-json\/wp\/v2\/pages"}],"about":[{"href":"https:\/\/veranstaltungen.muenchen.de\/soz\/wp-json\/wp\/v2\/types\/page"}],"author":[{"embeddable":true,"href":"https:\/\/veranstaltungen.muenchen.de\/soz\/wp-json\/wp\/v2\/users\/4799"}],"replies":[{"embeddable":true,"href":"https:\/\/veranstaltungen.muenchen.de\/soz\/wp-json\/wp\/v2\/comments?post=2"}],"version-history":[{"count":4,"href":"https:\/\/veranstaltungen.muenchen.de\/soz\/wp-json\/wp\/v2\/pages\/2\/revisions"}],"predecessor-version":[{"id":139,"href":"https:\/\/veranstaltungen.muenchen.de\/soz\/wp-json\/wp\/v2\/pages\/2\/revisions\/139"}],"wp:attachment":[{"href":"https:\/\/veranstaltungen.muenchen.de\/soz\/wp-json\/wp\/v2\/media?parent=2"}],"curies":[{"name":"wp","href":"https:\/\/api.w.org\/{rel}","templated":true}]}}