
{"id":41,"date":"2018-03-05T08:11:53","date_gmt":"2018-03-05T07:11:53","guid":{"rendered":"https:\/\/veranstaltungen.muenchen.de\/rit\/?page_id=41"},"modified":"2026-05-04T10:52:51","modified_gmt":"2026-05-04T08:52:51","slug":"impressum","status":"publish","type":"page","link":"https:\/\/veranstaltungen.muenchen.de\/rit\/impressum\/","title":{"rendered":"Impressum und Datenschutzerkl\u00e4rung"},"content":{"rendered":"<p>Die <a href=\"https:\/\/stadt.muenchen.de\/rathaus.html\" target=\"_blank\" rel=\"noopener noreferrer\">Landeshauptstadt M\u00fcnchen<\/a> betreibt die Veranstaltungsplattform unter der Domain <a href=\"https:\/\/veranstaltungen.muenchen.de\" target=\"_blank\" rel=\"noopener noreferrer\">veranstaltungen.muenchen.de<\/a>.\u00a0Dabei wird dem Schutz Ihrer personenbezogenen Daten hohe Bedeutung zugewiesen. Aus diesem Grund werden Ihre personenbezogene Daten vertraulich und entsprechend den gesetzlichen Datenschutzbestimmungen sowie dieser Datenschutzerkl\u00e4rung behandelt. Diese Datenschutzerkl\u00e4rung kl\u00e4rt Sie \u00fcber die Art, den Umfang und Zweck der Verarbeitung von personenbezogenen Daten (nachfolgend kurz \u201eDaten\u201c) innerhalb unseres Onlineangebotes und der mit ihm verbundenen Webseiten, Funktionen und Inhalte auf (nachfolgend gemeinsam bezeichnet als \u201eOnlineangebot\u201c). Im Hinblick auf die verwendeten Begrifflichkeiten, wie z.B. \u201eVerarbeitung\u201c oder \u201eVerantwortlicher\u201c verweisen wir auf die Definitionen im Art. 4 der Datenschutzgrundverordnung (DSGVO).<\/p>\n<h2>Rechtsgrundlagen<\/h2>\n<p>Nach Ma\u00dfgabe des Art. 13 DSGVO teilen wir Ihnen die Rechtsgrundlagen unserer Datenverarbeitungen mit. Sofern die Rechtsgrundlage in der Datenschutzerkl\u00e4rung nicht genannt wird, gilt Folgendes: Die Rechtsgrundlage f\u00fcr die Einholung von Einwilligungen ist Art. 6 Abs. 1 lit. a und Art. 7 DSGVO, die Rechtsgrundlage f\u00fcr die Verarbeitung zur Erf\u00fcllung unserer Leistungen und Durchf\u00fchrung vertraglicher Ma\u00dfnahmen sowie Beantwortung von Anfragen ist Art. 6 Abs. 1 lit. b DSGVO, die Rechtsgrundlage f\u00fcr die Verarbeitung zur Erf\u00fcllung unserer rechtlichen Verpflichtungen ist Art. 6 Abs. 1 lit. c DSGVO, und die Rechtsgrundlage f\u00fcr die Verarbeitung zur Wahrung unserer berechtigten Interessen ist Art. 6 Abs. 1 lit. f DSGVO. F\u00fcr den Fall, dass lebenswichtige Interessen der betroffenen Person oder einer anderen nat\u00fcrlichen Person eine Verarbeitung personenbezogener Daten erforderlich machen, dient Art. 6 Abs. 1 lit. d DSGVO als Rechtsgrundlage.Die rechtlichen Grundlagen des Datenschutzes finden sich im Bundesdatenschutzgesetz (BDSG), im Bayerischen Datenschutzgesetz (BayDSG), dem Telemediengesetz (TMG) und der Datenschutz-Grundverordnung (DSGVO).<\/p>\n<h2>Verantwortlicher und Datenschutzbeauftragter<\/h2>\n<p>Landeshauptstadt M\u00fcnchen<br \/>\n80313 M\u00fcnchen<br \/>\nE-Mail: <a href=\"mailto:rathaus@muenchen.de\" target=\"_blank\" rel=\"noopener noreferrer\">rathaus@muenchen.de<\/a><br \/>\nTelefon: (089) 233-00<br \/>\nFax: (089) 233-26458<\/p>\n<p>&nbsp;<\/p>\n<p>Oberb\u00fcrgermeister Dominik Krause<br \/>\nE-Mail: <a href=\"mailto:buero.ob@muenchen.de\" target=\"_blank\" rel=\"noopener noreferrer\">buero.ob@muenchen.de<\/a><\/p>\n<p>&nbsp;<\/p>\n<p>K\u00f6rperschaft des \u00f6ffentlichen Rechts<br \/>\nUmsatzsteuer-Identifikationsnummer DE 129 524 000<br \/>\nZust\u00e4ndige Aufsichtsbeh\u00f6rde: Regierung von Oberbayern<\/p>\n<p>&nbsp;<\/p>\n<p>Frau Dr. Daniela Rothenh\u00f6fer<br \/>\nLeiterin der Hauptabteilung IT-Strategie und IT-Steuerung \/ IT-Controlling (STRAC)<br \/>\nPostadresse: Marienplatz 8, 80331 M\u00fcnchen<br \/>\nE-Mail: <a href=\"mailto:digital.news@muenchen.de\">digital.news@muenchen.de<\/a><\/p>\n<p>&nbsp;<\/p>\n<p>Wenn Sie Fragen zum Datenschutz haben, wenden Sie sich direkt an den Datenschutzbeauftragten:<\/p>\n<p>&nbsp;<\/p>\n<p>Landeshauptstadt M\u00fcnchen<br \/>\nDatenschutzbeauftragter der LHM<br \/>\nBurgstra\u00dfe 4<br \/>\n80331 M\u00fcnchen<br \/>\nE-Mail: <a href=\"mailto:datenschutz@muenchen.de\" target=\"_blank\" rel=\"noopener noreferrer\">datenschutz@muenchen.de<br \/>\n<\/a>Webseite:\u00a0<a href=\"https:\/\/www.muenchen.de\/rathaus\/Stadtverwaltung\/Direktorium\/Datenschutzbeauftragter.html\" target=\"_blank\" rel=\"noopener noreferrer\">https:\/\/www.muenchen.de\/rathaus\/Stadtverwaltung\/Direktorium\/Datenschutzbeauftragter.html<\/a><\/p>\n<h2>Kategorien betroffener Personen<\/h2>\n<p>Besucher und Nutzer des Onlineangebotes (Nachfolgend bezeichnen wir die betroffenen Personen zusammenfassend auch als \u201eNutzer\u201c).<\/p>\n<h2>Erhebung und Verarbeitung personenbezogener Daten<\/h2>\n<p>Die Nutzung der Veranstaltungsplattform ist nur unter Angabe von personenbezogenen Daten wie Name und E-Mail-Adresse oder anderen pers\u00f6nlichen Daten m\u00f6glich. Soweit auf dieser Seite personenbezogene Daten erhoben werden, erfolgt dies stets auf freiwilliger Basis, zum Beispiel bei Anmeldung zu einer Veranstaltung. Diese sind <strong>Bestandsdaten<\/strong> (z.B., Namen, Adressen) und <strong>Kontaktdaten<\/strong> (z.B., E-Mail, Telefonnummern, Firma). Weiterhin k\u00f6nnen Angaben im Zusammenhang mit der Bezahlung kostenpflichtigen Veranstaltungen erforderlich sein. Diese Daten ben\u00f6tigen wir, um die Veranstaltungen durchzuf\u00fchren.<\/p>\n<p>Weiterhin werden <strong>Nutzungsdaten<\/strong> (z.B., besuchte Webseiten, Interesse an Inhalten, Zugriffszeiten) und <strong>Meta-\/Kommunikationsdaten<\/strong> (z.B., Ger\u00e4te-Informationen, IP-Adressen). Da diese als Bestandteil der personenbezogenen Daten gesehen werden, k\u00f6nnten zumindest f\u00fcr die Dauer des Besuchs der Website ein Personenbezug bestehen. Nach Beendigung der Nutzung werden die IP-Adressen nicht gespeichert bzw. unverz\u00fcglich gel\u00f6scht.<\/p>\n<p>Weiterhin k\u00f6nnen <strong>Inhaltsdaten<\/strong> (z.B., Texteingaben, Fotografien, Videos) ver\u00f6ffentlicht werden.<\/p>\n<p>Wir speichern Ihre Daten nur so lange, wie wir Ihre Daten, z.B. zur Bearbeitung eines Anliegens, ben\u00f6tigen.<\/p>\n<p>Ein Abgleich mit anderen Datenbest\u00e4nden oder eine Weitergabe an Dritte, auch in Ausz\u00fcgen, findet nicht statt.<\/p>\n<h2>Zweck der Erhebung und Verarbeitung<\/h2>\n<p>Wir erheben die genannten Daten, um das Onlineangebot, seine Funktionen und Inhalte zur Verf\u00fcgung zu stellen gem\u00e4\u00df Art. 6 Abs. 1 lit. a, b, c (bei kostenpflichtigen Veranstaltungen) und f sowie\u00a0 Art. 7 DSGVO.<\/p>\n<h2>Protokollierung der IP-Adressen<\/h2>\n<p>Wenn Sie diese oder andere Internetseiten aufrufen, \u00fcbermitteln Sie \u00fcber Ihren Internetbrowser Daten an einen Webserver. Die folgenden Daten werden w\u00e4hrend einer laufenden Verbindung zur Kommunikation zwischen Ihrem Internetbrowser und unserem Webserver aufgezeichnet:<\/p>\n<ul>\n<li>\n<p align=\"LEFT\">Datum und Uhrzeit der Anforderung<\/p>\n<\/li>\n<li>\n<p align=\"LEFT\">Name der angeforderten Datei<\/p>\n<\/li>\n<li>\n<p align=\"LEFT\">Seite, von der aus die Datei angefordert wurde<\/p>\n<\/li>\n<li>\n<p align=\"LEFT\">Zugriffsstatus (Datei \u00fcbertragen, Datei nicht gefunden, etc.)<\/p>\n<\/li>\n<li>\n<p align=\"LEFT\">verwendete Webbrowser und verwendetes Betriebssystem<\/p>\n<\/li>\n<li>\n<p align=\"LEFT\">vollst\u00e4ndige IP-Adresse des anfordernden Rechners<\/p>\n<\/li>\n<li>\n<p align=\"LEFT\">\u00fcbertragene Datenmenge.<\/p>\n<\/li>\n<\/ul>\n<p>Hierbei handelt es sich ausschlie\u00dflich um Informationen, welche keine R\u00fcckschl\u00fcsse auf Ihre Person zulassen. Die IP-Adresse wird unmittelbar nach Beendigung der Nutzung gel\u00f6scht. Zudem werden diese Daten ebenso beim Zugriff auf jede andere Website im Internet generiert. Es handelt sich hierbei also nicht um eine spezifische Funktion unserer Website. Informationen dieser Art werden ausschlie\u00dflich anonymisiert erhoben und von uns statistisch ausgewertet.<\/p>\n<h2>Verwendung von Cookies<\/h2>\n<p>Wir verwendet \u201eCookies\u201c. Das sind kleine Textdateien, die es m\u00f6glich machen, auf dem Endger\u00e4t des Nutzers spezifische, auf den Nutzer bezogene Informationen zu speichern, w\u00e4hrend er die Website nutzt. Cookies erm\u00f6glichen es insbesondere Nutzungsh\u00e4ufigkeit und Nutzeranzahl der Seiten zu ermitteln und Verhaltensweisen der Seitennutzung zu analysieren. Durch die Cookies ist es aber auch m\u00f6glich unser Angebot f\u00fcr Sie benutzerfreundlicher zu gestalten. Einige Cookies bleiben \u00fcber das Ende einer Browser-Sitzung gespeichert und k\u00f6nnen bei einem erneuten Seitenbesuch wieder aufgerufen werden. Wenn Sie das nicht w\u00fcnschen, sollten Sie Ihren Internetbrowser so einstellen, dass er die Annahme von Cookies verweigert.<\/p>\n<h2>Verwendung von Web Fonts, Youtube und Inhalt Dritter<\/h2>\n<p>Wir setzen innerhalb unseres Onlineangebotes auf Grundlage unserer berechtigten Interessen (d.h. Interesse an der Analyse, Optimierung und wirtschaftlichem Betrieb unseres Onlineangebotes im Sinne des Art. 6 Abs. 1 lit. f. DSGVO) Inhalts- oder Serviceangebote von Drittanbietern ein, um deren Inhalte und Services, wie z.B. Videos oder Schriftarten einzubinden (nachfolgend einheitlich bezeichnet als \u201cInhalte\u201d).<\/p>\n<p>Dies setzt immer voraus, dass die Drittanbieter dieser Inhalte, die IP-Adresse der Nutzer wahrnehmen, da sie ohne die IP-Adresse die Inhalte nicht an deren Browser senden k\u00f6nnten. Die IP-Adresse ist damit f\u00fcr die Darstellung dieser Inhalte erforderlich. Wir bem\u00fchen uns nur solche Inhalte zu verwenden, deren jeweilige Anbieter die IP-Adresse lediglich zur Auslieferung der Inhalte verwenden. Drittanbieter k\u00f6nnen ferner so genannte Pixel-Tags (unsichtbare Grafiken, auch als &#8220;Web Beacons&#8221; bezeichnet) f\u00fcr statistische oder Marketingzwecke verwenden. Durch die &#8220;Pixel-Tags&#8221; k\u00f6nnen Informationen, wie der Besucherverkehr auf den Seiten dieser Website ausgewertet werden. Die pseudonymen Informationen k\u00f6nnen ferner in Cookies auf dem Ger\u00e4t der Nutzer gespeichert werden und unter anderem technische Informationen zum Browser und Betriebssystem, verweisende Webseiten, Besuchszeit sowie weitere Angaben zur Nutzung unseres Onlineangebotes enthalten, als auch mit solchen Informationen aus anderen Quellen verbunden werden.<\/p>\n<ul>\n<li><strong>Web Fonts<\/strong><br \/>\nAuf diesen Internetseiten werden externe Schriften, so genannte Web Fonts, zur optisch verbesserten Darstellung verschiedener Informationen verwendet (http:\/\/www.google.com\/webfonts\/). Genutzt wird daf\u00fcr Google Fonts.\u00a0Google Fonts ist ein Dienst <span class=\"ts-muster-content\">es Anbieters Google LLC, 1600 Amphitheatre Parkway, Mountain View, CA 94043, USA<\/span>. Die Web Fonts werden beim Aufruf der Seite in den Cache des Browsers \u00fcbertragen, um sie f\u00fcr die Darstellung nutzen zu k\u00f6nnen.\u00a0Diese Einbindung der Web Fonts erfolgt durch einen Serveraufruf, in der Regel ein Server von Google in den USA. Im Zusammenhang mit dem Seitenaufruf werden Daten an Google gesendet \u2013 zum Beispiel welche Internetseiten Sie besucht haben. Beim Aufruf der Seite werden beim Website-Besucher keine Cookies gespeichert. Informationen zu den Datenschutzbedingungen von Google Webfonts erhalten Sie unter: <a href=\"https:\/\/developers.google.com\/fonts\/faq#Privacy\" target=\"_blank\" rel=\"noopener noreferrer\">https:\/\/developers.google.com\/fonts\/faq#Privacy<\/a>Allgemeine Informationen zum Datenschutz sind im Google Privacy Center abrufbar unter: <a href=\"http:\/\/www.google.com\/intl\/de-DE\/privacy\/\" target=\"_blank\" rel=\"noopener noreferrer\">http:\/\/www.google.com\/intl\/de-DE\/privacy\/<\/a>Sie k\u00f6nnen Ihren Browser so einstellen, dass die Schriften nicht von den Google-Servern geladen werden (bspw. durch die Installation von Add-Ons) Falls Ihr Browser die Google Fonts nicht unterst\u00fctzt oder Sie den Zugriff auf die Google-Server unterbinden, wird der Text in der Standardschrift des Systems angezeigt.<\/li>\n<\/ul>\n<ul>\n<li><span class=\"ts-muster-content\"><strong>YouTube<\/strong><br \/>\nWir binden die Videos der Plattform \u201cYouTube\u201d des Anbieters Google LLC, 1600 Amphitheatre Parkway, Mountain View, CA 94043, USA, ein. Datenschutzerkl\u00e4rung: <a href=\"https:\/\/www.google.com\/policies\/privacy\/\" target=\"_blank\" rel=\"noopener noreferrer\">https:\/\/www.google.com\/policies\/privacy\/<\/a>, Opt-Out: <a href=\"https:\/\/adssettings.google.com\/authenticated\" target=\"_blank\" rel=\"noopener noreferrer\">https:\/\/adssettings.google.com\/authenticated<\/a>.<\/span><\/li>\n<\/ul>\n<h2>E-Mails<\/h2>\n<p>Es werden solche Informationen erfasst und gespeichert, die Sie auf der Seite eingeben oder uns in sonstiger Weise \u00fcbermitteln. Diese Angaben geschehen freiwillig.<\/p>\n<h2>Onlinepr\u00e4senzen in sozialen Medien<\/h2>\n<p>Wir unterhalten Onlinepr\u00e4senzen innerhalb sozialer Netzwerke und Plattformen, um mit den dort aktiven Kunden, Interessenten und Nutzern kommunizieren und sie dort \u00fcber unsere Leistungen informieren zu k\u00f6nnen. Beim Aufruf der jeweiligen Netzwerke und Plattformen gelten die Gesch\u00e4ftsbedingungen und die Datenverarbeitungsrichtlinien deren jeweiligen Betreiber.<\/p>\n<p>Soweit nicht anders im Rahmen unserer Datenschutzerkl\u00e4rung angegeben, verarbeiten wir die Daten der Nutzer sofern diese mit uns innerhalb der sozialen Netzwerke und Plattformen kommunizieren, z.B. Beitr\u00e4ge auf unseren Onlinepr\u00e4senzen verfassen oder uns Nachrichten zusenden.<\/p>\n<h2>Verlinkte Websites<\/h2>\n<p>Wir weisen darauf hin, dass Betreiber von Seiten, die hier verlinkt werden, die Daten des Besuchers der Seite speichern und auswerten k\u00f6nnten. Bitte beachten Sie diesbez\u00fcglich die Datenschutzhinweise auf den jeweiligen Seiten.<\/p>\n<h2>Auskunfts-, Widerrufs- und L\u00f6schungsrechte<\/h2>\n<p>Sie haben das Recht, eine Best\u00e4tigung dar\u00fcber zu verlangen, ob betreffende Daten verarbeitet werden und auf Auskunft \u00fcber diese Daten sowie auf weitere Informationen und Kopie der Daten entsprechend Art. 15 DSGVO. In dieser Datenschutzerkl\u00e4rung steht bereits alles geschrieben, was wir \u00fcber Sie wissen. Wenn Sie Auskunft w\u00fcnschen, teilen wir diese Information nochmals mit.<\/p>\n<p>Sie haben entsprechend. Art. 16 DSGVO das Recht, die Vervollst\u00e4ndigung der Sie betreffenden Daten oder die Berichtigung der Sie betreffenden unrichtigen Daten zu verlangen.<\/p>\n<p>Sie haben das Recht, gem. Art. 7 Abs. 3 DSGVO mit Wirkung f\u00fcr die Zukunft jederzeit der Verwendung Ihrer Daten zu widersprechen und eine erteilte Einwilligung zur Verwendung Ihrer Daten jederzeit zu widerrufen.<\/p>\n<p>Sie k\u00f6nnen der k\u00fcnftigen Verarbeitung der Sie betreffenden Daten nach Ma\u00dfgabe des Art. 21 DSGVO jederzeit widersprechen. Der Widerspruch kann insbesondere gegen die Verarbeitung f\u00fcr Zwecke der Direktwerbung erfolgen.<\/p>\n<p>Weiter k\u00f6nnen Sie nach Ma\u00dfgabe des Art. 17 DSGVO jederzeit die von uns erhobenen und gespeicherten Daten l\u00f6schen lassen, bzw. alternativ nach Ma\u00dfgabe des Art. 18 DSGVO eine Einschr\u00e4nkung der Verarbeitung der Daten verlangen.<\/p>\n<p>Ab dem 25.05.2018 steht Ihnen auch das Recht auf Daten\u00fcbertragbarkeit nach Art. 20 DGVO sowie das Recht zur Beschwerde bei einer Aufsichtsbeh\u00f6rde im Sinne von Art. 77 DSGVO zu.<\/p>\n<p>Wir weisen ausdr\u00fccklich darauf hin, dass es gesetzliche Verpflichtungen geben kann, Daten weiter zu speichern, in diesem Fall k\u00f6nnen die Daten nur gesperrt werden. Wenn Sie Ihre Einwilligungen zur Datenverarbeitung widerrufen bzw. der Verwendung der Daten widersprechen, ber\u00fchrt dies die Rechtm\u00e4\u00dfigkeit der Datenverarbeitung bis zum Zeitpunkt des Widerrufs nicht.<\/p>\n<h2>Sicherheitsma\u00dfnahmen<\/h2>\n<p>Wir treffen nach Ma\u00dfgabe des Art. 32 DSGVO unter Ber\u00fccksichtigung des Stands der Technik, der Implementierungskosten und der Art, des Umfangs, der Umst\u00e4nde und der Zwecke der Verarbeitung sowie der unterschiedlichen Eintrittswahrscheinlichkeit und Schwere des Risikos f\u00fcr die Rechte und Freiheiten nat\u00fcrlicher Personen, geeignete technische und organisatorische Ma\u00dfnahmen, um ein dem Risiko angemessenes Schutzniveau zu gew\u00e4hrleisten.<\/p>\n<p>Zu den Ma\u00dfnahmen geh\u00f6ren insbesondere die Sicherung der Vertraulichkeit, Integrit\u00e4t und Verf\u00fcgbarkeit von Daten durch Kontrolle des physischen Zugangs zu den Daten, als auch des sie betreffenden Zugriffs, der Eingabe, Weitergabe, der Sicherung der Verf\u00fcgbarkeit und ihrer Trennung. Des Weiteren haben wir Verfahren eingerichtet, die eine Wahrnehmung von Betroffenenrechten, L\u00f6schung von Daten und Reaktion auf Gef\u00e4hrdung der Daten gew\u00e4hrleisten. Ferner ber\u00fccksichtigen wir den Schutz personenbezogener Daten bereits bei der Entwicklung, bzw. Auswahl von Hardware, Software sowie Verfahren, entsprechend dem Prinzip des Datenschutzes durch Technikgestaltung und durch datenschutzfreundliche Voreinstellungen (Art. 25 DSGVO).<\/p>\n<h2>\u00c4nderung der Datenschutzerkl\u00e4rung<\/h2>\n<p>Die Datenschutzerkl\u00e4rung kann bei Bedarf angepasst werden, damit sie stets den aktuellen rechtlichen Anforderungen entspricht oder um \u00c4nderungen von Funktionen in der Datenschutzerkl\u00e4rung umzusetzen, z. Bsp. Einbindung neuer Social Plugins.<\/p>\n<p>Bei einem erneuten Besuch gilt dann die aktuelle Datenschutzerkl\u00e4rung.<\/p>\n<p>Es gelten <a href=\"https:\/\/stadt.muenchen.de\/infos\/impressum.html\" target=\"_blank\" rel=\"noopener noreferrer\">Impressum und Rechtshinweise der Landeshauptstadt M\u00fcnchen<\/a>.<\/p>\n","protected":false},"excerpt":{"rendered":"<p>Die Landeshauptstadt M\u00fcnchen betreibt die Veranstaltungsplattform unter der Domain veranstaltungen.muenchen.de.\u00a0Dabei wird dem Schutz Ihrer personenbezogenen Daten hohe Bedeutung zugewiesen. Aus diesem Grund werden Ihre personenbezogene Daten vertraulich und entsprechend den gesetzlichen Datenschutzbestimmungen sowie dieser Datenschutzerkl\u00e4rung behandelt. Diese Datenschutzerkl\u00e4rung kl\u00e4rt Sie \u00fcber die Art, den Umfang und Zweck der Verarbeitung von personenbezogenen Daten (nachfolgend kurz \u201eDaten\u201c) [&hellip;]<\/p>\n","protected":false},"author":5,"featured_media":0,"parent":0,"menu_order":0,"comment_status":"closed","ping_status":"closed","template":"","meta":{"footnotes":""},"class_list":["post-41","page","type-page","status-publish","hentry"],"_links":{"self":[{"href":"https:\/\/veranstaltungen.muenchen.de\/rit\/wp-json\/wp\/v2\/pages\/41"}],"collection":[{"href":"https:\/\/veranstaltungen.muenchen.de\/rit\/wp-json\/wp\/v2\/pages"}],"about":[{"href":"https:\/\/veranstaltungen.muenchen.de\/rit\/wp-json\/wp\/v2\/types\/page"}],"author":[{"embeddable":true,"href":"https:\/\/veranstaltungen.muenchen.de\/rit\/wp-json\/wp\/v2\/users\/5"}],"replies":[{"embeddable":true,"href":"https:\/\/veranstaltungen.muenchen.de\/rit\/wp-json\/wp\/v2\/comments?post=41"}],"version-history":[{"count":9,"href":"https:\/\/veranstaltungen.muenchen.de\/rit\/wp-json\/wp\/v2\/pages\/41\/revisions"}],"predecessor-version":[{"id":2171,"href":"https:\/\/veranstaltungen.muenchen.de\/rit\/wp-json\/wp\/v2\/pages\/41\/revisions\/2171"}],"wp:attachment":[{"href":"https:\/\/veranstaltungen.muenchen.de\/rit\/wp-json\/wp\/v2\/media?parent=41"}],"curies":[{"name":"wp","href":"https:\/\/api.w.org\/{rel}","templated":true}]}}