
{"id":32,"date":"2019-03-15T10:07:02","date_gmt":"2019-03-15T09:07:02","guid":{"rendered":"https:\/\/veranstaltungen.muenchen.de\/rbs\/?page_id=32"},"modified":"2026-05-04T10:55:58","modified_gmt":"2026-05-04T08:55:58","slug":"impressum","status":"publish","type":"page","link":"https:\/\/veranstaltungen.muenchen.de\/rbs\/impressum\/","title":{"rendered":"Impressum und Rechtshinweise"},"content":{"rendered":"<article id=\"post-37\" class=\"post-37 page type-page status-publish hentry\">\n<div class=\"entry-content\">\n<p><strong>Landeshauptstadt M\u00fcnchen<\/strong><\/p>\n<p>Referat f\u00fcr Bildung und Sport<\/p>\n<p>Presse und Kommunikation<\/p>\n<p>Bayerstra\u00dfe 28<\/p>\n<p>80335 M\u00fcnchen<\/p>\n<p>veranstaltungen.rbs@muenchen.de<\/p>\n<p>&nbsp;<\/p>\n<p>&nbsp;<\/p>\n<p>K\u00f6rperschaft des \u00f6ffentlichen Rechts<\/p>\n<p>&nbsp;<\/p>\n<p>Umsatzsteuer-Identifikationsnummer DE 129 524 000<\/p>\n<p>&nbsp;<\/p>\n<p>Zust\u00e4ndige Aufsichtsbeh\u00f6rde: Regierung von Oberbayern<\/p>\n<p>&nbsp;<\/p>\n<p>Es gelten <a href=\"https:\/\/stadt.muenchen.de\/infos\/impressum.html\" target=\"_blank\" rel=\"noopener\">Impressum und Rechtshinweise der Landeshauptstadt M\u00fcnchen<\/a>.<\/p>\n<\/div>\n<\/article>\n","protected":false},"excerpt":{"rendered":"<p>Landeshauptstadt M\u00fcnchen Referat f\u00fcr Bildung und Sport Presse und Kommunikation Bayerstra\u00dfe 28 80335 M\u00fcnchen veranstaltungen.rbs@muenchen.de &nbsp; &nbsp; K\u00f6rperschaft des \u00f6ffentlichen Rechts &nbsp; Umsatzsteuer-Identifikationsnummer DE 129 524 000 &nbsp; Zust\u00e4ndige Aufsichtsbeh\u00f6rde: Regierung von Oberbayern &nbsp; Es gelten Impressum und Rechtshinweise der Landeshauptstadt M\u00fcnchen.<\/p>\n","protected":false},"author":3,"featured_media":0,"parent":0,"menu_order":0,"comment_status":"closed","ping_status":"closed","template":"","meta":{"footnotes":""},"class_list":["post-32","page","type-page","status-publish","hentry"],"_links":{"self":[{"href":"https:\/\/veranstaltungen.muenchen.de\/rbs\/wp-json\/wp\/v2\/pages\/32"}],"collection":[{"href":"https:\/\/veranstaltungen.muenchen.de\/rbs\/wp-json\/wp\/v2\/pages"}],"about":[{"href":"https:\/\/veranstaltungen.muenchen.de\/rbs\/wp-json\/wp\/v2\/types\/page"}],"author":[{"embeddable":true,"href":"https:\/\/veranstaltungen.muenchen.de\/rbs\/wp-json\/wp\/v2\/users\/3"}],"replies":[{"embeddable":true,"href":"https:\/\/veranstaltungen.muenchen.de\/rbs\/wp-json\/wp\/v2\/comments?post=32"}],"version-history":[{"count":10,"href":"https:\/\/veranstaltungen.muenchen.de\/rbs\/wp-json\/wp\/v2\/pages\/32\/revisions"}],"predecessor-version":[{"id":3151,"href":"https:\/\/veranstaltungen.muenchen.de\/rbs\/wp-json\/wp\/v2\/pages\/32\/revisions\/3151"}],"wp:attachment":[{"href":"https:\/\/veranstaltungen.muenchen.de\/rbs\/wp-json\/wp\/v2\/media?parent=32"}],"curies":[{"name":"wp","href":"https:\/\/api.w.org\/{rel}","templated":true}]}}