
{"id":268,"date":"2018-10-02T13:29:17","date_gmt":"2018-10-02T11:29:17","guid":{"rendered":"https:\/\/veranstaltungen.muenchen.de\/raw\/?page_id=268"},"modified":"2025-08-29T17:54:42","modified_gmt":"2025-08-29T15:54:42","slug":"datenschutz","status":"publish","type":"page","link":"https:\/\/veranstaltungen.muenchen.de\/raw\/datenschutz\/","title":{"rendered":"Informationen zum Datenschutz"},"content":{"rendered":"<p>Stand: 08\/2025<\/p>\n<p>&nbsp;<\/p>\n<p>1.) Verantwortlich f\u00fcr die Verarbeitung ist:<\/p>\n<p>&nbsp;<\/p>\n<p>Landeshauptstadt M\u00fcnchen,<br \/>\nReferat f\u00fcr Arbeit und Wirtschaft,<br \/>\nHerzog-Wilhelm-Str.15<br \/>\n80331 M\u00fcnchen<\/p>\n<p>&nbsp;<\/p>\n<p>2.) Die Datenschutzbeauftragen der Landeshauptstadt M\u00fcnchen sind erreichbar unter:<\/p>\n<p>&nbsp;<\/p>\n<p>Landeshauptstadt M\u00fcnchen<br \/>\nDatenschutzbeauftragte der LHM<br \/>\nMarienplatz 8<br \/>\n80331 M\u00fcnchen<br \/>\nTelefon: 089\/233-28261<br \/>\nE-Mail: datenschutz@muenchen.de<\/p>\n<p>&nbsp;<\/p>\n<p>3.) Ihre Daten werden zum Zwecke der Durchf\u00fchrung der jeweiligen Veranstaltung auf Grundlage von Art. 6 Abs. 1 Buchstabe a) DSGVO verarbeitet.<\/p>\n<p>&nbsp;<\/p>\n<p>4.) Die angegebenen Daten werden drei Monate nach Durchf\u00fchrung der Veranstaltung gel\u00f6scht.<\/p>\n<p>&nbsp;<\/p>\n<p>5.) Nach der Datenschutz-Grundverordnung stehen Ihnen folgende Rechte zu:<\/p>\n<p>&nbsp;<\/p>\n<p>Werden Ihre personenbezogenen Daten verarbeitet, so haben Sie das Recht Auskunft \u00fcber die zu Ihrer Person gespeicherten Daten zu erhalten (Art. 15 DSGVO).<\/p>\n<p>&nbsp;<\/p>\n<p>Sollten unrichtige personenbezogene Daten verarbeitet werden, steht Ihnen ein Recht auf Berichtigung zu (Art. 16 DSGVO).<\/p>\n<p>&nbsp;<\/p>\n<p>Liegen die gesetzlichen Voraussetzungen vor, so k\u00f6nnen Sie die L\u00f6schung oder Einschr\u00e4nkung der Verarbeitung verlangen sowie Widerspruch gegen die Verarbeitung einlegen (Art. 17, 18 und 21 DSGVO).<\/p>\n<p>&nbsp;<\/p>\n<p>Wenn Sie in die Datenverarbeitung eingewilligt haben oder ein Vertrag zur Datenverarbeitung besteht und die Datenverarbeitung mithilfe automatisierter Verfahren durchgef\u00fchrt wird, steht Ihnen gegebenenfalls ein Recht auf Daten\u00fcbertragbarkeit zu (Art. 20 DSGVO).<\/p>\n<p>&nbsp;<\/p>\n<p>Weiterhin besteht ein Beschwerderecht beim Bayerischen Landesbeauftragten f\u00fcr den Datenschutz.<\/p>\n<p>&nbsp;<\/p>\n<p>6.) Wenn Sie in die Verarbeitung durch die Landeshauptstadt M\u00fcnchen durch eine entsprechende Erkl\u00e4rung eingewilligt haben, k\u00f6nnen Sie die Einwilligung jederzeit f\u00fcr die Zukunft widerrufen. Die Rechtm\u00e4\u00dfigkeit der aufgrund der Einwilligung bis zum Widerruf erfolgten Datenverarbeitung wird durch diesen nicht ber\u00fchrt.<\/p>\n<p>&nbsp;<\/p>\n<p>&nbsp;<\/p>\n","protected":false},"excerpt":{"rendered":"<p>Stand: 08\/2025 &nbsp; 1.) Verantwortlich f\u00fcr die Verarbeitung ist: &nbsp; Landeshauptstadt M\u00fcnchen, Referat f\u00fcr Arbeit und Wirtschaft, Herzog-Wilhelm-Str.15 80331 M\u00fcnchen &nbsp; 2.) Die Datenschutzbeauftragen der Landeshauptstadt M\u00fcnchen sind erreichbar unter: &nbsp; Landeshauptstadt M\u00fcnchen Datenschutzbeauftragte der LHM Marienplatz 8 80331 M\u00fcnchen Telefon: 089\/233-28261 E-Mail: datenschutz@muenchen.de &nbsp; 3.) Ihre Daten werden zum Zwecke der Durchf\u00fchrung der jeweiligen [&hellip;]<\/p>\n","protected":false},"author":33,"featured_media":0,"parent":0,"menu_order":0,"comment_status":"closed","ping_status":"closed","template":"","meta":{"footnotes":""},"class_list":["post-268","page","type-page","status-publish","hentry"],"_links":{"self":[{"href":"https:\/\/veranstaltungen.muenchen.de\/raw\/wp-json\/wp\/v2\/pages\/268"}],"collection":[{"href":"https:\/\/veranstaltungen.muenchen.de\/raw\/wp-json\/wp\/v2\/pages"}],"about":[{"href":"https:\/\/veranstaltungen.muenchen.de\/raw\/wp-json\/wp\/v2\/types\/page"}],"author":[{"embeddable":true,"href":"https:\/\/veranstaltungen.muenchen.de\/raw\/wp-json\/wp\/v2\/users\/33"}],"replies":[{"embeddable":true,"href":"https:\/\/veranstaltungen.muenchen.de\/raw\/wp-json\/wp\/v2\/comments?post=268"}],"version-history":[{"count":4,"href":"https:\/\/veranstaltungen.muenchen.de\/raw\/wp-json\/wp\/v2\/pages\/268\/revisions"}],"predecessor-version":[{"id":3021,"href":"https:\/\/veranstaltungen.muenchen.de\/raw\/wp-json\/wp\/v2\/pages\/268\/revisions\/3021"}],"wp:attachment":[{"href":"https:\/\/veranstaltungen.muenchen.de\/raw\/wp-json\/wp\/v2\/media?parent=268"}],"curies":[{"name":"wp","href":"https:\/\/api.w.org\/{rel}","templated":true}]}}