
{"id":12,"date":"2019-11-05T14:02:40","date_gmt":"2019-11-05T13:02:40","guid":{"rendered":"http:\/\/test78.muenchen.de\/plan\/?page_id=12"},"modified":"2020-05-26T09:35:57","modified_gmt":"2020-05-26T07:35:57","slug":"impressum","status":"publish","type":"page","link":"https:\/\/veranstaltungen.muenchen.de\/plan\/impressum\/","title":{"rendered":"Impressum und Rechtshinweise"},"content":{"rendered":"\n<p>Inhaltliche Verantwortung nach \u00a755 Abs. 2 des Rundfunkstaatsvertrages (RStV)<\/p>\n\n\n\n<p><strong>Landeshauptstadt M\u00fcnchen<\/strong><\/p>\n\n\n\n<p><strong>Referat f\u00fcr Stadtplanung und Bauordnung<\/strong><br>Prof. Elisabeth Merk<br> Blumenstr. 28b<br> 80331 M\u00fcnchen<br>E-Mail: <a href=\"mailto:onlineredaktion.plan@muenchen.de\">onlineredaktion.plan@muenchen.de<\/a><\/p>\n","protected":false},"excerpt":{"rendered":"<p>Inhaltliche Verantwortung nach \u00a755 Abs. 2 des Rundfunkstaatsvertrages (RStV) Landeshauptstadt M\u00fcnchen Referat f\u00fcr Stadtplanung und BauordnungProf. Elisabeth Merk Blumenstr. 28b 80331 M\u00fcnchenE-Mail: onlineredaktion.plan@muenchen.de<\/p>\n","protected":false},"author":3,"featured_media":0,"parent":0,"menu_order":0,"comment_status":"closed","ping_status":"closed","template":"","meta":{"footnotes":""},"class_list":["post-12","page","type-page","status-publish","hentry"],"_links":{"self":[{"href":"https:\/\/veranstaltungen.muenchen.de\/plan\/wp-json\/wp\/v2\/pages\/12"}],"collection":[{"href":"https:\/\/veranstaltungen.muenchen.de\/plan\/wp-json\/wp\/v2\/pages"}],"about":[{"href":"https:\/\/veranstaltungen.muenchen.de\/plan\/wp-json\/wp\/v2\/types\/page"}],"author":[{"embeddable":true,"href":"https:\/\/veranstaltungen.muenchen.de\/plan\/wp-json\/wp\/v2\/users\/3"}],"replies":[{"embeddable":true,"href":"https:\/\/veranstaltungen.muenchen.de\/plan\/wp-json\/wp\/v2\/comments?post=12"}],"version-history":[{"count":13,"href":"https:\/\/veranstaltungen.muenchen.de\/plan\/wp-json\/wp\/v2\/pages\/12\/revisions"}],"predecessor-version":[{"id":230,"href":"https:\/\/veranstaltungen.muenchen.de\/plan\/wp-json\/wp\/v2\/pages\/12\/revisions\/230"}],"wp:attachment":[{"href":"https:\/\/veranstaltungen.muenchen.de\/plan\/wp-json\/wp\/v2\/media?parent=12"}],"curies":[{"name":"wp","href":"https:\/\/api.w.org\/{rel}","templated":true}]}}