
{"id":12,"date":"2019-11-05T14:02:40","date_gmt":"2019-11-05T13:02:40","guid":{"rendered":"http:\/\/veranstaltungen.muenchen.de\/mor\/?page_id=12"},"modified":"2021-07-13T07:41:27","modified_gmt":"2021-07-13T05:41:27","slug":"impressum","status":"publish","type":"page","link":"https:\/\/veranstaltungen.muenchen.de\/mor\/impressum\/","title":{"rendered":"Impressum und Rechtshinweise"},"content":{"rendered":"\n<p><strong>Landeshauptstadt M\u00fcnchen<\/strong><br><strong>Mobilit\u00e4tsreferat<\/strong><br>Implerstra\u00dfe 9<br>81371 M\u00fcnchen<\/p>\n\n\n\n<p>Es gelten <a rel=\"noreferrer noopener\" href=\"http:\/\/www.muenchen.de\/rathaus\/Kontakt\/Impressum.html\" target=\"_blank\">Impressum und Rechtshinweise der Landeshauptstadt M\u00fcnchen<\/a>.<\/p>\n","protected":false},"excerpt":{"rendered":"<p>Landeshauptstadt M\u00fcnchenMobilit\u00e4tsreferatImplerstra\u00dfe 981371 M\u00fcnchen Es gelten Impressum und Rechtshinweise der Landeshauptstadt M\u00fcnchen.<\/p>\n","protected":false},"author":3,"featured_media":0,"parent":0,"menu_order":0,"comment_status":"closed","ping_status":"closed","template":"","meta":{"footnotes":""},"class_list":["post-12","page","type-page","status-publish","hentry"],"_links":{"self":[{"href":"https:\/\/veranstaltungen.muenchen.de\/mor\/wp-json\/wp\/v2\/pages\/12"}],"collection":[{"href":"https:\/\/veranstaltungen.muenchen.de\/mor\/wp-json\/wp\/v2\/pages"}],"about":[{"href":"https:\/\/veranstaltungen.muenchen.de\/mor\/wp-json\/wp\/v2\/types\/page"}],"author":[{"embeddable":true,"href":"https:\/\/veranstaltungen.muenchen.de\/mor\/wp-json\/wp\/v2\/users\/3"}],"replies":[{"embeddable":true,"href":"https:\/\/veranstaltungen.muenchen.de\/mor\/wp-json\/wp\/v2\/comments?post=12"}],"version-history":[{"count":12,"href":"https:\/\/veranstaltungen.muenchen.de\/mor\/wp-json\/wp\/v2\/pages\/12\/revisions"}],"predecessor-version":[{"id":171,"href":"https:\/\/veranstaltungen.muenchen.de\/mor\/wp-json\/wp\/v2\/pages\/12\/revisions\/171"}],"wp:attachment":[{"href":"https:\/\/veranstaltungen.muenchen.de\/mor\/wp-json\/wp\/v2\/media?parent=12"}],"curies":[{"name":"wp","href":"https:\/\/api.w.org\/{rel}","templated":true}]}}