
{"id":10,"date":"2019-11-05T13:58:35","date_gmt":"2019-11-05T12:58:35","guid":{"rendered":"http:\/\/veranstaltungen.muenchen.de\/mor\/?page_id=10"},"modified":"2025-08-20T13:48:06","modified_gmt":"2025-08-20T11:48:06","slug":"willkommen","status":"publish","type":"page","link":"https:\/\/veranstaltungen.muenchen.de\/mor\/","title":{"rendered":"Willkommen"},"content":{"rendered":"\n<h4 class=\"wp-block-heading\"><strong>Anmeldepflichtige Veranstaltungen des Mobilit\u00e4tsreferats<\/strong><\/h4>\n\n\n\n<div style=\"height:20px\" aria-hidden=\"true\" class=\"wp-block-spacer\"><\/div>\n\n\n\n<figure class=\"wp-block-image size-large is-resized\"><img loading=\"lazy\" decoding=\"async\" width=\"1024\" height=\"457\" src=\"https:\/\/veranstaltungen.muenchen.de\/mor\/wp-content\/uploads\/sites\/27\/Mobilitaetsreferat_DobnerAngermann-1024x457.jpg\" alt=\"\" class=\"wp-image-714\" style=\"width:1600px\" srcset=\"https:\/\/veranstaltungen.muenchen.de\/mor\/wp-content\/uploads\/sites\/27\/Mobilitaetsreferat_DobnerAngermann-1024x457.jpg 1024w, https:\/\/veranstaltungen.muenchen.de\/mor\/wp-content\/uploads\/sites\/27\/Mobilitaetsreferat_DobnerAngermann-300x134.jpg 300w, https:\/\/veranstaltungen.muenchen.de\/mor\/wp-content\/uploads\/sites\/27\/Mobilitaetsreferat_DobnerAngermann-768x343.jpg 768w, https:\/\/veranstaltungen.muenchen.de\/mor\/wp-content\/uploads\/sites\/27\/Mobilitaetsreferat_DobnerAngermann-1536x685.jpg 1536w, https:\/\/veranstaltungen.muenchen.de\/mor\/wp-content\/uploads\/sites\/27\/Mobilitaetsreferat_DobnerAngermann.jpg 1600w\" sizes=\"(max-width: 1024px) 100vw, 1024px\" \/><\/figure>\n\n\n\n<div style=\"height:20px\" aria-hidden=\"true\" class=\"wp-block-spacer\"><\/div>\n\n\n\n<p>Wir freuen uns, dass Sie sich f\u00fcr unsere anmeldepflichtigen Angebote interessieren.<\/p>\n\n\n\n<div style=\"height:20px\" aria-hidden=\"true\" class=\"wp-block-spacer\"><\/div>\n\n\n\n<p>Wir bieten verschiedene <a href=\"https:\/\/veranstaltungen.muenchen.de\/mor\/veranstaltungen\/\">Veranstaltungen<\/a> an. Um daran teilnehmen zu k\u00f6nnen, ist eine Anmeldung erforderlich. <\/p>\n\n\n\n<div style=\"height:20px\" aria-hidden=\"true\" class=\"wp-block-spacer\"><\/div>\n\n\n\n<p>Bitte f\u00fcllen Sie unser Anmeldeformular zur gew\u00fcnschten Veranstaltung mit Ihren Kontaktinformationen aus und senden es mit der Schaltfl\u00e4che \u201ezur Veranstaltung anmelden\u201c ab. Sie erhalten umgehend eine E-Mail mit der Best\u00e4tigung Ihrer Buchung.<\/p>\n\n\n\n<div style=\"height:20px\" aria-hidden=\"true\" class=\"wp-block-spacer\"><\/div>\n\n\n\n<p>Falls Sie Fragen haben oder sich von einer bereits gebuchten Veranstaltung wieder abmelden m\u00f6chten, wenden Sie sich bitte per E-Mail an&nbsp;<a href=\"mailto:veranstaltungen.mobilitaetsreferat@muenchen.de\">veranstaltungen.mobilitaetsreferat@muenchen.de<\/a>. Um sich von einer gebuchten Veranstaltung abzumelden, k\u00f6nnen Sie auch den entsprechenden Link in der Buchungs-E-Mail nutzen.<\/p>\n\n\n\n<div style=\"height:50px\" aria-hidden=\"true\" class=\"wp-block-spacer\"><\/div>\n\n\n\n<h4 class=\"wp-block-heading\"><strong>Hinweis zum Datenschutz<\/strong><\/h4>\n\n\n\n<div style=\"height:20px\" aria-hidden=\"true\" class=\"wp-block-spacer\"><\/div>\n\n\n\n<p>Ihre Daten werden ausschlie\u00dflich im Zusammenhang mit der von Ihnen gebuchten Veranstaltung gespeichert und weiterverarbeitet. Ihre Anmeldedaten werden an externe Dienstleister f\u00fcr die weitere Organisation der Veranstaltung weitergeleitet.<\/p>\n\n\n\n<div style=\"height:20px\" aria-hidden=\"true\" class=\"wp-block-spacer\"><\/div>\n\n\n\n<p>Bitte beachten Sie den Hinweis f\u00fcr eine Anmeldung von Minderj\u00e4hrigen (unter 18 Jahren). Die Anmeldung ist nur von einer erziehungsberechtigten Person m\u00f6glich.<\/p>\n\n\n\n<div style=\"height:20px\" aria-hidden=\"true\" class=\"wp-block-spacer\"><\/div>\n\n\n\n<hr class=\"wp-block-separator has-css-opacity\"\/>\n\n\n\n<div style=\"height:20px\" aria-hidden=\"true\" class=\"wp-block-spacer\"><\/div>\n\n\n\n<p>Das Mobilit\u00e4tsreferat bietet neben den anmeldepflichtigen Veranstaltungen auch andere Veranstaltungen an, an denen Sie ohne Anmeldung teilnehmen k\u00f6nnen.<\/p>\n\n\n\n<div style=\"height:20px\" aria-hidden=\"true\" class=\"wp-block-spacer\"><\/div>\n\n\n\n<p>Alle Veranstaltungen finden Sie auf der Webseite von M\u00fcnchen unterwegs.<\/p>\n\n\n\n<div style=\"height:20px\" aria-hidden=\"true\" class=\"wp-block-spacer\"><\/div>\n\n\n\n<div class=\"wp-block-buttons is-layout-flex wp-block-buttons-is-layout-flex\">\n<div class=\"wp-block-button has-custom-width wp-block-button__width-100 is-style-outline is-style-outline--44a55d29acef483599c917757349e86d\"><a class=\"wp-block-button__link has-text-color wp-element-button\" href=\"https:\/\/muenchenunterwegs.de\/termine-und-veranstaltungen\" style=\"border-radius:5px;color:#261ec2\" target=\"_blank\" rel=\"noreferrer noopener\">Veranstaltungen auf M\u00fcnchen unterwegs<\/a><\/div>\n<\/div>\n\n\n\n<p><\/p>\n","protected":false},"excerpt":{"rendered":"<p>Anmeldepflichtige Veranstaltungen des Mobilit\u00e4tsreferats Wir freuen uns, dass Sie sich f\u00fcr unsere anmeldepflichtigen Angebote interessieren. Wir bieten verschiedene Veranstaltungen an. Um daran teilnehmen zu k\u00f6nnen, ist eine Anmeldung erforderlich. Bitte f\u00fcllen Sie unser Anmeldeformular zur gew\u00fcnschten Veranstaltung mit Ihren Kontaktinformationen aus und senden es mit der Schaltfl\u00e4che \u201ezur Veranstaltung anmelden\u201c ab. Sie erhalten umgehend eine [&hellip;]<\/p>\n","protected":false},"author":3,"featured_media":0,"parent":0,"menu_order":0,"comment_status":"closed","ping_status":"closed","template":"","meta":{"footnotes":""},"class_list":["post-10","page","type-page","status-publish","hentry"],"_links":{"self":[{"href":"https:\/\/veranstaltungen.muenchen.de\/mor\/wp-json\/wp\/v2\/pages\/10"}],"collection":[{"href":"https:\/\/veranstaltungen.muenchen.de\/mor\/wp-json\/wp\/v2\/pages"}],"about":[{"href":"https:\/\/veranstaltungen.muenchen.de\/mor\/wp-json\/wp\/v2\/types\/page"}],"author":[{"embeddable":true,"href":"https:\/\/veranstaltungen.muenchen.de\/mor\/wp-json\/wp\/v2\/users\/3"}],"replies":[{"embeddable":true,"href":"https:\/\/veranstaltungen.muenchen.de\/mor\/wp-json\/wp\/v2\/comments?post=10"}],"version-history":[{"count":45,"href":"https:\/\/veranstaltungen.muenchen.de\/mor\/wp-json\/wp\/v2\/pages\/10\/revisions"}],"predecessor-version":[{"id":715,"href":"https:\/\/veranstaltungen.muenchen.de\/mor\/wp-json\/wp\/v2\/pages\/10\/revisions\/715"}],"wp:attachment":[{"href":"https:\/\/veranstaltungen.muenchen.de\/mor\/wp-json\/wp\/v2\/media?parent=10"}],"curies":[{"name":"wp","href":"https:\/\/api.w.org\/{rel}","templated":true}]}}