
{"id":232,"date":"2022-09-14T08:47:27","date_gmt":"2022-09-14T06:47:27","guid":{"rendered":"https:\/\/veranstaltungen.muenchen.de\/lhm\/?page_id=232"},"modified":"2022-09-14T08:47:27","modified_gmt":"2022-09-14T06:47:27","slug":"ob","status":"publish","type":"page","link":"https:\/\/veranstaltungen.muenchen.de\/lhm\/ob\/","title":{"rendered":"OB"},"content":{"rendered":"<div class=\"em em-search has-search-main has-views has-sorting has-advanced advanced-mode-inline advanced-visible has-advanced-trigger one-line em-events-search\" id=\"em-search-1387503647\" data-view=\"list-grouped\">\n\t<form action=\"https:\/\/veranstaltungen.muenchen.de\/lhm\/veranstaltungen\/\" method=\"post\" class=\"em-search-form\" id=\"em-search-form-1387503647\">\n\t\t<input type=\"hidden\" name=\"action\" value=\"search_events\">\n\t\t<input type=\"hidden\" name=\"view_id\" value=\"1387503647\">\n\t\t\t\t\t<div class=\"em-search-main em-search-main-bar\">\n\t\t\t<!-- START General Search -->\n<div class=\"em-search-text em-search-field input \">\n\t<label for=\"em-search-text-1387503647\" class=\"screen-reader-text\">\n\t\tSuche\t<\/label>\n\t<input type=\"text\" name=\"em_search\" class=\"em-search-text\" id=\"em-search-text-1387503647\"  placeholder=\"Suche\" value=\"\">\n    <input type=\"hidden\" name=\"search_place\" value=\"\" \/>\n<\/div>\n<!-- END General Search -->\n<!-- START Date Search -->\r\n<div class=\"em-search-scope em-search-field em-datepicker em-datepicker-range input hide-medium hide-small\" data-separator=\"-\"  data-format=\"d.m.Y\">\r\n\t<label for=\"em-search-scope-1387503647\" class=\"screen-reader-text\">TT.MM.JJJJ-TT.MM.JJJJ<\/label>\r\n\t<input id=\"em-search-scope-1387503647\" type=\"hidden\" class=\"em-date-input em-search-scope\" aria-hidden=\"true\" placeholder=\"TT.MM.JJJJ-TT.MM.JJJJ\">\r\n\t<div class=\"em-datepicker-data\">\r\n\t\t<input type=\"date\" name=\"scope[0]\" value=\"\" aria-label=\"TT.MM.JJJJ-TT.MM.JJJJ\">\r\n\t\t<span class=\"separator\">-<\/span>\r\n\t\t<input type=\"date\" name=\"scope[1]\" value=\"\" aria-label=\"-\">\r\n\t<\/div>\r\n<\/div>\r\n<!-- END Date Search -->\t<div class=\"em-search-advanced-trigger\">\n\t<button type=\"button\" class=\"em-search-advanced-trigger em-clickable em-tooltip\" id=\"em-search-advanced-trigger-1387503647\" data-search-advanced-id=\"em-search-advanced-1387503647\"\n\t        aria-label=\"Erweiterte Suche verbergen\"\n\t        data-label-show=\"Erweiterte Suche anzeigen\"\n\t        data-label-hide=\"Erweiterte Suche verbergen\">\n\t<\/button>\n<\/div><div class=\"em-search-sort\" aria-label=\"Sortieren\">\n\t<div class=\"em-search-sort-trigger\" id=\"em-search-sort-trigger-1387503647\">\n\t\t<button type=\"button\" class=\"em-search-sort-option em-clickable em-search-sort-type-ASC\" data-sort=\"ASC\">Sortieren<\/button>\n\t\t<input name=\"order\" type=\"hidden\" value=\"ASC\">\n\t<\/div>\n<\/div>\t<div class=\"em-search-views\" aria-label=\"Arten ansehen\">\n\t\t\t\t<div class=\"em-search-views-trigger\" data-template=\"em-search-views-options-1387503647\">\n\t\t\t<button type=\"button\" class=\"em-search-view-option em-clickable em-search-view-type-list-grouped\" data-view=\"list-grouped\">Gruppierte Listen<\/button>\n\t\t<\/div>\n\t\t<div class=\"em-search-views-options input\" id=\"em-search-views-options-1387503647\">\n\t\t\t<fieldset class=\"em-search-views-options-list\" id=\"em-search-views-options-select-1387503647\">\n\t\t\t\t<legend class=\"screen-reader-text\">Ansichtstyp der Suchergebnisse<\/legend>\n\t\t\t\t\t\t\t\t\t<label class=\"em-search-view-option em-search-view-type-list \"  data-view=\"list\">\n\t\t\t\t\t\t<input type=\"radio\" name=\"view\" class=\"em-search-view-option em-search-view-type-list\" value=\"list\"  >\n\t\t\t\t\t\tListe\t\t\t\t\t<\/label>\n\t\t\t\t\t\t\t\t\t<label class=\"em-search-view-option em-search-view-type-list-grouped checked\"  data-view=\"list-grouped\">\n\t\t\t\t\t\t<input type=\"radio\" name=\"view\" class=\"em-search-view-option em-search-view-type-list-grouped\" value=\"list-grouped\"  checked>\n\t\t\t\t\t\tGruppierte Listen\t\t\t\t\t<\/label>\n\t\t\t\t\t\t\t\t\t<label class=\"em-search-view-option em-search-view-type-grid \"  data-view=\"grid\">\n\t\t\t\t\t\t<input type=\"radio\" name=\"view\" class=\"em-search-view-option em-search-view-type-grid\" value=\"grid\"  >\n\t\t\t\t\t\tRaster\t\t\t\t\t<\/label>\n\t\t\t\t\t\t\t\t\t<label class=\"em-search-view-option em-search-view-type-calendar \"  data-view=\"calendar\">\n\t\t\t\t\t\t<input type=\"radio\" name=\"view\" class=\"em-search-view-option em-search-view-type-calendar\" value=\"calendar\"  >\n\t\t\t\t\t\tKalender\t\t\t\t\t<\/label>\n\t\t\t\t\t\t\t<\/fieldset>\n\t\t<\/div>\n\t<\/div>\n\t\t<div class=\"em-search-submit input\">\n\t\t<button type=\"submit\" class=\"em-search-submit button-primary\">Suche<\/button>\n\t<\/div>\n\t<\/div>\n\t\t\t\t\t\t\t\t\t\t\t<div class=\"em em-search-advanced em-search-advanced-inline  visible em-events-search-advanced\" id=\"em-search-advanced-1387503647\" data-parent=\"em-search-form-1387503647\" data-view=\"list-grouped\" >\n\t<section class=\"em-search-main em-search-advanced-main-sections\">\n\t<!-- START General Search -->\n<div class=\"em-search-geo em-search-field\">\n                <label>\n                <span class=\"screen-reader-text\">Nahe ...<\/span>\n                <input type=\"text\" class=\"search-place\" name=\"search_place\" list=\"orte\" placeholder=\"Ort, Stra\u00dfe, PLZ o. PLZ-Bereich\">\n  \t\t\t\t\t<datalist id=\"orte\">\n                                                         <option value=\"\"\/>\n                                                                 <option value=\"80331\"\/>\n                                                                 <option value=\"80335 \"\/>\n                                                                 <option value=\"80336 \"\/>\n                                                                 <option value=\"80339\"\/>\n                                                                 <option value=\"80634\"\/>\n                                                                 <option value=\"80689\"\/>\n                                                                 <option value=\"80797\"\/>\n                                                                 <option value=\"80799 \"\/>\n                                                                 <option value=\"80804 \"\/>\n                                                                 <option value=\"81245\"\/>\n                                                                 <option value=\"81377 \"\/>\n                                                                 <option value=\"81379\"\/>\n                                                                 <option value=\"81667 \"\/>\n                                                                 <option value=\"81671\"\/>\n                                                                 <option value=\"81673\"\/>\n                                                                 <option value=\"83043 \"\/>\n                                                                 <option value=\"85560 \"\/>\n                                                                 <option value=\"M\u00fcnchen  \"\/>\n                                                                 <option value=\"Akademie f\u00fcr Pflegeberufe - Die Mitterfelder\"\/>\n                                                                 <option value=\"Akademie f\u00fcr Pflegeberufe Berufsfachschulen f\u00fcr Pflege und Altenpflegehilfe\"\/>\n                                                                 <option value=\"Alte Rathaus in M\u00fcnchen, Eingang beim Durchgang zur Stra\u00dfe \\&quot;Tal\\&quot;\"\/>\n                                                                 <option value=\"Altes M\u00fcnchner Rathaus\"\/>\n                                                                 <option value=\"Altes Rathaus\"\/>\n                                                                 <option value=\"B&amp;O Parkhotel\"\/>\n                                                                 <option value=\"Berufsfachschule f\u00fcr Kinderkrankenpflege M\u00fcnchen\"\/>\n                                                                 <option value=\"Berufsfachschule f\u00fcr Krankenpflegehilfe am Diakoniewerk M\u00fcnchen-Maxvorstadt\"\/>\n                                                                 <option value=\"Berufsfachschule f\u00fcr Pflege der Caritas\"\/>\n                                                                 <option value=\"Berufsfachschule f\u00fcr Pflege M\u00fcnchen, Schwesternschaft M\u00fcnchen vom BRK e.V. Rotkreuzplatz 8 80634 M\u00fcnchen\"\/>\n                                                                 <option value=\"Berufsfachschulen f\u00fcr Pflege und Altenpflegehilfe der Hans-Weinberger-Akademie der AWO e.V.\"\/>\n                                                                 <option value=\"Berufsfachschulen Heimerer GmbH\"\/>\n                                                                 <option value=\"Bildungszentrum f\u00fcr Pflege, Gesundheit und Soziales M\u00fcnchen der GGSD\"\/>\n                                                                 <option value=\"Diakoniewerk M\u00fcnchen-Maxvorstadt Kd\u00f6R\"\/>\n                                                                 <option value=\"Evangelische PflegeAkademie Hilfe im Alter gGmbH  der Inneren Mission M\u00fcnchen\"\/>\n                                                                 <option value=\"Feuerwache 1 - Hauptfeuerwache\"\/>\n                                                                 <option value=\"Feuerwache 2\"\/>\n                                                                 <option value=\"Feuerwache 3 - Westend\"\/>\n                                                                 <option value=\"Feuerwache 4 -Schwabing\"\/>\n                                                                 <option value=\"Feuerwache 5 - Ramersdorf\"\/>\n                                                                 <option value=\"Katholische Stiftungshochschule M\u00fcnchen - Fakult\u00e4t Pflege und Gesundheit\"\/>\n                                                                 <option value=\"Katholische Stiftungshochschule M\u00fcnchen, University of Applied Sciences, Fakult\u00e4t Pflege und Gesundheit\"\/>\n                                                                 <option value=\"kbo-Berufsfachschule f\u00fcr Pflege\"\/>\n                                                                 <option value=\"M\u00fcnchen Klinik Akademie\"\/>\n                                                                 <option value=\"M\u00fcnchner Feuerwehrausstellung\"\/>\n                                                                 <option value=\"M\u00fcnchner Rot Kreuz Akademie  Berufsfachschule f\u00fcr Pflege  des BRK Kreisverband M\u00fcnchen\"\/>\n                                                                 <option value=\"M\u00fcnchner Rotkreuz Akademie\"\/>\n                                                                 <option value=\"Rathaus\"\/>\n                                                                 <option value=\"Rathaus | kleiner Sitzungssaal\"\/>\n                                                                 <option value=\"Saal des Kreisverwaltungsreferats (KVR) im Erdgeschoss\"\/>\n                                                                 <option value=\"Schwesternschaft M\u00fcnchen vom BRK\"\/>\n                                                                 <option value=\"Staatliche Berufsfachschule f\u00fcr Krankenpflegehilfe am Klinikum der Universit\u00e4t M\u00fcnchen, BSZG M\u00fcnchen\"\/>\n                                                                 <option value=\"Staatliche Berufsfachschule f\u00fcr Pflege am Klinikum der Universit\u00e4t M\u00fcnchen, BSZG M\u00fcnchen\"\/>\n                                                                 <option value=\" Dietrich-Bonhoeffer-Str. 31\"\/>\n                                                                 <option value=\"Aidenbachstra\u00dfe 7\"\/>\n                                                                 <option value=\"An der Hauptfeuerwache 8\"\/>\n                                                                 <option value=\"Aschheimer Str. 30\"\/>\n                                                                 <option value=\"Baierbrunner Stra\u00dfe 105\"\/>\n                                                                 <option value=\"Bayerstra\u00dfe 73\"\/>\n                                                                 <option value=\"Boschetsrieder Stra\u00dfe 67\"\/>\n                                                                 <option value=\"Heimeranstra\u00dfe 10\"\/>\n                                                                 <option value=\"Heinz-Goerke-Stra\u00dfe 5 \"\/>\n                                                                 <option value=\"He\u00dfstr. 120\"\/>\n                                                                 <option value=\"He\u00dfstra\u00dfe 22\"\/>\n                                                                 <option value=\"Industriestr. 31\"\/>\n                                                                 <option value=\"Kraepelinstra\u00dfe 18\"\/>\n                                                                 <option value=\"Landwehrstra\u00dfe 66\"\/>\n                                                                 <option value=\"Marienplatz 15\"\/>\n                                                                 <option value=\"Marienplatz 8\"\/>\n                                                                 <option value=\"Mitterfeldstra\u00dfe 20\"\/>\n                                                                 <option value=\"Neumarkter Str. 83\"\/>\n                                                                 <option value=\"Preysingstra\u00dfe 95\"\/>\n                                                                 <option value=\"Ringstra\u00dfe 25\"\/>\n                                                                 <option value=\"Rotkreuzplatz 8\"\/>\n                                                                 <option value=\"Ruppertstra\u00dfe 11\"\/>\n                                                                 <option value=\"Unterer Anger 9\"\/>\n                                                        <\/datalist>\n                <\/input>\n        <\/label>\n<\/div>\n<!-- END General Search -->\n\n<\/section>\n<section class=\"em-search-advanced-sections input  em-search-advanced-style-headings\">\n\t    \t<section class=\"em-search-section-location em-search-advanced-section\">\n\t\t<header>Location Options<\/header>\n\t\t<div class=\"em-search-section-content\">\n\t\t\t<div class=\"em-search-location\" >\r\n\t<input type=\"hidden\" name=\"country\" value=\"\" >\t<div class=\"em-search-location-meta\" >\r\n\t<!-- START City Search -->\r\n<div class=\"em-search-town em-search-field\">\r\n\t<label class=\"screen-reader-text\" for=\"em-search-town-1387503647\">\r\n\t\tOrt\t<\/label>\r\n\t<select name=\"town\" class=\"em-search-town em-selectize\" id=\"em-search-town-1387503647\">\r\n\t\t<option value=''>Alle St\u00e4dte<\/option>\r\n\t\t\t\t\t <option>80331 M\u00fcnchen<\/option>\r\n\t\t\t\t\t\t <option>80337 <\/option>\r\n\t\t\t\t\t\t <option>Bad Aibling<\/option>\r\n\t\t\t\t\t\t <option>Haar<\/option>\r\n\t\t\t\t\t\t <option>M\u00fcnchen<\/option>\r\n\t\t\t\t<\/select>\r\n<\/div>\r\n<!-- END City Search -->\t<\/div>\r\n<\/div>\t\t<\/div>\n\t<\/section>\n    \t\t\t<section class=\"em-search-section-categories em-search-advanced-section\">\n\t\t\t<header>Kategorie<\/header>\t\t\t<div class=\"em-search-section-content\">\n\t\t\t\t<!-- START Category Search -->\r\n<div class=\"em-search-category em-search-field\">\r\n\t<label for=\"em-search-category-1387503647\" class=\"screen-reader-text\">Kategorie<\/label>\r\n\r\n\t<select name=\"category[]\" class=\"em-search-category em-selectize multidropdown checkboxes\" id=\"em-search-category-1387503647\" multiple\r\n\t        data-default=\"Alle Kategorien\"\r\n\t        data-label=\"Kategorie\"\r\n            data-clear-text=\"Clear Selected\"\r\n            data-selected-text=\"%d Selected\"\r\n\t        placeholder=\"Suche Kategorien\">\r\n\t\t\t<option class=\"level-0\" value=\"20\">ABH<\/option>\n\t<option class=\"level-0\" value=\"22\">BD-L-PS<\/option>\n\t<option class=\"level-0\" value=\"24\">Einf\u00fchrung Bezirksausschuss digitale Arbeitsmittel<\/option>\n\t<option class=\"level-0\" value=\"16\">eoGov<\/option>\n\t<option class=\"level-0\" value=\"23\">KVR-BD<\/option>\n\t<option class=\"level-0\" value=\"17\">OB<\/option>\n\t<option class=\"level-0\" value=\"19\">Praxistag Pflege<\/option>\n\t<option class=\"level-0\" value=\"18\">SKA-BDR<\/option>\n\t<option class=\"level-0\" value=\"21\">Team Vielfalt<\/option>\n\t<\/select>\r\n<\/div>\r\n<!-- END Category Search -->\t\t\t<\/div>\n\t\t<\/section>\n\t\t    <\/section>\t\t<footer class=\"em-submit-section em-search-submit input\">\n\t\t\t\t\t\t<div>\n\t\t\t<button type=\"reset\" class=\"button-secondary\">Alles l\u00f6schen<\/button>\n\t\t<\/div>\n\t\t<div>\n\t\t\t<button type=\"submit\" class=\"em-search-submit button-primary\">Suche<\/button>\n\t\t<\/div>\n\t\t\t<\/footer>\n\t<\/div>\t\t\t\t\t\t\t\t<\/form>\n<\/div>\n\n\t<div class='em em-view-container has-search-main has-views has-sorting has-advanced advanced-mode-inline advanced-visible has-advanced-trigger one-line em-events-search' id=\"em-view-1387503647\" data-view=\"list-grouped\"><\/div>\n\n\n\n<div class=\"em em-view-container\" id=\"em-view-1045970644\" data-view=\"list-grouped\">\r\n\t<div class=\"em em-list em-events-list em-events-list-grouped\" id=\"em-events-list-grouped-1045970644\">\r\n\tKeine  Veranstaltungen\t<\/div>\r\n<\/div>\n","protected":false},"excerpt":{"rendered":"","protected":false},"author":3,"featured_media":0,"parent":0,"menu_order":0,"comment_status":"closed","ping_status":"closed","template":"","meta":{"footnotes":""},"class_list":["post-232","page","type-page","status-publish","hentry"],"_links":{"self":[{"href":"https:\/\/veranstaltungen.muenchen.de\/lhm\/wp-json\/wp\/v2\/pages\/232"}],"collection":[{"href":"https:\/\/veranstaltungen.muenchen.de\/lhm\/wp-json\/wp\/v2\/pages"}],"about":[{"href":"https:\/\/veranstaltungen.muenchen.de\/lhm\/wp-json\/wp\/v2\/types\/page"}],"author":[{"embeddable":true,"href":"https:\/\/veranstaltungen.muenchen.de\/lhm\/wp-json\/wp\/v2\/users\/3"}],"replies":[{"embeddable":true,"href":"https:\/\/veranstaltungen.muenchen.de\/lhm\/wp-json\/wp\/v2\/comments?post=232"}],"version-history":[{"count":1,"href":"https:\/\/veranstaltungen.muenchen.de\/lhm\/wp-json\/wp\/v2\/pages\/232\/revisions"}],"predecessor-version":[{"id":233,"href":"https:\/\/veranstaltungen.muenchen.de\/lhm\/wp-json\/wp\/v2\/pages\/232\/revisions\/233"}],"wp:attachment":[{"href":"https:\/\/veranstaltungen.muenchen.de\/lhm\/wp-json\/wp\/v2\/media?parent=232"}],"curies":[{"name":"wp","href":"https:\/\/api.w.org\/{rel}","templated":true}]}}