
{"id":6,"date":"2016-08-24T14:56:18","date_gmt":"2016-08-24T12:56:18","guid":{"rendered":"https:\/\/veranstaltungen.muenchen.de\/kvr-wahl\/?page_id=6"},"modified":"2026-01-15T15:42:56","modified_gmt":"2026-01-15T14:42:56","slug":"kategorien","status":"publish","type":"page","link":"https:\/\/veranstaltungen.muenchen.de\/kvr\/willkommen\/kategorien\/","title":{"rendered":"Schulungsreihen"},"content":{"rendered":"<h2>Briefwahlbezirk mit digitaler Unterst\u00fctzung der Ausz\u00e4hlung<\/h2>\n<p>Diese Schulungen sind f\u00fcr Personen, die in einem Briefwahlbezirk eingesetzt sind, f\u00fcr den eine digitale Unterst\u00fctzung der Ausz\u00e4hlung vorgesehen ist. <\/p>\n<p>CONTENTS<\/p>\n\n\n<p><\/p>\n","protected":false},"excerpt":{"rendered":"<p>Briefwahlbezirk mit digitaler Unterst\u00fctzung der Ausz\u00e4hlung Diese Schulungen sind f\u00fcr Personen, die in einem Briefwahlbezirk eingesetzt sind, f\u00fcr den eine digitale Unterst\u00fctzung der Ausz\u00e4hlung vorgesehen ist. CONTENTS<\/p>\n","protected":false},"author":4799,"featured_media":0,"parent":2,"menu_order":0,"comment_status":"closed","ping_status":"closed","template":"","meta":{"footnotes":""},"class_list":["post-6","page","type-page","status-publish","hentry"],"_links":{"self":[{"href":"https:\/\/veranstaltungen.muenchen.de\/kvr\/wp-json\/wp\/v2\/pages\/6"}],"collection":[{"href":"https:\/\/veranstaltungen.muenchen.de\/kvr\/wp-json\/wp\/v2\/pages"}],"about":[{"href":"https:\/\/veranstaltungen.muenchen.de\/kvr\/wp-json\/wp\/v2\/types\/page"}],"author":[{"embeddable":true,"href":"https:\/\/veranstaltungen.muenchen.de\/kvr\/wp-json\/wp\/v2\/users\/4799"}],"replies":[{"embeddable":true,"href":"https:\/\/veranstaltungen.muenchen.de\/kvr\/wp-json\/wp\/v2\/comments?post=6"}],"version-history":[{"count":35,"href":"https:\/\/veranstaltungen.muenchen.de\/kvr\/wp-json\/wp\/v2\/pages\/6\/revisions"}],"predecessor-version":[{"id":6733,"href":"https:\/\/veranstaltungen.muenchen.de\/kvr\/wp-json\/wp\/v2\/pages\/6\/revisions\/6733"}],"up":[{"embeddable":true,"href":"https:\/\/veranstaltungen.muenchen.de\/kvr\/wp-json\/wp\/v2\/pages\/2"}],"wp:attachment":[{"href":"https:\/\/veranstaltungen.muenchen.de\/kvr\/wp-json\/wp\/v2\/media?parent=6"}],"curies":[{"name":"wp","href":"https:\/\/api.w.org\/{rel}","templated":true}]}}