
{"id":5,"date":"2016-08-24T14:56:18","date_gmt":"2016-08-24T12:56:18","guid":{"rendered":"https:\/\/veranstaltungen.muenchen.de\/kvr-wahl\/?page_id=5"},"modified":"2026-01-19T11:33:09","modified_gmt":"2026-01-19T10:33:09","slug":"veranstaltungsorte","status":"publish","type":"page","link":"https:\/\/veranstaltungen.muenchen.de\/kvr\/willkommen\/veranstaltungsorte\/","title":{"rendered":"Schulungsorte"},"content":{"rendered":"<p>Hier k\u00f6nnen Sie einen Schulungsort ausw\u00e4hlen.<\/p>\n<p>Zur Anreise zu den Schulungen nutzen Sie bitte die <strong>\u00f6ffentlichen Verkehrsmittel<\/strong>, weil die Parkplatzsituation vor Ort oft schwierig ist.<\/p>\n<p>Fahrtkosten und Parkgeb\u00fchren k\u00f6nnen nicht erstattet werden.<\/p>\n<p>CONTENTS<\/p>\n\n\n<p><\/p>\n","protected":false},"excerpt":{"rendered":"<p>Hier k\u00f6nnen Sie einen Schulungsort ausw\u00e4hlen. Zur Anreise zu den Schulungen nutzen Sie bitte die \u00f6ffentlichen Verkehrsmittel, weil die Parkplatzsituation vor Ort oft schwierig ist. Fahrtkosten und Parkgeb\u00fchren k\u00f6nnen nicht erstattet werden. CONTENTS<\/p>\n","protected":false},"author":4799,"featured_media":0,"parent":2,"menu_order":0,"comment_status":"closed","ping_status":"closed","template":"","meta":{"footnotes":""},"class_list":["post-5","page","type-page","status-publish","hentry"],"_links":{"self":[{"href":"https:\/\/veranstaltungen.muenchen.de\/kvr\/wp-json\/wp\/v2\/pages\/5"}],"collection":[{"href":"https:\/\/veranstaltungen.muenchen.de\/kvr\/wp-json\/wp\/v2\/pages"}],"about":[{"href":"https:\/\/veranstaltungen.muenchen.de\/kvr\/wp-json\/wp\/v2\/types\/page"}],"author":[{"embeddable":true,"href":"https:\/\/veranstaltungen.muenchen.de\/kvr\/wp-json\/wp\/v2\/users\/4799"}],"replies":[{"embeddable":true,"href":"https:\/\/veranstaltungen.muenchen.de\/kvr\/wp-json\/wp\/v2\/comments?post=5"}],"version-history":[{"count":16,"href":"https:\/\/veranstaltungen.muenchen.de\/kvr\/wp-json\/wp\/v2\/pages\/5\/revisions"}],"predecessor-version":[{"id":6779,"href":"https:\/\/veranstaltungen.muenchen.de\/kvr\/wp-json\/wp\/v2\/pages\/5\/revisions\/6779"}],"up":[{"embeddable":true,"href":"https:\/\/veranstaltungen.muenchen.de\/kvr\/wp-json\/wp\/v2\/pages\/2"}],"wp:attachment":[{"href":"https:\/\/veranstaltungen.muenchen.de\/kvr\/wp-json\/wp\/v2\/media?parent=5"}],"curies":[{"name":"wp","href":"https:\/\/api.w.org\/{rel}","templated":true}]}}