
{"id":2,"date":"2016-08-24T14:55:18","date_gmt":"2016-08-24T12:55:18","guid":{"rendered":"https:\/\/veranstaltungen.muenchen.de\/kvr-wahl\/?page_id=2"},"modified":"2026-01-29T09:09:35","modified_gmt":"2026-01-29T08:09:35","slug":"willkommen","status":"publish","type":"page","link":"https:\/\/veranstaltungen.muenchen.de\/kvr\/","title":{"rendered":"Herzlich willkommen"},"content":{"rendered":"<p>Diese Schulungen sind ausschlie\u00dflich f\u00fcr Wahlhelfende in Briefwahlbezirken, <br \/>die bei den Kommunalwahlen 2026 erstmalig eine digitale Unterst\u00fctzung bei der Ausz\u00e4hlung haben werden.<\/p>\n<p>Alle Informationen dazu stehen in Ihrem Berufungsschreiben und erhalten Sie in der Schulung.<\/p>\n<p>&nbsp;<\/p>\n<p><strong>Sie k\u00f6nnen sich nur mit der richtigen WOS-ID aus Ihrem Berufungsschreiben anmelden.<\/strong> <br \/>Wenn Sie keine WOS-ID in Ihrem Berufungsschreiben erhalten haben, dann melden Sie sich bitte \u00fcber das <a href=\"https:\/\/wahlhelfendenportal.muenchen.de\/whp\">WahlhelferPortal<\/a> zur Schulung an.<\/p>\n<p>&nbsp;<\/p>\n<p>Sie finden<strong> <a href=\"https:\/\/veranstaltungen.muenchen.de\/kvr\/veranstaltungen\/\">hier<\/a> <\/strong>das aktuelle Schulungsangebot f\u00fcr die speziellen Schulungen zur digitalen Stimmzettelerfassung bei der Briefwahl.\u00a0<\/p>\n<p>&nbsp;<\/p>\n<p>Die Schulungsunterlagen erhalten Sie ausgedruckt vor Ort von uns in den Schulungen.\u00a0<\/p>\n<p>&nbsp;<\/p>\n<p>Wenn Sie Fragen haben oder sich von einer Schulung wieder abmelden m\u00f6chten, schreiben Sie uns bitte eine E-Mail an\u00a0<a href=\"mailto:schulungen-wahl.kvr@muenchen.de\">schulungen-wahl.kvr@muenchen.de<\/a>\u00a0<br \/>oder rufen Sie uns an unter 089 \u2013 233 96233.<\/p>\n<p>&nbsp;<\/p>\n<p>Hinweis zum Datenschutz:<br \/>Wir speichern und verarbeiten Ihre Daten ausschlie\u00dflich im Zusammenhang mit der von Ihnen gebuchten Schulung.\u00a0<\/p>\n\n\n<p><\/p>\n","protected":false},"excerpt":{"rendered":"<p>Diese Schulungen sind ausschlie\u00dflich f\u00fcr Wahlhelfende in Briefwahlbezirken, die bei den Kommunalwahlen 2026 erstmalig eine digitale Unterst\u00fctzung bei der Ausz\u00e4hlung haben werden. Alle Informationen dazu stehen in Ihrem Berufungsschreiben und erhalten Sie in der Schulung. &nbsp; Sie k\u00f6nnen sich nur mit der richtigen WOS-ID aus Ihrem Berufungsschreiben anmelden. Wenn Sie keine WOS-ID in Ihrem Berufungsschreiben [&hellip;]<\/p>\n","protected":false},"author":4799,"featured_media":0,"parent":0,"menu_order":0,"comment_status":"closed","ping_status":"closed","template":"","meta":{"footnotes":""},"class_list":["post-2","page","type-page","status-publish","hentry"],"_links":{"self":[{"href":"https:\/\/veranstaltungen.muenchen.de\/kvr\/wp-json\/wp\/v2\/pages\/2"}],"collection":[{"href":"https:\/\/veranstaltungen.muenchen.de\/kvr\/wp-json\/wp\/v2\/pages"}],"about":[{"href":"https:\/\/veranstaltungen.muenchen.de\/kvr\/wp-json\/wp\/v2\/types\/page"}],"author":[{"embeddable":true,"href":"https:\/\/veranstaltungen.muenchen.de\/kvr\/wp-json\/wp\/v2\/users\/4799"}],"replies":[{"embeddable":true,"href":"https:\/\/veranstaltungen.muenchen.de\/kvr\/wp-json\/wp\/v2\/comments?post=2"}],"version-history":[{"count":149,"href":"https:\/\/veranstaltungen.muenchen.de\/kvr\/wp-json\/wp\/v2\/pages\/2\/revisions"}],"predecessor-version":[{"id":6856,"href":"https:\/\/veranstaltungen.muenchen.de\/kvr\/wp-json\/wp\/v2\/pages\/2\/revisions\/6856"}],"wp:attachment":[{"href":"https:\/\/veranstaltungen.muenchen.de\/kvr\/wp-json\/wp\/v2\/media?parent=2"}],"curies":[{"name":"wp","href":"https:\/\/api.w.org\/{rel}","templated":true}]}}