
{"id":190,"date":"2016-11-02T15:23:44","date_gmt":"2016-11-02T14:23:44","guid":{"rendered":"https:\/\/veranstaltungen.muenchen.de\/kvr-wahl\/?page_id=190"},"modified":"2026-04-28T11:31:15","modified_gmt":"2026-04-28T09:31:15","slug":"impressum","status":"publish","type":"page","link":"https:\/\/veranstaltungen.muenchen.de\/kvr\/impressum\/","title":{"rendered":"Impressum"},"content":{"rendered":"<table style=\"width: 100%;\">\n<tbody>\n<tr>\n<td style=\"width: 50%;\"><strong>Landeshauptstadt M\u00fcnchen<\/strong><\/td>\n<td style=\"width: 50%;\"><strong>Kreisverwaltungsreferat<\/strong><\/td>\n<\/tr>\n<tr>\n<td>Oberb\u00fcrgermeister Dominik Krause<\/td>\n<td>Kreisverwaltungsreferentin Dr. Hanna Samm\u00fcller<\/td>\n<\/tr>\n<tr>\n<td>Postfach<\/td>\n<td>Rupperstra\u00dfe 11<\/td>\n<\/tr>\n<tr>\n<td>80313 M\u00fcnchen<\/td>\n<td>81337 M\u00fcnchen<\/td>\n<\/tr>\n<\/tbody>\n<\/table>\n<p>E-Mail: <a href=\"mailto:schulungen-wahl.kvr@muenchen.de\">schulungen-wahl.kvr@muenchen.de<\/a><\/p>\n<p>K\u00f6rperschaft des \u00f6ffentlichen Rechts<\/p>\n<p>Umsatzsteuer-Identifikationsnummer DE 129 524 000<\/p>\n<p>Zust\u00e4ndige Aufsichtsbeh\u00f6rde: Regierung von Oberbayern<\/p>\n<p>Es gelten <a href=\"http:\/\/www.muenchen.de\/rathaus\/Kontakt\/Impressum.html\" target=\"_blank\" rel=\"noopener\">Impressum und Rechtshinweise der Landeshauptstadt M\u00fcnchen<\/a>.<\/p>\n","protected":false},"excerpt":{"rendered":"<p>Landeshauptstadt M\u00fcnchen Kreisverwaltungsreferat Oberb\u00fcrgermeister Dominik Krause Kreisverwaltungsreferentin Dr. Hanna Samm\u00fcller Postfach Rupperstra\u00dfe 11 80313 M\u00fcnchen 81337 M\u00fcnchen E-Mail: schulungen-wahl.kvr@muenchen.de K\u00f6rperschaft des \u00f6ffentlichen Rechts Umsatzsteuer-Identifikationsnummer DE 129 524 000 Zust\u00e4ndige Aufsichtsbeh\u00f6rde: Regierung von Oberbayern Es gelten Impressum und Rechtshinweise der Landeshauptstadt M\u00fcnchen.<\/p>\n","protected":false},"author":5,"featured_media":0,"parent":0,"menu_order":0,"comment_status":"closed","ping_status":"closed","template":"","meta":{"footnotes":""},"class_list":["post-190","page","type-page","status-publish","hentry"],"_links":{"self":[{"href":"https:\/\/veranstaltungen.muenchen.de\/kvr\/wp-json\/wp\/v2\/pages\/190"}],"collection":[{"href":"https:\/\/veranstaltungen.muenchen.de\/kvr\/wp-json\/wp\/v2\/pages"}],"about":[{"href":"https:\/\/veranstaltungen.muenchen.de\/kvr\/wp-json\/wp\/v2\/types\/page"}],"author":[{"embeddable":true,"href":"https:\/\/veranstaltungen.muenchen.de\/kvr\/wp-json\/wp\/v2\/users\/5"}],"replies":[{"embeddable":true,"href":"https:\/\/veranstaltungen.muenchen.de\/kvr\/wp-json\/wp\/v2\/comments?post=190"}],"version-history":[{"count":12,"href":"https:\/\/veranstaltungen.muenchen.de\/kvr\/wp-json\/wp\/v2\/pages\/190\/revisions"}],"predecessor-version":[{"id":6863,"href":"https:\/\/veranstaltungen.muenchen.de\/kvr\/wp-json\/wp\/v2\/pages\/190\/revisions\/6863"}],"wp:attachment":[{"href":"https:\/\/veranstaltungen.muenchen.de\/kvr\/wp-json\/wp\/v2\/media?parent=190"}],"curies":[{"name":"wp","href":"https:\/\/api.w.org\/{rel}","templated":true}]}}