
{"id":12,"date":"2019-11-05T14:02:40","date_gmt":"2019-11-05T13:02:40","guid":{"rendered":"http:\/\/veranstaltungen.muenchen.de\/kult\/?page_id=12"},"modified":"2021-11-22T14:46:11","modified_gmt":"2021-11-22T13:46:11","slug":"impressum","status":"publish","type":"page","link":"https:\/\/veranstaltungen.muenchen.de\/kult\/impressum\/","title":{"rendered":"Impressum und Rechtshinweise"},"content":{"rendered":"\n<div class=\"wp-block-columns is-layout-flex wp-container-core-columns-is-layout-1 wp-block-columns-is-layout-flex\">\n<div class=\"wp-block-column is-layout-flow wp-block-column-is-layout-flow\">\n<p><strong>Landeshauptstadt M\u00fcnchen<\/strong><br>Oberb\u00fcrgermeister Dieter Reiter<\/p>\n\n\n\n<p>80313 M\u00fcnchen<\/p>\n<\/div>\n\n\n\n<div class=\"wp-block-column is-layout-flow wp-block-column-is-layout-flow\">\n<p><strong>Kulturreferat <\/strong><br><strong>der Landeshauptstadt M\u00fcnchen<\/strong><\/p>\n\n\n\n<p>Burgstra\u00dfe 4<br>80331 M\u00fcnchen<\/p>\n<\/div>\n<\/div>\n\n\n\n<p>K\u00f6rperschaft des \u00f6ffentlichen Rechts<\/p>\n\n\n\n<p>Umsatzsteuer-Identifikationsnummer DE 129 524 000<\/p>\n\n\n\n<p>Zust\u00e4ndige Aufsichtsbeh\u00f6rde: Regierung von Oberbayern<\/p>\n\n\n\n<p>Es gelten <a rel=\"noreferrer noopener\" href=\"http:\/\/www.muenchen.de\/rathaus\/Kontakt\/Impressum.html\" target=\"_blank\">Impressum und Rechtshinweise der Landeshauptstadt M\u00fcnchen<\/a>.<\/p>\n","protected":false},"excerpt":{"rendered":"<p>Landeshauptstadt M\u00fcnchenOberb\u00fcrgermeister Dieter Reiter 80313 M\u00fcnchen Kulturreferat der Landeshauptstadt M\u00fcnchen Burgstra\u00dfe 480331 M\u00fcnchen K\u00f6rperschaft des \u00f6ffentlichen Rechts Umsatzsteuer-Identifikationsnummer DE 129 524 000 Zust\u00e4ndige Aufsichtsbeh\u00f6rde: Regierung von Oberbayern Es gelten Impressum und Rechtshinweise der Landeshauptstadt M\u00fcnchen.<\/p>\n","protected":false},"author":3,"featured_media":0,"parent":0,"menu_order":0,"comment_status":"closed","ping_status":"closed","template":"","meta":{"footnotes":""},"class_list":["post-12","page","type-page","status-publish","hentry"],"_links":{"self":[{"href":"https:\/\/veranstaltungen.muenchen.de\/kult\/wp-json\/wp\/v2\/pages\/12"}],"collection":[{"href":"https:\/\/veranstaltungen.muenchen.de\/kult\/wp-json\/wp\/v2\/pages"}],"about":[{"href":"https:\/\/veranstaltungen.muenchen.de\/kult\/wp-json\/wp\/v2\/types\/page"}],"author":[{"embeddable":true,"href":"https:\/\/veranstaltungen.muenchen.de\/kult\/wp-json\/wp\/v2\/users\/3"}],"replies":[{"embeddable":true,"href":"https:\/\/veranstaltungen.muenchen.de\/kult\/wp-json\/wp\/v2\/comments?post=12"}],"version-history":[{"count":16,"href":"https:\/\/veranstaltungen.muenchen.de\/kult\/wp-json\/wp\/v2\/pages\/12\/revisions"}],"predecessor-version":[{"id":210,"href":"https:\/\/veranstaltungen.muenchen.de\/kult\/wp-json\/wp\/v2\/pages\/12\/revisions\/210"}],"wp:attachment":[{"href":"https:\/\/veranstaltungen.muenchen.de\/kult\/wp-json\/wp\/v2\/media?parent=12"}],"curies":[{"name":"wp","href":"https:\/\/api.w.org\/{rel}","templated":true}]}}