
{"id":17,"date":"2020-02-14T14:56:12","date_gmt":"2020-02-14T13:56:12","guid":{"rendered":"http:\/\/test78.muenchen.de\/kr\/?page_id=17"},"modified":"2020-11-25T16:36:23","modified_gmt":"2020-11-25T15:36:23","slug":"impressum","status":"publish","type":"page","link":"https:\/\/veranstaltungen.muenchen.de\/kr\/impressum\/","title":{"rendered":"Impressum und Rechtshinweise"},"content":{"rendered":"\n<p><strong>Landshauptstadt M\u00fcnchen<\/strong><br>Kommunalreferat<br>Kristina Frank<br>Denisstra\u00dfe 2<br>80335 M\u00fcnchen<\/p>\n\n\n\n<p>Email: bdr.kom@muenchen.d<\/p>\n\n\n\n<p>K\u00f6rperschaft des \u00f6ffentlichen Rechts<\/p>\n\n\n\n<p>Umsatzsteuer-Identifikationsnummer DE 129 524 000<\/p>\n\n\n\n<p>Zust\u00e4ndige Aufsichtsbeh\u00f6rde: Regierung von Oberbayern<\/p>\n\n\n\n<p>Es gelten Impressum und Rechtshinweise der Landeshauptstadt M\u00fcnchen.<\/p>\n","protected":false},"excerpt":{"rendered":"<p>Landshauptstadt M\u00fcnchenKommunalreferatKristina FrankDenisstra\u00dfe 280335 M\u00fcnchen Email: bdr.kom@muenchen.d K\u00f6rperschaft des \u00f6ffentlichen Rechts Umsatzsteuer-Identifikationsnummer DE 129 524 000 Zust\u00e4ndige Aufsichtsbeh\u00f6rde: Regierung von Oberbayern Es gelten Impressum und Rechtshinweise der Landeshauptstadt M\u00fcnchen.<\/p>\n","protected":false},"author":3,"featured_media":0,"parent":0,"menu_order":0,"comment_status":"closed","ping_status":"closed","template":"","meta":{"footnotes":""},"class_list":["post-17","page","type-page","status-publish","hentry"],"_links":{"self":[{"href":"https:\/\/veranstaltungen.muenchen.de\/kr\/wp-json\/wp\/v2\/pages\/17"}],"collection":[{"href":"https:\/\/veranstaltungen.muenchen.de\/kr\/wp-json\/wp\/v2\/pages"}],"about":[{"href":"https:\/\/veranstaltungen.muenchen.de\/kr\/wp-json\/wp\/v2\/types\/page"}],"author":[{"embeddable":true,"href":"https:\/\/veranstaltungen.muenchen.de\/kr\/wp-json\/wp\/v2\/users\/3"}],"replies":[{"embeddable":true,"href":"https:\/\/veranstaltungen.muenchen.de\/kr\/wp-json\/wp\/v2\/comments?post=17"}],"version-history":[{"count":17,"href":"https:\/\/veranstaltungen.muenchen.de\/kr\/wp-json\/wp\/v2\/pages\/17\/revisions"}],"predecessor-version":[{"id":125,"href":"https:\/\/veranstaltungen.muenchen.de\/kr\/wp-json\/wp\/v2\/pages\/17\/revisions\/125"}],"wp:attachment":[{"href":"https:\/\/veranstaltungen.muenchen.de\/kr\/wp-json\/wp\/v2\/media?parent=17"}],"curies":[{"name":"wp","href":"https:\/\/api.w.org\/{rel}","templated":true}]}}