
{"id":660,"date":"2025-09-25T10:15:02","date_gmt":"2025-09-25T08:15:02","guid":{"rendered":"https:\/\/veranstaltungen.muenchen.de\/kindertagespflege\/?page_id=660"},"modified":"2026-04-21T15:26:30","modified_gmt":"2026-04-21T13:26:30","slug":"qualifizierungsprogramm","status":"publish","type":"page","link":"https:\/\/veranstaltungen.muenchen.de\/kindertagespflege\/qualifizierungsprogramm\/","title":{"rendered":"Qualifizierungsprogramm"},"content":{"rendered":"\n<p>M\u00f6chten Sie Kinder in ihrer Entwicklung begleiten und f\u00f6rdern? Haben Sie Interesse daran, eine qualifizierte Kindertagespflegeperson zu werden? Dabei sind Offenheit, die Bereitschaft zur Selbstreflexion und zur pers\u00f6nlichen Weiterentwicklung besonders wichtig \u2013 genauso wie die Freude daran, Kinder auf ihrem Weg zu begleiten.<br><\/p>\n\n\n\n<p>Unsere Qualifizierungsangebote bereiten Sie umfassend auf diese verantwortungsvolle und erf\u00fcllende Aufgabe vor.<\/p>\n\n\n\n<hr class=\"wp-block-separator has-alpha-channel-opacity\"\/>\n\n\n\n<p>Als grundlegende Voraussetzung brauchen Sie<\/p>\n\n\n\n<ul class=\"wp-block-list\">\n<li>einen Mittelschulabschluss<\/li>\n\n\n\n<li>gute Deutschkenntnisse (mindestens B2 Level)<\/li>\n<\/ul>\n\n\n\n<p><\/p>\n\n\n\n<hr class=\"wp-block-separator has-alpha-channel-opacity\"\/>\n\n\n\n<p>Vor der Anmeldung zur Qualifizierung ist der Besuch einer Informationsveranstaltung notwendig.<\/p>\n\n\n\n<p>Die Termine finden Sie auf der Internetseite <strong>muenchen.de\/kindertagespflege<\/strong><\/p>\n\n\n\n<p><\/p>\n\n\n\n<p><\/p>\n\n\n\n<p>In der Informationsveranstaltung erfahren Sie die weiteren Schritte. In pers\u00f6nlichen Gespr\u00e4chen mit ihrer zust\u00e4ndigen Fachkraft und \/ oder beim Hausbesuch werden die weiteren Voraussetzungen gekl\u00e4rt.<\/p>\n\n\n\n<p><\/p>\n\n\n\n<p><\/p>\n\n\n\n<h2 class=\"wp-block-heading\"><a href=\"https:\/\/veranstaltungen.muenchen.de\/kindertagespflege\/veranstaltungsreihen\/qualifizierungsprogramm\/taetigkeitsbegleitende-qualifizierung-qhb\/\" data-type=\"link\" data-id=\"https:\/\/veranstaltungen.muenchen.de\/kindertagespflege\/veranstaltungsreihen\/fortbildungsprogramm\/\">T\u00e4tigkeitsbegleitende Qualifizierung (QHB)<\/a><\/h2>\n\n\n\n<ul class=\"wp-block-list\">\n<li><a href=\"https:\/\/veranstaltungen.muenchen.de\/kindertagespflege\/veranstaltungsreihen\/qualifizierungsprogramm\/taetigkeitsbegleitende-qualifizierung-qhb\/anmeldeverfahren-fuer-die-taetigkeitsbegleitende-qualifizierung-bei-der-evangelischen-familienbildungsstaette-elly-heuss-knapp-ggmbh\/\" data-type=\"link\" data-id=\"https:\/\/veranstaltungen.muenchen.de\/kindertagespflege\/veranstaltungsreihen\/fortbildungsprogramm\/fortbildung-in-praesenz\/berufsbild-management\/\">Anmeldeverfahren f\u00fcr die T\u00e4tigkeitsbegleitende Qualifizierung bei der Evangelischen FamilienBildungsst\u00e4tte \u201eElly Heuss-Knapp\u201c gGmbH<\/a><\/li>\n\n\n\n<li><a href=\"https:\/\/veranstaltungen.muenchen.de\/kindertagespflege\/veranstaltungsreihen\/qualifizierungsprogramm\/taetigkeitsbegleitende-qualifizierung-qhb\/anmeldeverfahren-fuer-die-taetigkeitsbegleitende-qualifizierung-bei-der-muenchner-volkshochschule-gmbh-mvhs\/\" data-type=\"link\" data-id=\"https:\/\/veranstaltungen.muenchen.de\/kindertagespflege\/veranstaltungsreihen\/fortbildungsprogramm\/fortbildung-in-praesenz\/bildung-sinneserfahrung\/\">Anmeldeverfahren f\u00fcr die T\u00e4tigkeitsbegleitende Qualifizierung bei der M\u00fcnchner Volkshochschule GmbH (MVHS)<\/a><\/li>\n\n\n\n<li><a href=\"https:\/\/veranstaltungen.muenchen.de\/kindertagespflege\/veranstaltungsreihen\/qualifizierungsprogramm\/taetigkeitsbegleitende-qualifizierung-qhb\/anmeldeverfahren-fuer-die-taetigkeitsbegleitende-qualifizierung-bei-der-pme-familienservice-gmbh\/\" data-type=\"link\" data-id=\"https:\/\/veranstaltungen.muenchen.de\/kindertagespflege\/veranstaltungsreihen\/fortbildungsprogramm\/fortbildung-in-praesenz\/gesundheit-sicherheit\/\">Anmeldeverfahren f\u00fcr die T\u00e4tigkeitsbegleitende Qualifizierung bei der pme Familienservice GmbH<\/a><\/li>\n<\/ul>\n\n\n\n<h2 class=\"wp-block-heading\"><a href=\"https:\/\/veranstaltungen.muenchen.de\/kindertagespflege\/veranstaltungsreihen\/qualifizierungsprogramm\/taetigkeitsvorbereitende-qualifizierung\/\" data-type=\"link\" data-id=\"https:\/\/veranstaltungen.muenchen.de\/kindertagespflege\/veranstaltungsreihen\/qualifizierungsprogramm\/taetigkeitsvorbereitende-qualifizierung\/\">T\u00e4tigkeitsvorbereitende Qualifizierung (QHB)<\/a><\/h2>\n\n\n\n<ul class=\"wp-block-list\">\n<li><a href=\"https:\/\/veranstaltungen.muenchen.de\/kindertagespflege\/veranstaltungsreihen\/qualifizierungsprogramm\/taetigkeitsvorbereitende-qualifizierung\/anmeldeverfahren-fuer-die-taetigkeitsvorbereitende-qualifizierung-bei-der-evangelischen-familienbildungsstaette-elly-heuss-knapp-ggmbh\/\" data-type=\"link\" data-id=\"https:\/\/veranstaltungen.muenchen.de\/kindertagespflege\/veranstaltungsreihen\/fortbildungsprogramm\/fortbildung-in-praesenz\/berufsbild-management\/\">Anmeldeverfahren f\u00fcr die T\u00e4tigkeitsvorbereitende Qualifizierung bei der Evangelischen Familien\u00adBildungsst\u00e4tte \u201eElly Heuss-Knapp\u201c gGmbH<\/a><\/li>\n\n\n\n<li><a href=\"https:\/\/veranstaltungen.muenchen.de\/kindertagespflege\/veranstaltungsreihen\/qualifizierungsprogramm\/taetigkeitsvorbereitende-qualifizierung\/anmeldeverfahren-fuer-die-taetigkeitsvorbereitende-qualifizierung-bei-der-pme-familienservice-gmbh\/\" data-type=\"link\" data-id=\"https:\/\/veranstaltungen.muenchen.de\/kindertagespflege\/veranstaltungsreihen\/fortbildungsprogramm\/fortbildung-in-praesenz\/bildung-sinneserfahrung\/\">Anmeldeverfahren f\u00fcr die T\u00e4tigkeitsvorbereitende Qualifizierung bei der pme Familienservice GmbH<\/a><\/li>\n<\/ul>\n\n\n\n<p><br><\/p>\n","protected":false},"excerpt":{"rendered":"<p>M\u00f6chten Sie Kinder in ihrer Entwicklung begleiten und f\u00f6rdern? Haben Sie Interesse daran, eine qualifizierte Kindertagespflegeperson zu werden? Dabei sind Offenheit, die Bereitschaft zur Selbstreflexion und zur pers\u00f6nlichen Weiterentwicklung besonders wichtig \u2013 genauso wie die Freude daran, Kinder auf ihrem Weg zu begleiten. Unsere Qualifizierungsangebote bereiten Sie umfassend auf diese verantwortungsvolle und erf\u00fcllende Aufgabe vor. [&hellip;]<\/p>\n","protected":false},"author":4957,"featured_media":0,"parent":0,"menu_order":0,"comment_status":"closed","ping_status":"closed","template":"","meta":{"footnotes":""},"class_list":["post-660","page","type-page","status-publish","hentry"],"_links":{"self":[{"href":"https:\/\/veranstaltungen.muenchen.de\/kindertagespflege\/wp-json\/wp\/v2\/pages\/660"}],"collection":[{"href":"https:\/\/veranstaltungen.muenchen.de\/kindertagespflege\/wp-json\/wp\/v2\/pages"}],"about":[{"href":"https:\/\/veranstaltungen.muenchen.de\/kindertagespflege\/wp-json\/wp\/v2\/types\/page"}],"author":[{"embeddable":true,"href":"https:\/\/veranstaltungen.muenchen.de\/kindertagespflege\/wp-json\/wp\/v2\/users\/4957"}],"replies":[{"embeddable":true,"href":"https:\/\/veranstaltungen.muenchen.de\/kindertagespflege\/wp-json\/wp\/v2\/comments?post=660"}],"version-history":[{"count":34,"href":"https:\/\/veranstaltungen.muenchen.de\/kindertagespflege\/wp-json\/wp\/v2\/pages\/660\/revisions"}],"predecessor-version":[{"id":1403,"href":"https:\/\/veranstaltungen.muenchen.de\/kindertagespflege\/wp-json\/wp\/v2\/pages\/660\/revisions\/1403"}],"wp:attachment":[{"href":"https:\/\/veranstaltungen.muenchen.de\/kindertagespflege\/wp-json\/wp\/v2\/media?parent=660"}],"curies":[{"name":"wp","href":"https:\/\/api.w.org\/{rel}","templated":true}]}}