
{"id":658,"date":"2025-09-25T10:13:40","date_gmt":"2025-09-25T08:13:40","guid":{"rendered":"https:\/\/veranstaltungen.muenchen.de\/kindertagespflege\/?page_id=658"},"modified":"2026-03-16T08:27:50","modified_gmt":"2026-03-16T07:27:50","slug":"fortbildungsprogramm","status":"publish","type":"page","link":"https:\/\/veranstaltungen.muenchen.de\/kindertagespflege\/fortbildungsprogramm\/","title":{"rendered":"Fortbildungsprogramm"},"content":{"rendered":"\n<p>Das Stadtjugendamt bietet ein umfangreiches Fortbildungsangebot, um ihnen die M\u00f6glichkeit zu geben, ihre j\u00e4hrlich verpfilchtenden 20 UE bestm\u00f6glich zu absolvieren. Fortbildungen k\u00f6nnen sowohl Online als auch in Pr\u00e4senz stattfinden, wobei wir einen Anteil von 30% an Online-Fortbildungen anerkennen.<\/p>\n\n\n\n<p>Auf dieser Seite finden Sie eine \u00dcbersicht der Fortbildungen. Mit einem Klick auf die jeweilige Fortbildungskategorie erhalten Sie einen \u00dcberblick der angebotenen Fortbildungen.<\/p>\n\n\n\n<h2 class=\"wp-block-heading\"><a href=\"https:\/\/veranstaltungen.muenchen.de\/kindertagespflege\/veranstaltungsreihen\/fortbildungsprogramm\/\" data-type=\"link\" data-id=\"https:\/\/veranstaltungen.muenchen.de\/kindertagespflege\/veranstaltungsreihen\/fortbildungsprogramm\/\">Fortbildung in Pr\u00e4senz<\/a><\/h2>\n\n\n\n<ul class=\"wp-block-list\">\n<li><a href=\"https:\/\/veranstaltungen.muenchen.de\/kindertagespflege\/veranstaltungsreihen\/fortbildungsprogramm\/fortbildung-in-praesenz\/berufsbild-management\/\" data-type=\"link\" data-id=\"https:\/\/veranstaltungen.muenchen.de\/kindertagespflege\/veranstaltungsreihen\/fortbildungsprogramm\/fortbildung-in-praesenz\/berufsbild-management\/\">Berufsbild &amp; Management<\/a><\/li>\n\n\n\n<li><a href=\"https:\/\/veranstaltungen.muenchen.de\/kindertagespflege\/veranstaltungsreihen\/fortbildungsprogramm\/fortbildung-in-praesenz\/bildung-sinneserfahrung\/\" data-type=\"link\" data-id=\"https:\/\/veranstaltungen.muenchen.de\/kindertagespflege\/veranstaltungsreihen\/fortbildungsprogramm\/fortbildung-in-praesenz\/bildung-sinneserfahrung\/\">Bildung &amp; Sinneserfahrung<\/a><\/li>\n\n\n\n<li><a href=\"https:\/\/veranstaltungen.muenchen.de\/kindertagespflege\/veranstaltungsreihen\/fortbildungsprogramm\/fortbildung-in-praesenz\/gesundheit-sicherheit\/\" data-type=\"link\" data-id=\"https:\/\/veranstaltungen.muenchen.de\/kindertagespflege\/veranstaltungsreihen\/fortbildungsprogramm\/fortbildung-in-praesenz\/gesundheit-sicherheit\/\">Gesundheit &amp; Sicherheit<\/a><\/li>\n\n\n\n<li><a href=\"https:\/\/veranstaltungen.muenchen.de\/kindertagespflege\/veranstaltungsreihen\/fortbildungsprogramm\/fortbildung-in-praesenz\/konsultationskitas\/\" data-type=\"link\" data-id=\"https:\/\/veranstaltungen.muenchen.de\/kindertagespflege\/veranstaltungsreihen\/fortbildungsprogramm\/fortbildung-in-praesenz\/konsultationskitas\/\">Konsultationskitas<\/a><\/li>\n\n\n\n<li><a href=\"https:\/\/veranstaltungen.muenchen.de\/kindertagespflege\/veranstaltungsreihen\/fortbildungsprogramm\/fortbildung-in-praesenz\/paedagogik-psychologie\/\" data-type=\"link\" data-id=\"https:\/\/veranstaltungen.muenchen.de\/kindertagespflege\/veranstaltungsreihen\/fortbildungsprogramm\/fortbildung-in-praesenz\/paedagogik-psychologie\/\">P\u00e4dagogik &amp; Psychologie<\/a><\/li>\n\n\n\n<li><a href=\"https:\/\/veranstaltungen.muenchen.de\/kindertagespflege\/veranstaltungsreihen\/fortbildungsprogramm\/fortbildung-in-praesenz\/selbstreflexion-entspannung\/\" data-type=\"link\" data-id=\"https:\/\/veranstaltungen.muenchen.de\/kindertagespflege\/veranstaltungsreihen\/fortbildungsprogramm\/fortbildung-in-praesenz\/selbstreflexion-entspannung\/\">Selbstreflexion &amp; Entspannung<\/a><\/li>\n<\/ul>\n\n\n\n<h2 class=\"wp-block-heading\"><a href=\"https:\/\/veranstaltungen.muenchen.de\/kindertagespflege\/veranstaltungsreihen\/fortbildungsprogramm\/online-fortbildungen\/\" data-type=\"link\" data-id=\"https:\/\/veranstaltungen.muenchen.de\/kindertagespflege\/veranstaltungsreihen\/fortbildungsprogramm\/online-fortbildungen\/\">Online-Fortbildungen<\/a><\/h2>\n\n\n\n<ul class=\"wp-block-list\">\n<li><a href=\"https:\/\/veranstaltungen.muenchen.de\/kindertagespflege\/veranstaltungsreihen\/fortbildungsprogramm\/online-fortbildungen\/berufsbild-management-online-fortbildungen\/\" data-type=\"link\" data-id=\"https:\/\/veranstaltungen.muenchen.de\/kindertagespflege\/veranstaltungsreihen\/fortbildungsprogramm\/online-fortbildungen\/berufsbild-management-online-fortbildungen\/\">Berufsbild &amp; Management<\/a><\/li>\n\n\n\n<li><a href=\"https:\/\/veranstaltungen.muenchen.de\/kindertagespflege\/veranstaltungsreihen\/fortbildungsprogramm\/online-fortbildungen\/bildung-sinneserfahrung-online-fortbildungen\/\" data-type=\"link\" data-id=\"https:\/\/veranstaltungen.muenchen.de\/kindertagespflege\/veranstaltungsreihen\/fortbildungsprogramm\/online-fortbildungen\/bildung-sinneserfahrung-online-fortbildungen\/\">Bildung &amp; Sinneserfahrung<\/a><\/li>\n\n\n\n<li><a href=\"https:\/\/veranstaltungen.muenchen.de\/kindertagespflege\/veranstaltungsreihen\/fortbildungsprogramm\/online-fortbildungen\/gesundheit-sicherheit-online-fortbildungen\/\" data-type=\"link\" data-id=\"https:\/\/veranstaltungen.muenchen.de\/kindertagespflege\/veranstaltungsreihen\/fortbildungsprogramm\/online-fortbildungen\/gesundheit-sicherheit-online-fortbildungen\/\">Gesundheit &amp; Sicherheit<\/a><\/li>\n\n\n\n<li><a href=\"https:\/\/veranstaltungen.muenchen.de\/kindertagespflege\/veranstaltungsreihen\/fortbildungsprogramm\/online-fortbildungen\/paedagogik-psychologie-online-fortbildungen\/\" data-type=\"link\" data-id=\"https:\/\/veranstaltungen.muenchen.de\/kindertagespflege\/veranstaltungsreihen\/fortbildungsprogramm\/online-fortbildungen\/paedagogik-psychologie-online-fortbildungen\/\">P\u00e4dagogik &amp; Psychologie<\/a><\/li>\n\n\n\n<li><a href=\"https:\/\/veranstaltungen.muenchen.de\/kindertagespflege\/veranstaltungsreihen\/fortbildungsprogramm\/online-fortbildungen\/selbstreflexion-entspannung-online-fortbildungen\/\" data-type=\"link\" data-id=\"https:\/\/veranstaltungen.muenchen.de\/kindertagespflege\/veranstaltungsreihen\/fortbildungsprogramm\/online-fortbildungen\/selbstreflexion-entspannung-online-fortbildungen\/\">Selbstreflexion &amp; Entspannung<\/a><\/li>\n<\/ul>\n","protected":false},"excerpt":{"rendered":"<p>Das Stadtjugendamt bietet ein umfangreiches Fortbildungsangebot, um ihnen die M\u00f6glichkeit zu geben, ihre j\u00e4hrlich verpfilchtenden 20 UE bestm\u00f6glich zu absolvieren. Fortbildungen k\u00f6nnen sowohl Online als auch in Pr\u00e4senz stattfinden, wobei wir einen Anteil von 30% an Online-Fortbildungen anerkennen. Auf dieser Seite finden Sie eine \u00dcbersicht der Fortbildungen. Mit einem Klick auf die jeweilige Fortbildungskategorie erhalten [&hellip;]<\/p>\n","protected":false},"author":4957,"featured_media":0,"parent":0,"menu_order":0,"comment_status":"closed","ping_status":"closed","template":"","meta":{"footnotes":""},"class_list":["post-658","page","type-page","status-publish","hentry"],"_links":{"self":[{"href":"https:\/\/veranstaltungen.muenchen.de\/kindertagespflege\/wp-json\/wp\/v2\/pages\/658"}],"collection":[{"href":"https:\/\/veranstaltungen.muenchen.de\/kindertagespflege\/wp-json\/wp\/v2\/pages"}],"about":[{"href":"https:\/\/veranstaltungen.muenchen.de\/kindertagespflege\/wp-json\/wp\/v2\/types\/page"}],"author":[{"embeddable":true,"href":"https:\/\/veranstaltungen.muenchen.de\/kindertagespflege\/wp-json\/wp\/v2\/users\/4957"}],"replies":[{"embeddable":true,"href":"https:\/\/veranstaltungen.muenchen.de\/kindertagespflege\/wp-json\/wp\/v2\/comments?post=658"}],"version-history":[{"count":5,"href":"https:\/\/veranstaltungen.muenchen.de\/kindertagespflege\/wp-json\/wp\/v2\/pages\/658\/revisions"}],"predecessor-version":[{"id":1387,"href":"https:\/\/veranstaltungen.muenchen.de\/kindertagespflege\/wp-json\/wp\/v2\/pages\/658\/revisions\/1387"}],"wp:attachment":[{"href":"https:\/\/veranstaltungen.muenchen.de\/kindertagespflege\/wp-json\/wp\/v2\/media?parent=658"}],"curies":[{"name":"wp","href":"https:\/\/api.w.org\/{rel}","templated":true}]}}