
{"id":649,"date":"2025-09-25T10:08:42","date_gmt":"2025-09-25T08:08:42","guid":{"rendered":"https:\/\/veranstaltungen.muenchen.de\/kindertagespflege\/?page_id=649"},"modified":"2025-11-12T15:58:17","modified_gmt":"2025-11-12T14:58:17","slug":"tev-tageselternverein-muenchen","status":"publish","type":"page","link":"https:\/\/veranstaltungen.muenchen.de\/kindertagespflege\/bildungstraeger\/tev-tageselternverein-muenchen\/","title":{"rendered":"TEV Tageselternverein M\u00fcnchen"},"content":{"rendered":"\n<p>Tageseltern M\u00fcnchen und Umgebung e. V.<\/p>\n\n\n\n<p>Der Tageseltern M\u00fcnchen und Umgebung e. V. wurde im Okto\u00adber 1994 als Interessenvertretung f\u00fcr Kindertagespflegeperso\u00adnen und Eltern gegr\u00fcndet. Als eingetragener und gemeinn\u00fctzi\u00adger Verein, politisch und religi\u00f6s unabh\u00e4ngig, ist er als freier Tr\u00e4ger der Jugendhilfe anerkannt und wird vom Sozialreferat der Stadt M\u00fcnchen finanziell gef\u00f6rdert. Er setzt sich f\u00fcr eine qualifizierte Erziehung und Betreuung der Kinder auf der Grundlage des Bayerischen Bildungs-und Erzie\u00adhungsplans ein. Er informiert und ber\u00e4t individuell und fachkompetent zu allen Fragen der Kindertagesbetreuung. Er bietet f\u00fcr alle Kindertagespflegepersonen vielf\u00e4ltige Fortbildungsveran\u00adstaltungen an, die es erm\u00f6glichen, das p\u00e4dagogische Fachwissen zu erweitern.<\/p>\n\n\n\n<p><\/p>\n\n\n\n<p><\/p>\n\n\n\n<p><strong>Veranstaltungsort<\/strong><\/p>\n\n\n\n<p>Alle Veranstaltungen des Tageseltern M\u00fcnchen und Umgebung e. V. finden in der W\u00f6rthstra\u00dfe 20, 81667 M\u00fcnchen, statt, soweit kein anderer Veranstaltungsort angegeben wurde. Wir behalten uns vor, die Veranstaltung auch online \u00fcber Zoom anzubieten. Bei \u00c4nderungen werden alle Teilnehmenden rechtzeitig benachrichtigt.<\/p>\n\n\n\n<p><\/p>\n\n\n\n<p><\/p>\n\n\n\n<p><strong>Anmeldung \/ Abmeldung<\/strong><\/p>\n\n\n\n<p>Zu allen Veranstaltungen ist eine schriftliche Anmeldung erforderlich. Bitte benutzen Sie das Anmeldeformular unter <a href=\"https:\/\/www.tageseltern-muenchen.de\/\">tageseltern-muenchen.de<\/a>. Eine Auskunft zu Anmeldungen erhalten Sie unter <a href=\"mailto:seminare@tageselternmuenchen.de\">seminare@tageseltern-muenchen.de\u00a0\u00a0<\/a>. Ihre Anmeldung wird best\u00e4tigt.<\/p>\n\n\n\n<p>Eine Abmeldung von Seminaren ist bis zu 14 Tagen vor dem Termin kostenfrei m\u00f6glich. Bei Abmeldung bis zu 5 Tagen vor dem Termin wird eine Stornierungsgeb\u00fchr von Stadt 12 Euro \/ 15 Euro, Umland 15 Euro \/ 18 Euro f\u00e4llig. <strong>Bei sp\u00e4teren Abmel\u00addungen <\/strong>wird die volle Kursgeb\u00fchr f\u00e4llig.<\/p>\n\n\n\n<p>Wird die Einzugserm\u00e4chtigung von der Bank abgelehnt, geht die Bankgeb\u00fchr zu Lasten der angemeldeten Person. Zudem f\u00e4llt eine Bearbeitungsgeb\u00fchr von 15 Euro an.<\/p>\n\n\n\n<p><\/p>\n\n\n\n<p><strong>Geb\u00fchreneinzug \/ Erm\u00e4\u00dfigung<\/strong><\/p>\n\n\n\n<p>Die Teilnahmegeb\u00fchr f\u00fcr alle Veranstaltungen wird von uns im Voraus erhoben und zirka 14 Tage vor dem Termin von Ihrem Konto abgebucht.<\/p>\n\n\n\n<p>F\u00fcr unsere Mitglieder gelten die erm\u00e4\u00dfigten Veranstaltungspreise<\/p>\n\n\n\n<p><\/p>\n\n\n\n<p><\/p>\n\n\n\n<p><strong>Adresse<\/strong><\/p>\n\n\n\n<p>Tageseltern M\u00fcnchen und Umgebung e. V.<\/p>\n\n\n\n<p>W\u00f6rthstra\u00dfe 20<\/p>\n\n\n\n<p>81667 M\u00fcnchen<\/p>\n\n\n\n<p><a href=\"https:\/\/www.tageseltern-muenchen.de\">https:\/\/www.tageseltern-muenchen.de<\/a><\/p>\n\n\n\n<p><\/p>\n","protected":false},"excerpt":{"rendered":"<p>Tageseltern M\u00fcnchen und Umgebung e. V. Der Tageseltern M\u00fcnchen und Umgebung e. V. wurde im Okto\u00adber 1994 als Interessenvertretung f\u00fcr Kindertagespflegeperso\u00adnen und Eltern gegr\u00fcndet. Als eingetragener und gemeinn\u00fctzi\u00adger Verein, politisch und religi\u00f6s unabh\u00e4ngig, ist er als freier Tr\u00e4ger der Jugendhilfe anerkannt und wird vom Sozialreferat der Stadt M\u00fcnchen finanziell gef\u00f6rdert. Er setzt sich f\u00fcr eine [&hellip;]<\/p>\n","protected":false},"author":4957,"featured_media":0,"parent":641,"menu_order":0,"comment_status":"closed","ping_status":"closed","template":"","meta":{"footnotes":""},"class_list":["post-649","page","type-page","status-publish","hentry"],"_links":{"self":[{"href":"https:\/\/veranstaltungen.muenchen.de\/kindertagespflege\/wp-json\/wp\/v2\/pages\/649"}],"collection":[{"href":"https:\/\/veranstaltungen.muenchen.de\/kindertagespflege\/wp-json\/wp\/v2\/pages"}],"about":[{"href":"https:\/\/veranstaltungen.muenchen.de\/kindertagespflege\/wp-json\/wp\/v2\/types\/page"}],"author":[{"embeddable":true,"href":"https:\/\/veranstaltungen.muenchen.de\/kindertagespflege\/wp-json\/wp\/v2\/users\/4957"}],"replies":[{"embeddable":true,"href":"https:\/\/veranstaltungen.muenchen.de\/kindertagespflege\/wp-json\/wp\/v2\/comments?post=649"}],"version-history":[{"count":7,"href":"https:\/\/veranstaltungen.muenchen.de\/kindertagespflege\/wp-json\/wp\/v2\/pages\/649\/revisions"}],"predecessor-version":[{"id":978,"href":"https:\/\/veranstaltungen.muenchen.de\/kindertagespflege\/wp-json\/wp\/v2\/pages\/649\/revisions\/978"}],"up":[{"embeddable":true,"href":"https:\/\/veranstaltungen.muenchen.de\/kindertagespflege\/wp-json\/wp\/v2\/pages\/641"}],"wp:attachment":[{"href":"https:\/\/veranstaltungen.muenchen.de\/kindertagespflege\/wp-json\/wp\/v2\/media?parent=649"}],"curies":[{"name":"wp","href":"https:\/\/api.w.org\/{rel}","templated":true}]}}