
{"id":647,"date":"2025-09-25T10:08:04","date_gmt":"2025-09-25T08:08:04","guid":{"rendered":"https:\/\/veranstaltungen.muenchen.de\/kindertagespflege\/?page_id=647"},"modified":"2025-11-11T13:38:58","modified_gmt":"2025-11-11T12:38:58","slug":"pme-familienservice","status":"publish","type":"page","link":"https:\/\/veranstaltungen.muenchen.de\/kindertagespflege\/bildungstraeger\/pme-familienservice\/","title":{"rendered":"pme Familienservice"},"content":{"rendered":"\n<p>Die pme Familienservice GmbH ist bereits seit 1991 f\u00fchrender Dienstleister zum Thema \u201eVereinbarkeit von Familie und Beruf\u201c in Deutschland und unterst\u00fctzt im Auftrag von \u00fcber 1.400 Arbeitgeber*innen an 30 Standorten in Deutschland, \u00d6sterreich, Tschechien und der Schweiz die Besch\u00e4ftigten bei der Vereinbarkeit von Berufs- und Lebensalltag. Als Partnerin f\u00fcr Unternehmen, Institutionen, Kommunen und Politik stellt sie Entlastungsangebote bereit, die den Besch\u00e4ftigten diesen Balanceakt erleichtern.<br>Hierzu geh\u00f6ren auch Kooperationen mit Kindertagespflegepersonen. Neben der Beratung, Vermittlung, Begleitung und Qualifizierung von Kindertagespflegepersonen beteiligt sich der pme Familienservice aktiv an der qualitativen Weiterentwicklung der Kindertagespflege als innovative Form der Kinderbetreuung.<br>Ein hoher Qualit\u00e4tsstandard in der Kindertagespflege geh\u00f6rt zu unseren wichtigsten Zielen.<br>Wir bieten unseren Kindertagespflegepersonen hilfreiche Informationsmaterialien und beraten sie zu p\u00e4dagogischen und rechtlichen Fragen. Im Rahmen der pme Akademie gGmbH bieten wir Kindertagespflegepersonen innovative Qualifizierungs-und Fortbildungsm\u00f6glichkeiten. <\/p>\n\n\n\n<p>Bitte sprechen Sie diese zus\u00e4tzlichen Fortbildungsangebote mit Ihrer sozialp\u00e4dagogischen Fachkraft ab.<\/p>\n\n\n\n<p><\/p>\n\n\n\n<p>Weitere Informationen und unsere vom Stadtjugendamt M\u00fcnchen gef\u00f6rderten Fortbildungen finden Sie im Internet unter: pme.link\/ftp25.<br>Alle unsere Pr\u00e4senzveranstaltungen finden in unseren R\u00e4umen statt \u2013 einzelne Abweichungen stehen unter den jeweiligen Kursangeboten \u2013 nahe der U-Bahnhaltestelle U4\/U5 Schwanthalerh\u00f6he<br>Theresienh\u00f6he 13 a (gegen\u00fcber von Drogeriemarkt Rossmann),  80339 M\u00fcnchen<\/p>\n\n\n\n<p><br><strong>Anmeldung \/ Abmeldung<\/strong><br>Sie k\u00f6nnen sich online anmelden unter: pme.link\/ftp25<br>Bitte geben Sie Ihren Namen, Adresse, Ihre Mobilnummer und Ihre Mailadresse an, damit wir Sie auch im Bedarfsfall pers\u00f6nlich erreichen k\u00f6nnen. Nach erfolgter Anmeldung erhalten Sie eine Anmeldebest\u00e4tigung. Bitte beachten Sie unsere Stornierungsfristen<br>und AGBs (familienservice.de\/agb)<\/p>\n\n\n\n<p><br><strong>Bezahlung der Kursgeb\u00fchr<\/strong><br>Nach best\u00e4tigter Anmeldung erhalten Sie die Informationen zur \u00dcberweisung der Kursgeb\u00fchren und mit der Best\u00e4tigung ist die Anmeldung verbindlich und kostenpflichtig.<\/p>\n\n\n\n<p><br><strong>Beratung<\/strong><br>F\u00fcr Fragen stehen wir Ihnen gerne telefonisch unter Telefonnummer 0895447940 oder online unter<br>muenchen@familienservice.de zur Verf\u00fcgung.<br><\/p>\n\n\n\n<p><\/p>\n","protected":false},"excerpt":{"rendered":"<p>Die pme Familienservice GmbH ist bereits seit 1991 f\u00fchrender Dienstleister zum Thema \u201eVereinbarkeit von Familie und Beruf\u201c in Deutschland und unterst\u00fctzt im Auftrag von \u00fcber 1.400 Arbeitgeber*innen an 30 Standorten in Deutschland, \u00d6sterreich, Tschechien und der Schweiz die Besch\u00e4ftigten bei der Vereinbarkeit von Berufs- und Lebensalltag. Als Partnerin f\u00fcr Unternehmen, Institutionen, Kommunen und Politik stellt [&hellip;]<\/p>\n","protected":false},"author":4957,"featured_media":0,"parent":641,"menu_order":0,"comment_status":"closed","ping_status":"closed","template":"","meta":{"footnotes":""},"class_list":["post-647","page","type-page","status-publish","hentry"],"_links":{"self":[{"href":"https:\/\/veranstaltungen.muenchen.de\/kindertagespflege\/wp-json\/wp\/v2\/pages\/647"}],"collection":[{"href":"https:\/\/veranstaltungen.muenchen.de\/kindertagespflege\/wp-json\/wp\/v2\/pages"}],"about":[{"href":"https:\/\/veranstaltungen.muenchen.de\/kindertagespflege\/wp-json\/wp\/v2\/types\/page"}],"author":[{"embeddable":true,"href":"https:\/\/veranstaltungen.muenchen.de\/kindertagespflege\/wp-json\/wp\/v2\/users\/4957"}],"replies":[{"embeddable":true,"href":"https:\/\/veranstaltungen.muenchen.de\/kindertagespflege\/wp-json\/wp\/v2\/comments?post=647"}],"version-history":[{"count":4,"href":"https:\/\/veranstaltungen.muenchen.de\/kindertagespflege\/wp-json\/wp\/v2\/pages\/647\/revisions"}],"predecessor-version":[{"id":959,"href":"https:\/\/veranstaltungen.muenchen.de\/kindertagespflege\/wp-json\/wp\/v2\/pages\/647\/revisions\/959"}],"up":[{"embeddable":true,"href":"https:\/\/veranstaltungen.muenchen.de\/kindertagespflege\/wp-json\/wp\/v2\/pages\/641"}],"wp:attachment":[{"href":"https:\/\/veranstaltungen.muenchen.de\/kindertagespflege\/wp-json\/wp\/v2\/media?parent=647"}],"curies":[{"name":"wp","href":"https:\/\/api.w.org\/{rel}","templated":true}]}}