
{"id":645,"date":"2025-09-25T10:07:17","date_gmt":"2025-09-25T08:07:17","guid":{"rendered":"https:\/\/veranstaltungen.muenchen.de\/kindertagespflege\/?page_id=645"},"modified":"2025-10-30T15:15:58","modified_gmt":"2025-10-30T14:15:58","slug":"muenchner-volkshochschule-gmbh","status":"publish","type":"page","link":"https:\/\/veranstaltungen.muenchen.de\/kindertagespflege\/bildungstraeger\/muenchner-volkshochschule-gmbh\/","title":{"rendered":"M\u00fcnchner Volkshochschule GmbH"},"content":{"rendered":"<p>Als kommunales Weiterbildungszentrum der Stadt M\u00fcnchen unterst\u00fctzt die M\u00fcnchner Volkshochschule (MVHS) das lebensbegleitende Lernen. Sie bietet der M\u00fcnchner Bev\u00f6lkerung mit ihren j\u00e4hrlich zirka 18.000 Bildungsangeboten ein breit gef\u00e4chertes und qualitativ hochwertiges allgemeines, berufliches, politisches und kulturelles Weiterbildungsangebot.<\/p>\n<p>Seit Oktober 2020 bietet die MVHS auch im Bereich der Qualifizierung und Fortbildung von Kindertagespflegepersonen praxisorientierte Kurse an. Diese sind vom Sozialreferat der Landeshauptstadt M\u00fcnchen gef\u00f6rdert und werden von fachlich versierten Dozierenden unterrichtet.<br \/>\nUnsere Angebote finden gr\u00f6\u00dftenteils online \u00fcber Cisco Webex oder Zoom statt. Die Pr\u00e4senzveranstaltungen werden in den zentralen H\u00e4usern der M\u00fcnchner Volkshochschule durchgef\u00fchrt.<br \/>\nEin vielf\u00e4ltiges und thematisch spannendes Programm ist f\u00fcr 2025 geplant. Das komplette Kursangebot finden Sie auf der Homepage der MVHS unter:<\/p>\n<p>mvhs.de\/kindertagespflegepersonen<\/p>\n<p>&nbsp;<\/p>\n<p>Wir bitten um Ihre Anmeldung per E\u00ad-Mail an kindertagespflegepersonen@mvhs.de<br \/>\nBitte teilen Sie uns in Ihrer Anmeldung unbedingt die folgenden Daten mit:<br \/>\nVor\u00ad- und Nachname, Anschrift, Telefonnummer, E\u00ad-Mail\u00ad-Adresse, Name der Person, von der Sie Ihre Pflegeerlaubnis erhalten<br \/>\nhaben und Ihre Bankverbindung (IBAN).<br \/>\nDie Bezahlung erfolgt per SEPA\u00ad-Lastschrifteinzug. Beachten Sie die Stornierungsfristen in unseren AGB.<br \/>\nDie Anmeldebest\u00e4tigung erhalten Sie per E\u00ad-Mail! Bitte schauen Sie gegebenenfalls auch in Ihren Spam-\u00adOrdner.<\/p>\n<p>&nbsp;<\/p>\n<p>F\u00fcr Beratung und Fragen zu unserem Kursangebot senden Sie uns bitte eine E\u00ad-Mail oder kontaktieren Sie uns telefonisch.<br \/>\nE-\u00adMail: kindertagespflegepersonen@mvhs.de<\/p>\n<p>Telefonnummer: 089 480066266<\/p>\n","protected":false},"excerpt":{"rendered":"<p>Als kommunales Weiterbildungszentrum der Stadt M\u00fcnchen unterst\u00fctzt die M\u00fcnchner Volkshochschule (MVHS) das lebensbegleitende Lernen. Sie bietet der M\u00fcnchner Bev\u00f6lkerung mit ihren j\u00e4hrlich zirka 18.000 Bildungsangeboten ein breit gef\u00e4chertes und qualitativ hochwertiges allgemeines, berufliches, politisches und kulturelles Weiterbildungsangebot. Seit Oktober 2020 bietet die MVHS auch im Bereich der Qualifizierung und Fortbildung von Kindertagespflegepersonen praxisorientierte Kurse an. [&hellip;]<\/p>\n","protected":false},"author":4957,"featured_media":0,"parent":641,"menu_order":0,"comment_status":"closed","ping_status":"closed","template":"","meta":{"footnotes":""},"class_list":["post-645","page","type-page","status-publish","hentry"],"_links":{"self":[{"href":"https:\/\/veranstaltungen.muenchen.de\/kindertagespflege\/wp-json\/wp\/v2\/pages\/645"}],"collection":[{"href":"https:\/\/veranstaltungen.muenchen.de\/kindertagespflege\/wp-json\/wp\/v2\/pages"}],"about":[{"href":"https:\/\/veranstaltungen.muenchen.de\/kindertagespflege\/wp-json\/wp\/v2\/types\/page"}],"author":[{"embeddable":true,"href":"https:\/\/veranstaltungen.muenchen.de\/kindertagespflege\/wp-json\/wp\/v2\/users\/4957"}],"replies":[{"embeddable":true,"href":"https:\/\/veranstaltungen.muenchen.de\/kindertagespflege\/wp-json\/wp\/v2\/comments?post=645"}],"version-history":[{"count":5,"href":"https:\/\/veranstaltungen.muenchen.de\/kindertagespflege\/wp-json\/wp\/v2\/pages\/645\/revisions"}],"predecessor-version":[{"id":735,"href":"https:\/\/veranstaltungen.muenchen.de\/kindertagespflege\/wp-json\/wp\/v2\/pages\/645\/revisions\/735"}],"up":[{"embeddable":true,"href":"https:\/\/veranstaltungen.muenchen.de\/kindertagespflege\/wp-json\/wp\/v2\/pages\/641"}],"wp:attachment":[{"href":"https:\/\/veranstaltungen.muenchen.de\/kindertagespflege\/wp-json\/wp\/v2\/media?parent=645"}],"curies":[{"name":"wp","href":"https:\/\/api.w.org\/{rel}","templated":true}]}}