
{"id":643,"date":"2025-09-25T10:06:43","date_gmt":"2025-09-25T08:06:43","guid":{"rendered":"https:\/\/veranstaltungen.muenchen.de\/kindertagespflege\/?page_id=643"},"modified":"2025-11-11T14:00:07","modified_gmt":"2025-11-11T13:00:07","slug":"familienstiftung-elly-heuss-knapp","status":"publish","type":"page","link":"https:\/\/veranstaltungen.muenchen.de\/kindertagespflege\/bildungstraeger\/familienstiftung-elly-heuss-knapp\/","title":{"rendered":"Familienbildungsst\u00e4tte &#8220;Elly Heuss-Knapp&#8221;"},"content":{"rendered":"\n<p>Die Evangelische Familien-Bildungsst\u00e4tte \u201eElly Heuss-Knapp\u201c gGmbH begleitet und unterst\u00fctzt Erwachsene und Kinder bei der Bew\u00e4ltigung ihres Alltags in ganz unterschiedlichen famili\u00e4ren<br>Situationen durch ein breites Spektrum an Kursen sowieVeranstaltungen und wird gef\u00f6rdert durch die Landeshauptstadt M\u00fcnchen. <\/p>\n\n\n\n<p>Ein Feld der Unterst\u00fctzung ist seit 1996 die Qualifizierung von Kindertagespflegepersonen.<\/p>\n\n\n\n<p><br><strong>Veranstaltungsort<\/strong><br>Die im Programm enthaltenen Fortbildungsveranstaltungen f\u00fcr Kindertagespflegepersonen finden in unserer Einrichtung in der Herzog-Wilhelm-Stra\u00dfe 24 im 1. Stock statt. Bitte beachten Sie, dass Kurse im Bereich Kreativit\u00e4t und Sinneserfahrung auch in der Natur stattfinden und Sie entsprechende wetterfeste Kleidung sowie eine Sitzunterlage f\u00fcr drau\u00dfen und gegebenenfalls Verpflegung ben\u00f6tigen.<\/p>\n\n\n\n<p><br><strong>Anmeldung \/ Abmeldung<\/strong><br>nehmen wir f\u00fcr alle unsere Veranstaltungen online oder telefonisch entgegen.<\/p>\n\n\n\n<p>Im Internet k\u00f6nnen Sie sich elly-muenchen.de jederzeit f\u00fcr die gew\u00fcnschten Veranstaltungen anmelden. Wenn keine Pl\u00e4tze mehr frei sind, haben Sie die M\u00f6glichkeit, sich in die Warteliste<br>eintragen zu lassen.<\/p>\n\n\n\n<p>Achten Sie dabei bitte auf die richtige und vollst\u00e4ndige Angabe der Bankverbindung mit IBAN und BIC. Wird die Einzugserm\u00e4chtigung von Ihrer Bank abgelehnt, gehen die dadurch entstehenden Kosten zu Lasten des Teilnehmenden.<\/p>\n\n\n\n<p>Ihre Anmeldung wird per E-Mail best\u00e4tigt, bitte geben Sie unbedingt eine E-Mail-Adresse an!<\/p>\n\n\n\n<p><\/p>\n\n\n\n<p>Eine Abmeldung von Kursen ist bei den Qualifizierungen bis drei Wochen, bei den Fortbildungen bis zwei Wochen vor Kursbeginn m\u00f6glich. Die Storno-\/ Bearbeitungsgeb\u00fchr betr\u00e4gt bei einer Kursgeb\u00fchr bis 50 Euro 10 Euro, bei einer Kursgeb\u00fchr bis 200 Euro 20 Euro und ab einer Kursgeb\u00fchr von 201 Euro 40 Euro. Bei sp\u00e4terer Abmeldung wird die volle Kursgeb\u00fchr f\u00e4llig. Die R\u00fcckerstattung f\u00fcr einzelne, nicht besuchte Kurstage ist nicht m\u00f6glich.<\/p>\n\n\n\n<p><\/p>\n\n\n\n<p><strong>Geb\u00fchreneinzug<\/strong><\/p>\n\n\n\n<p>Der Einzug erfolgt per europaweit einheitlichem SEPA-Lastschriftverfahren. In der Regel werden die Kursgeb\u00fchren bei den Fortbildungen eine Woche und bei den Qualifizierungskursen zwei Wochen vor Kursbeginn eingezogen. Sie werden von uns \u00fcber den Geb\u00fchreneinzug informiert.<\/p>\n\n\n\n<p><strong>Erm\u00e4\u00dfigung<\/strong><\/p>\n\n\n\n<p>Wenn Sie ALG II oder Grundsicherung beziehen oder ein geringes Nettoeinkommen haben, k\u00f6nnen die Kursgeb\u00fchren erm\u00e4\u00dfigt werden. Bitte sprechen Sie uns an.<\/p>\n\n\n\n<p><strong>Beratung und Adresse<\/strong><\/p>\n\n\n\n<p>Evangelische Familien-Bildungsst\u00e4tte \u201eElly Heuss-Knapp\u201c gGmbH, Herzog-Wilhelm-Stra\u00dfe 24\/I, 80331 M\u00fcnchen, E-Mail: kindertagespflege@efbs-muc.de, Internet: elly-muenchen.de<\/p>\n\n\n\n<p>Telefon: 089 552241-12 oder -20, Fax: 089 5501271<\/p>\n\n\n\n<p>B\u00fcro-\u00d6ffnungszeiten: Montag bis Donnerstag von 9 bis 14 Uhr<\/p>\n\n\n\n<p>W\u00e4hrend der Ferien \u00e4ndern sich unsere \u00d6ffnungszeiten.<\/p>\n","protected":false},"excerpt":{"rendered":"<p>Die Evangelische Familien-Bildungsst\u00e4tte \u201eElly Heuss-Knapp\u201c gGmbH begleitet und unterst\u00fctzt Erwachsene und Kinder bei der Bew\u00e4ltigung ihres Alltags in ganz unterschiedlichen famili\u00e4renSituationen durch ein breites Spektrum an Kursen sowieVeranstaltungen und wird gef\u00f6rdert durch die Landeshauptstadt M\u00fcnchen. Ein Feld der Unterst\u00fctzung ist seit 1996 die Qualifizierung von Kindertagespflegepersonen. VeranstaltungsortDie im Programm enthaltenen Fortbildungsveranstaltungen f\u00fcr Kindertagespflegepersonen finden in [&hellip;]<\/p>\n","protected":false},"author":4957,"featured_media":0,"parent":641,"menu_order":0,"comment_status":"closed","ping_status":"closed","template":"","meta":{"footnotes":""},"class_list":["post-643","page","type-page","status-publish","hentry"],"_links":{"self":[{"href":"https:\/\/veranstaltungen.muenchen.de\/kindertagespflege\/wp-json\/wp\/v2\/pages\/643"}],"collection":[{"href":"https:\/\/veranstaltungen.muenchen.de\/kindertagespflege\/wp-json\/wp\/v2\/pages"}],"about":[{"href":"https:\/\/veranstaltungen.muenchen.de\/kindertagespflege\/wp-json\/wp\/v2\/types\/page"}],"author":[{"embeddable":true,"href":"https:\/\/veranstaltungen.muenchen.de\/kindertagespflege\/wp-json\/wp\/v2\/users\/4957"}],"replies":[{"embeddable":true,"href":"https:\/\/veranstaltungen.muenchen.de\/kindertagespflege\/wp-json\/wp\/v2\/comments?post=643"}],"version-history":[{"count":4,"href":"https:\/\/veranstaltungen.muenchen.de\/kindertagespflege\/wp-json\/wp\/v2\/pages\/643\/revisions"}],"predecessor-version":[{"id":961,"href":"https:\/\/veranstaltungen.muenchen.de\/kindertagespflege\/wp-json\/wp\/v2\/pages\/643\/revisions\/961"}],"up":[{"embeddable":true,"href":"https:\/\/veranstaltungen.muenchen.de\/kindertagespflege\/wp-json\/wp\/v2\/pages\/641"}],"wp:attachment":[{"href":"https:\/\/veranstaltungen.muenchen.de\/kindertagespflege\/wp-json\/wp\/v2\/media?parent=643"}],"curies":[{"name":"wp","href":"https:\/\/api.w.org\/{rel}","templated":true}]}}