
{"id":2,"date":"2015-06-17T15:19:55","date_gmt":"2015-06-17T13:19:55","guid":{"rendered":"http:\/\/veranstaltungen.muenchen.de\/kindertagespflege\/?page_id=2"},"modified":"2026-05-04T14:41:29","modified_gmt":"2026-05-04T12:41:29","slug":"beispiel-seite","status":"publish","type":"page","link":"https:\/\/veranstaltungen.muenchen.de\/kindertagespflege\/","title":{"rendered":"Herzlich Willkommen in der Kindertagespflege"},"content":{"rendered":"<p>Auf dieser Seite k\u00f6nnen Sie sich zu Fortbildungen f\u00fcr Kindertagespflegepersonen informieren.<\/p>\n<p><strong>Die Anmeldung zu den Fortbildungen erfolgt weiterhin direkt bei den jeweiligen Bildungstr\u00e4gern.<\/strong><\/p>\n<p>Alle Kindertagespflegepersonen sind verpflichtet, j\u00e4hrlich 20 Unterrichtseinheiten in Form von Fortbildungen nachzuweisen. Es empfiehlt sich, sich fr\u00fchzeitig um die passenden Angebote zu k\u00fcmmern, um gute Chancen auf die Wunsch-Fortbildungen zu haben.<\/p>\n<p>&nbsp;<\/p>\n<p><strong>Anmeldestart f\u00fcr die Fortbildungen 2026 ist am 04.12.2025<\/strong><\/p>\n<p>&nbsp;<\/p>\n<p>Fortbildungen anderer Anbieter k\u00f6nnen anerkannt werden, sofern sie die Anerkennung <strong>vorab<\/strong> mit der zust\u00e4ndigen Sozialp\u00e4dagog*in im Sozialb\u00fcrgerhaus oder Stadtjugendamt abgekl\u00e4rt haben. Dazu sollten im Fortbildungsangebot Qualifikation der Referent*innen, Inhalte, Umfang, Anbieter und Kosten klar ausgewiesen sein. Die Teilnahmebescheinigung muss diese Informationen sowie das Datum der Teilnahme enthalten.<\/p>\n<p>&nbsp;<\/p>\n<p>Innerhalb der G\u00fcltigkeitsdauer der Pflegeerlaubnis ist die Teilnahme an der Fortbildung\u00a0 <strong>\u201eDer Schutzauftrag bei Kindeswohlgef\u00e4hrdung\u201c<\/strong> verpflichtend. <strong>Diese Schulung sensibilisiert Kindertagespflegepersonen f\u00fcr das Erkennen und Einsch\u00e4tzen von Kindeswohlgef\u00e4hrdungen und st\u00e4rkt die professionelle Handlungskompetenz.<\/strong><\/p>\n<p>Bei erstmaliger Erteilung der Pflegeerlaubnis wird empfohlen, diese Fortbildung innerhalb des ersten Jahres zu absolvieren. Die Unterrichtseinheiten aus dieser Veranstaltung werden auf die j\u00e4hrlich erforderlichen 20 Unterrichtseinheiten angerechnet.<\/p>\n<p>&nbsp;<\/p>\n<h3>&gt;&gt; <a href=\"veranstaltungen\/\">Veranstaltungs\u00fcbersicht<\/a><\/h3>\n<h3><\/h3>\n<p>&nbsp;<\/p>\n<h3>Hinweis zum Datenschutz:<\/h3>\n<p>Wir nehmen den Datenschutz sehr ernst. In unserem Online-Anmeldesystem ist daher keine Benutzerverwaltung hinterlegt. Dies bedeutet jedoch, dass Sie Ihre Anmeldedaten immer wieder neu eingeben m\u00fcssen, wenn Sie sich zu mehreren Veranstaltungen anmelden m\u00f6chten. Ihre Daten werden ausschlie\u00dflich im Zusammenhang mit der von Ihnen gebuchten Veranstaltung gespeichert und weiterverarbeitet. 90 Tage nach Ende der Veranstaltung werden alle Anmeldedaten automatisch gel\u00f6scht.<\/p>\n","protected":false},"excerpt":{"rendered":"<p>Auf dieser Seite k\u00f6nnen Sie sich zu Fortbildungen f\u00fcr Kindertagespflegepersonen informieren. Die Anmeldung zu den Fortbildungen erfolgt weiterhin direkt bei den jeweiligen Bildungstr\u00e4gern. Alle Kindertagespflegepersonen sind verpflichtet, j\u00e4hrlich 20 Unterrichtseinheiten in Form von Fortbildungen nachzuweisen. Es empfiehlt sich, sich fr\u00fchzeitig um die passenden Angebote zu k\u00fcmmern, um gute Chancen auf die Wunsch-Fortbildungen zu haben. &nbsp; [&hellip;]<\/p>\n","protected":false},"author":290,"featured_media":0,"parent":0,"menu_order":0,"comment_status":"closed","ping_status":"closed","template":"","meta":{"footnotes":""},"class_list":["post-2","page","type-page","status-publish","hentry"],"_links":{"self":[{"href":"https:\/\/veranstaltungen.muenchen.de\/kindertagespflege\/wp-json\/wp\/v2\/pages\/2"}],"collection":[{"href":"https:\/\/veranstaltungen.muenchen.de\/kindertagespflege\/wp-json\/wp\/v2\/pages"}],"about":[{"href":"https:\/\/veranstaltungen.muenchen.de\/kindertagespflege\/wp-json\/wp\/v2\/types\/page"}],"author":[{"embeddable":true,"href":"https:\/\/veranstaltungen.muenchen.de\/kindertagespflege\/wp-json\/wp\/v2\/users\/290"}],"replies":[{"embeddable":true,"href":"https:\/\/veranstaltungen.muenchen.de\/kindertagespflege\/wp-json\/wp\/v2\/comments?post=2"}],"version-history":[{"count":17,"href":"https:\/\/veranstaltungen.muenchen.de\/kindertagespflege\/wp-json\/wp\/v2\/pages\/2\/revisions"}],"predecessor-version":[{"id":1406,"href":"https:\/\/veranstaltungen.muenchen.de\/kindertagespflege\/wp-json\/wp\/v2\/pages\/2\/revisions\/1406"}],"wp:attachment":[{"href":"https:\/\/veranstaltungen.muenchen.de\/kindertagespflege\/wp-json\/wp\/v2\/media?parent=2"}],"curies":[{"name":"wp","href":"https:\/\/api.w.org\/{rel}","templated":true}]}}