
{"id":13,"date":"2015-06-22T11:46:14","date_gmt":"2015-06-22T09:46:14","guid":{"rendered":"http:\/\/veranstaltungen.muenchen.de\/kindertagespflege\/?page_id=13"},"modified":"2025-05-30T12:26:57","modified_gmt":"2025-05-30T10:26:57","slug":"impressum","status":"publish","type":"page","link":"https:\/\/veranstaltungen.muenchen.de\/kindertagespflege\/impressum\/","title":{"rendered":"Impressum"},"content":{"rendered":"<table style=\"width: 100%;\">\n<tbody>\n<tr>\n<td style=\"width: 50%;\"><strong>Landeshauptstadt M\u00fcnchen<\/strong><\/td>\n<td style=\"width: 50%;\"><strong>Sozialreferat<\/strong><\/td>\n<\/tr>\n<tr>\n<td>Oberb\u00fcrgermeister Dieter Reiter<\/td>\n<td>Sozialreferentin Dorothee Schiwy<\/td>\n<\/tr>\n<tr>\n<td>Postfach<\/td>\n<td>Orleansplatz 11<\/td>\n<\/tr>\n<tr>\n<td>80313 M\u00fcnchen<\/td>\n<td>81667 M\u00fcnchen<\/td>\n<\/tr>\n<\/tbody>\n<\/table>\n<p>&nbsp;<\/p>\n<p>E-Mail: <a href=\"mailto:portal.soz@muenchen.de\">portal.soz@muenchen.de<\/a><\/p>\n<p>&nbsp;<\/p>\n<p>K\u00f6rperschaft des \u00f6ffentlichen Rechts<\/p>\n<p>Umsatzsteuer-Identifikationsnummer DE 129 524 000<\/p>\n<p>&nbsp;<\/p>\n<p>Zust\u00e4ndige Aufsichtsbeh\u00f6rde: Regierung von Oberbayern<\/p>\n<p>&nbsp;<\/p>\n<p>Es gelten <a href=\"http:\/\/www.muenchen.de\/rathaus\/Kontakt\/Impressum.html\" target=\"_blank\" rel=\"noopener noreferrer\">Impressum und Rechtshinweise der Landeshauptstadt M\u00fcnchen<\/a>.<\/p>\n","protected":false},"excerpt":{"rendered":"<p>Landeshauptstadt M\u00fcnchen Sozialreferat Oberb\u00fcrgermeister Dieter Reiter Sozialreferentin Dorothee Schiwy Postfach Orleansplatz 11 80313 M\u00fcnchen 81667 M\u00fcnchen &nbsp; E-Mail: portal.soz@muenchen.de &nbsp; K\u00f6rperschaft des \u00f6ffentlichen Rechts Umsatzsteuer-Identifikationsnummer DE 129 524 000 &nbsp; Zust\u00e4ndige Aufsichtsbeh\u00f6rde: Regierung von Oberbayern &nbsp; Es gelten Impressum und Rechtshinweise der Landeshauptstadt M\u00fcnchen.<\/p>\n","protected":false},"author":5,"featured_media":0,"parent":0,"menu_order":0,"comment_status":"closed","ping_status":"closed","template":"","meta":{"footnotes":""},"class_list":["post-13","page","type-page","status-publish","hentry"],"_links":{"self":[{"href":"https:\/\/veranstaltungen.muenchen.de\/kindertagespflege\/wp-json\/wp\/v2\/pages\/13"}],"collection":[{"href":"https:\/\/veranstaltungen.muenchen.de\/kindertagespflege\/wp-json\/wp\/v2\/pages"}],"about":[{"href":"https:\/\/veranstaltungen.muenchen.de\/kindertagespflege\/wp-json\/wp\/v2\/types\/page"}],"author":[{"embeddable":true,"href":"https:\/\/veranstaltungen.muenchen.de\/kindertagespflege\/wp-json\/wp\/v2\/users\/5"}],"replies":[{"embeddable":true,"href":"https:\/\/veranstaltungen.muenchen.de\/kindertagespflege\/wp-json\/wp\/v2\/comments?post=13"}],"version-history":[{"count":7,"href":"https:\/\/veranstaltungen.muenchen.de\/kindertagespflege\/wp-json\/wp\/v2\/pages\/13\/revisions"}],"predecessor-version":[{"id":610,"href":"https:\/\/veranstaltungen.muenchen.de\/kindertagespflege\/wp-json\/wp\/v2\/pages\/13\/revisions\/610"}],"wp:attachment":[{"href":"https:\/\/veranstaltungen.muenchen.de\/kindertagespflege\/wp-json\/wp\/v2\/media?parent=13"}],"curies":[{"name":"wp","href":"https:\/\/api.w.org\/{rel}","templated":true}]}}