
{"id":12,"date":"2019-11-05T14:02:40","date_gmt":"2019-11-05T13:02:40","guid":{"rendered":"http:\/\/veranstaltungen.muenchen.de\/kgl\/?page_id=12"},"modified":"2022-10-26T13:46:47","modified_gmt":"2022-10-26T11:46:47","slug":"impressum","status":"publish","type":"page","link":"https:\/\/veranstaltungen.muenchen.de\/kgl\/impressum\/","title":{"rendered":"Impressum und Rechtshinweise"},"content":{"rendered":"\n<p><strong>Landeshauptstadt M\u00fcnchen<br>Koordinierungsstelle zur Gleichstellung von LGBTIQ*<\/strong><br>Angertorstr. 7<br>80469 M\u00fcnchen<\/p>\n\n\n\n<p><a href=\"mailto:kgl@muenchen.de\">kgl@muenchen.de<\/a><\/p>\n\n\n\n<p>K\u00f6rperschaft des \u00f6ffentlichen Rechts<br>Umsatzsteuer-Identifikationsnummer DE 129 524 000<br>Zust\u00e4ndige Aufsichtsbeh\u00f6rde: Regierung von Oberbayern<\/p>\n\n\n\n<p>Es gelten <a rel=\"noreferrer noopener\" href=\"http:\/\/www.muenchen.de\/rathaus\/Kontakt\/Impressum.html\" target=\"_blank\">Impressum und Rechtshinweise der Landeshauptstadt M\u00fcnchen<\/a>.<\/p>\n","protected":false},"excerpt":{"rendered":"<p>Landeshauptstadt M\u00fcnchenKoordinierungsstelle zur Gleichstellung von LGBTIQ*Angertorstr. 780469 M\u00fcnchen kgl@muenchen.de K\u00f6rperschaft des \u00f6ffentlichen RechtsUmsatzsteuer-Identifikationsnummer DE 129 524 000Zust\u00e4ndige Aufsichtsbeh\u00f6rde: Regierung von Oberbayern Es gelten Impressum und Rechtshinweise der Landeshauptstadt M\u00fcnchen.<\/p>\n","protected":false},"author":3,"featured_media":0,"parent":0,"menu_order":0,"comment_status":"closed","ping_status":"closed","template":"","meta":{"footnotes":""},"class_list":["post-12","page","type-page","status-publish","hentry"],"_links":{"self":[{"href":"https:\/\/veranstaltungen.muenchen.de\/kgl\/wp-json\/wp\/v2\/pages\/12"}],"collection":[{"href":"https:\/\/veranstaltungen.muenchen.de\/kgl\/wp-json\/wp\/v2\/pages"}],"about":[{"href":"https:\/\/veranstaltungen.muenchen.de\/kgl\/wp-json\/wp\/v2\/types\/page"}],"author":[{"embeddable":true,"href":"https:\/\/veranstaltungen.muenchen.de\/kgl\/wp-json\/wp\/v2\/users\/3"}],"replies":[{"embeddable":true,"href":"https:\/\/veranstaltungen.muenchen.de\/kgl\/wp-json\/wp\/v2\/comments?post=12"}],"version-history":[{"count":16,"href":"https:\/\/veranstaltungen.muenchen.de\/kgl\/wp-json\/wp\/v2\/pages\/12\/revisions"}],"predecessor-version":[{"id":241,"href":"https:\/\/veranstaltungen.muenchen.de\/kgl\/wp-json\/wp\/v2\/pages\/12\/revisions\/241"}],"wp:attachment":[{"href":"https:\/\/veranstaltungen.muenchen.de\/kgl\/wp-json\/wp\/v2\/media?parent=12"}],"curies":[{"name":"wp","href":"https:\/\/api.w.org\/{rel}","templated":true}]}}