
{"id":10,"date":"2019-11-05T13:58:35","date_gmt":"2019-11-05T12:58:35","guid":{"rendered":"http:\/\/veranstaltungen.muenchen.de\/kgl\/?page_id=10"},"modified":"2022-11-03T11:36:32","modified_gmt":"2022-11-03T10:36:32","slug":"willkommen","status":"publish","type":"page","link":"https:\/\/veranstaltungen.muenchen.de\/kgl\/","title":{"rendered":"Willkommen"},"content":{"rendered":"\n<p class=\"has-normal-font-size\">Die Koordinierungsstelle f\u00f6rdert die Gleichstellung und Antidiskriminierung von Lesben, Schwulen, Bisexuellen, trans*, inter* und queeren Menschen.<\/p>\n\n\n\n<p class=\"has-normal-font-size\">Die Koordinierungsstelle zur Gleichstellung von LGBTIQ* ist eine Stabsstelle des Oberb\u00fcrgermeisters. <br>Sie arbeitet seit 2002 f\u00fcr die Gleichstellung und Antidiskriminierung von LGBTIQ* in M\u00fcnchen. <\/p>\n\n\n\n<p><\/p>\n\n\n\n<hr class=\"wp-block-separator\"\/>\n\n\n\n<p><br>Weitere Informaitionen finden Sie auf der Internetseite:<br><a rel=\"noreferrer noopener\" href=\"https:\/\/stadt.muenchen.de\/rathaus\/verwaltung\/direktorium\/lgbtiq-stelle.html\" target=\"_blank\">https:\/\/stadt.muenchen.de\/rathaus\/verwaltung\/direktorium\/lgbtiq-stelle.html<\/a><\/p>\n","protected":false},"excerpt":{"rendered":"<p>Die Koordinierungsstelle f\u00f6rdert die Gleichstellung und Antidiskriminierung von Lesben, Schwulen, Bisexuellen, trans*, inter* und queeren Menschen. Die Koordinierungsstelle zur Gleichstellung von LGBTIQ* ist eine Stabsstelle des Oberb\u00fcrgermeisters. Sie arbeitet seit 2002 f\u00fcr die Gleichstellung und Antidiskriminierung von LGBTIQ* in M\u00fcnchen. Weitere Informaitionen finden Sie auf der Internetseite:https:\/\/stadt.muenchen.de\/rathaus\/verwaltung\/direktorium\/lgbtiq-stelle.html<\/p>\n","protected":false},"author":4801,"featured_media":0,"parent":0,"menu_order":0,"comment_status":"closed","ping_status":"closed","template":"","meta":{"footnotes":""},"class_list":["post-10","page","type-page","status-publish","hentry"],"_links":{"self":[{"href":"https:\/\/veranstaltungen.muenchen.de\/kgl\/wp-json\/wp\/v2\/pages\/10"}],"collection":[{"href":"https:\/\/veranstaltungen.muenchen.de\/kgl\/wp-json\/wp\/v2\/pages"}],"about":[{"href":"https:\/\/veranstaltungen.muenchen.de\/kgl\/wp-json\/wp\/v2\/types\/page"}],"author":[{"embeddable":true,"href":"https:\/\/veranstaltungen.muenchen.de\/kgl\/wp-json\/wp\/v2\/users\/4801"}],"replies":[{"embeddable":true,"href":"https:\/\/veranstaltungen.muenchen.de\/kgl\/wp-json\/wp\/v2\/comments?post=10"}],"version-history":[{"count":5,"href":"https:\/\/veranstaltungen.muenchen.de\/kgl\/wp-json\/wp\/v2\/pages\/10\/revisions"}],"predecessor-version":[{"id":276,"href":"https:\/\/veranstaltungen.muenchen.de\/kgl\/wp-json\/wp\/v2\/pages\/10\/revisions\/276"}],"wp:attachment":[{"href":"https:\/\/veranstaltungen.muenchen.de\/kgl\/wp-json\/wp\/v2\/media?parent=10"}],"curies":[{"name":"wp","href":"https:\/\/api.w.org\/{rel}","templated":true}]}}