
{"id":4,"date":"2025-07-28T20:00:29","date_gmt":"2025-07-28T18:00:29","guid":{"rendered":"https:\/\/veranstaltungen.muenchen.de\/gst\/?page_id=4"},"modified":"2025-07-29T10:23:25","modified_gmt":"2025-07-29T08:23:25","slug":"veranstaltungen","status":"publish","type":"page","link":"https:\/\/veranstaltungen.muenchen.de\/gst\/veranstaltungen\/","title":{"rendered":"Veranstaltungen der Gleichstellungsstelle f\u00fcr Frauen"},"content":{"rendered":"\n<p>Ziel der Arbeit der Gleichstellungsstelle ist es, Chancengerechtigkeit f\u00fcr alle Geschlechter in Beruf, Familie und Gesellschaft zu verwirklichen.<\/p>\n\n\n\n<p>Die Gleichstellungsstelle f\u00fcr Frauen wurde 1985 durch Stadtratsbeschluss eingerichtet, arbeitet weisungsfrei und ist direkt dem Oberb\u00fcrgermeister unterstellt. Sie hat den Auftrag, die Gleichstellung der Geschlechter zu f\u00f6rdern sowie Frauenf\u00f6rderung und Antidiskriminierungsarbeit zu leisten. Sie wirkt mit an der Entwicklung einer frauen- und geschlechtergerechten kommunalen Infrastruktur. Sie ber\u00e4t B\u00fcrger*innen, Besch\u00e4ftigte und auch die Referate der Stadt M\u00fcnchen in Fragen der Gleichberechtigung und bei der Umsetzung der Gleichstellung.<br>Weitere Informationen finden Sie unter muenchen.de\/gst<\/p>\n\n\n\n<p><\/p>\n","protected":false},"excerpt":{"rendered":"<p>CONTENTS<\/p>\n","protected":false},"author":9680,"featured_media":0,"parent":0,"menu_order":0,"comment_status":"closed","ping_status":"open","template":"","meta":{"footnotes":""},"class_list":["post-4","page","type-page","status-publish","hentry"],"_links":{"self":[{"href":"https:\/\/veranstaltungen.muenchen.de\/gst\/wp-json\/wp\/v2\/pages\/4"}],"collection":[{"href":"https:\/\/veranstaltungen.muenchen.de\/gst\/wp-json\/wp\/v2\/pages"}],"about":[{"href":"https:\/\/veranstaltungen.muenchen.de\/gst\/wp-json\/wp\/v2\/types\/page"}],"author":[{"embeddable":true,"href":"https:\/\/veranstaltungen.muenchen.de\/gst\/wp-json\/wp\/v2\/users\/9680"}],"replies":[{"embeddable":true,"href":"https:\/\/veranstaltungen.muenchen.de\/gst\/wp-json\/wp\/v2\/comments?post=4"}],"version-history":[{"count":4,"href":"https:\/\/veranstaltungen.muenchen.de\/gst\/wp-json\/wp\/v2\/pages\/4\/revisions"}],"predecessor-version":[{"id":477,"href":"https:\/\/veranstaltungen.muenchen.de\/gst\/wp-json\/wp\/v2\/pages\/4\/revisions\/477"}],"wp:attachment":[{"href":"https:\/\/veranstaltungen.muenchen.de\/gst\/wp-json\/wp\/v2\/media?parent=4"}],"curies":[{"name":"wp","href":"https:\/\/api.w.org\/{rel}","templated":true}]}}