
{"id":5828,"date":"2020-12-16T10:38:53","date_gmt":"2020-12-16T09:38:53","guid":{"rendered":"https:\/\/veranstaltungen.muenchen.de\/ferienangebote-familienpass\/?page_id=5828"},"modified":"2021-01-26T14:32:05","modified_gmt":"2021-01-26T13:32:05","slug":"informationen-zu-ferienpassangeboten","status":"publish","type":"page","link":"https:\/\/veranstaltungen.muenchen.de\/ferienangebote-familienpass\/informationen-zu-ferienpassangeboten\/","title":{"rendered":"Infos zu Ferienfreizeiten und Zirkus Simsala"},"content":{"rendered":"<p>&nbsp;<\/p>\n<p class=\"western\">F\u00fcr die Anmeldung in das Losverfahren einer Freizeit oder einer Workshop-Woche des Zirkus Simsala, geben Sie bitte die angeforderten Daten Ihres\/Ihrer Kinder in das Formular ein. Sie werden nach dem Losverfahren automatisch dar\u00fcber informiert ob Ihr Kind einen Platz bekommen hat oder auf die Warteliste gerutscht ist.<\/p>\n<p>&nbsp;<\/p>\n<p class=\"western\">Berechtigt an der Teilnahme der Ferienfreizeiten und dem Zirkus Simsala, sind ausschlie\u00dflich Kinder und Jugendliche, die im Stadtgebiet M\u00fcnchen wohnen (80*** bis 81***). Die Altersvorgaben der Angebote sind bindend und m\u00fcssen zwingend eingehalten werden. Ein Ferien- oder Familienpass ist f\u00fcr die Fahrten nicht notwendig, wenn dies nicht explizit angegeben wird.<\/p>\n<p>&nbsp;<\/p>\n<p class=\"western\">Die Ferienfreizeiten sind mehrt\u00e4gige, vollbetreute Fahrten mit \u00dcbernachtung, Verpflegung und Transport von M\u00fcnchen zum Zielort und zur\u00fcck. Alle weiteren, notwendigen Informationen zu den jeweiligen Fahrten erhalten Sie mit der Anmeldebest\u00e4tigung. Bei Fragen k\u00f6nnen Sie sich an das Infotelefon der Ferienfreizeiten wenden (siehe Kontakt).<\/p>\n<p>&nbsp;<\/p>\n<p class=\"western\">Der Zirkus Simsala bietet von Montag bis Freitag betreute Zirkusworkshops an. Die Workshop-Woche wird am Samstag mit einer Zirkus-Gala-Vorstellung abgeschlossen.<\/p>\n<p>&nbsp;<\/p>\n","protected":false},"excerpt":{"rendered":"<p>&nbsp; F\u00fcr die Anmeldung in das Losverfahren einer Freizeit oder einer Workshop-Woche des Zirkus Simsala, geben Sie bitte die angeforderten Daten Ihres\/Ihrer Kinder in das Formular ein. Sie werden nach dem Losverfahren automatisch dar\u00fcber informiert ob Ihr Kind einen Platz bekommen hat oder auf die Warteliste gerutscht ist. &nbsp; Berechtigt an der Teilnahme der Ferienfreizeiten [&hellip;]<\/p>\n","protected":false},"author":9,"featured_media":0,"parent":0,"menu_order":0,"comment_status":"closed","ping_status":"closed","template":"","meta":{"footnotes":""},"class_list":["post-5828","page","type-page","status-publish","hentry"],"_links":{"self":[{"href":"https:\/\/veranstaltungen.muenchen.de\/ferienangebote-familienpass\/wp-json\/wp\/v2\/pages\/5828"}],"collection":[{"href":"https:\/\/veranstaltungen.muenchen.de\/ferienangebote-familienpass\/wp-json\/wp\/v2\/pages"}],"about":[{"href":"https:\/\/veranstaltungen.muenchen.de\/ferienangebote-familienpass\/wp-json\/wp\/v2\/types\/page"}],"author":[{"embeddable":true,"href":"https:\/\/veranstaltungen.muenchen.de\/ferienangebote-familienpass\/wp-json\/wp\/v2\/users\/9"}],"replies":[{"embeddable":true,"href":"https:\/\/veranstaltungen.muenchen.de\/ferienangebote-familienpass\/wp-json\/wp\/v2\/comments?post=5828"}],"version-history":[{"count":6,"href":"https:\/\/veranstaltungen.muenchen.de\/ferienangebote-familienpass\/wp-json\/wp\/v2\/pages\/5828\/revisions"}],"predecessor-version":[{"id":5912,"href":"https:\/\/veranstaltungen.muenchen.de\/ferienangebote-familienpass\/wp-json\/wp\/v2\/pages\/5828\/revisions\/5912"}],"wp:attachment":[{"href":"https:\/\/veranstaltungen.muenchen.de\/ferienangebote-familienpass\/wp-json\/wp\/v2\/media?parent=5828"}],"curies":[{"name":"wp","href":"https:\/\/api.w.org\/{rel}","templated":true}]}}