
{"id":4113,"date":"2019-02-01T09:23:50","date_gmt":"2019-02-01T08:23:50","guid":{"rendered":"https:\/\/veranstaltungen.muenchen.de\/ferienpass-familienpass\/?page_id=4113"},"modified":"2023-05-22T13:09:52","modified_gmt":"2023-05-22T11:09:52","slug":"ferienpassangebote","status":"publish","type":"page","link":"https:\/\/veranstaltungen.muenchen.de\/ferienangebote-familienpass\/ferienpassangebote\/","title":{"rendered":"Ferienpassangebote"},"content":{"rendered":"<p>An Ferienpassangeboten k\u00f6nnen nur Kinder und Jugendliche zwischen 6 und 17 Jahren teilnehmen, die im Besitz eines M\u00fcnchner Ferienpasses sind. <a href=\"https:\/\/service.muenchen.de\/intelliform\/forms\/01\/03\/03\/ferienpass\/index\" target=\"_blank\" rel=\"noopener noreferrer\">Den M\u00fcnchner Ferienpass k\u00f6nnen Sie hier online bestellen.<\/a><\/p>\n<div class=\"em em-view-container\" id=\"em-view-1424737756\" data-view=\"list-grouped\">\r\n\t<div class=\"em em-list em-events-list em-events-list-grouped\" id=\"em-events-list-grouped-1424737756\">\r\n\t<div class=\"css-events-month\"><h2>Mai 2026<\/h2><table cellpadding=\"0\" cellspacing=\"0\" class=\"events-table\" >\r\n    <thead>\r\n        <tr>\r\n\t\t\t<th class=\"event-time\" width=\"150\">Datum<\/th>\r\n\t\t\t<th class=\"event-description\" width=\"*\">Veranstaltung<\/th>\r\n\t\t<\/tr>\r\n   \t<\/thead>\r\n    <tbody><tr>\r\n\t\t\t<td>\r\n                25.05.2026\r\n            <\/td>\r\n            <td>\r\n                <a href=\"https:\/\/veranstaltungen.muenchen.de\/ferienangebote-familienpass\/veranstaltungen\/galli-theater-ferienkurs-2025-2026-ab-6-jahre\/\">Galli Theater Ferienkurs 2025\/2026 (ab 6 Jahre)<\/a>\r\n            <\/td>\r\n        <\/tr><tr>\r\n\t\t\t<td>\r\n                26.05.2026\r\n            <\/td>\r\n            <td>\r\n                <a href=\"https:\/\/veranstaltungen.muenchen.de\/ferienangebote-familienpass\/veranstaltungen\/reitkurs-erlebnis-ponyhof-6-bis-12-jahre-21\/\">Reitkurs - Erlebnis Ponyhof (6 bis 12 Jahre)<\/a>\r\n            <\/td>\r\n        <\/tr><tr>\r\n\t\t\t<td>\r\n                26.05.2026\r\n            <\/td>\r\n            <td>\r\n                <a href=\"https:\/\/veranstaltungen.muenchen.de\/ferienangebote-familienpass\/veranstaltungen\/chinesische-kalligrafie-und-kungfu-6-bis-11-jahre-3\/\">Chinesische Kalligrafie und Kungfu (6 bis 11 Jahre)<\/a>\r\n            <\/td>\r\n        <\/tr><tr>\r\n\t\t\t<td>\r\n                26.05.2026\r\n            <\/td>\r\n            <td>\r\n                <a href=\"https:\/\/veranstaltungen.muenchen.de\/ferienangebote-familienpass\/veranstaltungen\/der-imkerin-ueber-die-schulter-geschaut-6-bis-10-jahre\/\">Der Imkerin \u00fcber die Schulter geschaut (6 bis 10 Jahre)<\/a>\r\n            <\/td>\r\n        <\/tr><tr>\r\n\t\t\t<td>\r\n                26.05.2026\r\n            <\/td>\r\n            <td>\r\n                <a href=\"https:\/\/veranstaltungen.muenchen.de\/ferienangebote-familienpass\/veranstaltungen\/masche-fuer-masche-haekeln-leicht-gemacht-ab-14-jahre\/\">Verschoben - Masche f\u00fcr Masche - H\u00e4keln leicht gemacht (ab 14 Jahre)<\/a>\r\n            <\/td>\r\n        <\/tr><tr>\r\n\t\t\t<td>\r\n                26.05.2026\r\n            <\/td>\r\n            <td>\r\n                <a href=\"https:\/\/veranstaltungen.muenchen.de\/ferienangebote-familienpass\/veranstaltungen\/netcompss-computerfuehrerschein-9-bis-12-jahre-14\/\">netcomp@ss Computerf\u00fchrerschein (9 bis 12 Jahre)<\/a>\r\n            <\/td>\r\n        <\/tr><tr>\r\n\t\t\t<td>\r\n                26.05.2026\r\n            <\/td>\r\n            <td>\r\n                <a href=\"https:\/\/veranstaltungen.muenchen.de\/ferienangebote-familienpass\/veranstaltungen\/fablabkids-making-und-coding-fuer-kleine-maker-6-bis-7-jahre-4\/\">FabLabKids: Making und Coding f\u00fcr kleine Maker (6 bis 7 Jahre)<\/a>\r\n            <\/td>\r\n        <\/tr><tr>\r\n\t\t\t<td>\r\n                26.05.2026\r\n            <\/td>\r\n            <td>\r\n                <a href=\"https:\/\/veranstaltungen.muenchen.de\/ferienangebote-familienpass\/veranstaltungen\/brezenbackkurs-8-bis-12-jahre-2\/\">Brezenbackkurs (8 bis 12 Jahre)<\/a>\r\n            <\/td>\r\n        <\/tr><tr>\r\n\t\t\t<td>\r\n                27.05.2026\r\n            <\/td>\r\n            <td>\r\n                <a href=\"https:\/\/veranstaltungen.muenchen.de\/ferienangebote-familienpass\/veranstaltungen\/mission-mikrofon-nachrichten-selbst-machen-9-12-jahre\/\">Mission Mikrofon \u2013 Nachrichten selbst machen (9 bis 12 Jahre)<\/a>\r\n            <\/td>\r\n        <\/tr><tr>\r\n\t\t\t<td>\r\n                27.05.2026\r\n            <\/td>\r\n            <td>\r\n                <a href=\"https:\/\/veranstaltungen.muenchen.de\/ferienangebote-familienpass\/veranstaltungen\/auf-spurensuche-im-internet-fake-news-entlarven-8-bis-12-jahre\/\">Auf Spurensuche im Internet: Fake News entlarven (8 bis 12 Jahre)<\/a>\r\n            <\/td>\r\n        <\/tr><tr>\r\n\t\t\t<td>\r\n                27.05.2026\r\n            <\/td>\r\n            <td>\r\n                <a href=\"https:\/\/veranstaltungen.muenchen.de\/ferienangebote-familienpass\/veranstaltungen\/schaftour-auf-die-stadt-hochalm-ab-6-jahre-2\/\">Schaftour auf die Stadt-Hochalm (ab 6 Jahre)<\/a>\r\n            <\/td>\r\n        <\/tr><tr>\r\n\t\t\t<td>\r\n                28.05.2026\r\n            <\/td>\r\n            <td>\r\n                <a href=\"https:\/\/veranstaltungen.muenchen.de\/ferienangebote-familienpass\/veranstaltungen\/entdecke-die-welt-der-feuerwehr-9-bis-14-jahre-6\/\">Entdecke die Welt der Feuerwehr! (9 bis 14 Jahre)<\/a>\r\n            <\/td>\r\n        <\/tr><tr>\r\n\t\t\t<td>\r\n                28.05.2026\r\n            <\/td>\r\n            <td>\r\n                <a href=\"https:\/\/veranstaltungen.muenchen.de\/ferienangebote-familienpass\/veranstaltungen\/phonelab-8-bis-12-jahre-2\/\">PhoneLab (8 bis 12 Jahre)<\/a>\r\n            <\/td>\r\n        <\/tr><tr>\r\n\t\t\t<td>\r\n                28.05.2026\r\n            <\/td>\r\n            <td>\r\n                <a href=\"https:\/\/veranstaltungen.muenchen.de\/ferienangebote-familienpass\/veranstaltungen\/blick-in-den-untergrund-ab-9-jahre-6\/\">Blick in den Untergrund (ab 9 Jahre)<\/a>\r\n            <\/td>\r\n        <\/tr><tr>\r\n\t\t\t<td>\r\n                29.05.2026\r\n            <\/td>\r\n            <td>\r\n                <a href=\"https:\/\/veranstaltungen.muenchen.de\/ferienangebote-familienpass\/veranstaltungen\/hundefuehrerschein-mit-loki-8-bis-12-jahre-7\/\">&quot;Hundef\u00fchrerschein&quot; mit Loki (8 bis 12 Jahre)<\/a>\r\n            <\/td>\r\n        <\/tr><tr>\r\n\t\t\t<td>\r\n                29.05.2026\r\n            <\/td>\r\n            <td>\r\n                <a href=\"https:\/\/veranstaltungen.muenchen.de\/ferienangebote-familienpass\/veranstaltungen\/stop-motion-abenteuer-8-bis-12-jahre-5\/\">Stop-Motion Abenteuer (8 bis 12 Jahre)<\/a>\r\n            <\/td>\r\n        <\/tr><tr>\r\n\t\t\t<td>\r\n                30.05.2026\r\n            <\/td>\r\n            <td>\r\n                <a href=\"https:\/\/veranstaltungen.muenchen.de\/ferienangebote-familienpass\/veranstaltungen\/mosaik-selber-machen-12-bis-17-jahre\/\">Mosaik selber machen (12 bis 17 Jahre)<\/a>\r\n            <\/td>\r\n        <\/tr><\/tbody><\/table><\/div><div class=\"css-events-month\"><h2>Juni 2026<\/h2><table cellpadding=\"0\" cellspacing=\"0\" class=\"events-table\" >\r\n    <thead>\r\n        <tr>\r\n\t\t\t<th class=\"event-time\" width=\"150\">Datum<\/th>\r\n\t\t\t<th class=\"event-description\" width=\"*\">Veranstaltung<\/th>\r\n\t\t<\/tr>\r\n   \t<\/thead>\r\n    <tbody><tr>\r\n\t\t\t<td>\r\n                01.06.2026\r\n            <\/td>\r\n            <td>\r\n                <a href=\"https:\/\/veranstaltungen.muenchen.de\/ferienangebote-familienpass\/veranstaltungen\/fablabkids-bbc-microbit-programmierung-elektronik-dreiteilig-10-bis-14-jahre-2\/\">FabLabKids: BBC micro:bit \u2013 Programmierung + Elektronik, dreiteilig (10 bis 14 Jahre)<\/a>\r\n            <\/td>\r\n        <\/tr><tr>\r\n\t\t\t<td>\r\n                01.06.2026\r\n            <\/td>\r\n            <td>\r\n                <a href=\"https:\/\/veranstaltungen.muenchen.de\/ferienangebote-familienpass\/veranstaltungen\/galli-theater-ferienkurs-2025-2026-ab-6-jahre-2\/\">Galli Theater Ferienkurs 2025\/2026 (ab 6 Jahre)<\/a>\r\n            <\/td>\r\n        <\/tr><tr>\r\n\t\t\t<td>\r\n                02.06.2026\r\n            <\/td>\r\n            <td>\r\n                <a href=\"https:\/\/veranstaltungen.muenchen.de\/ferienangebote-familienpass\/veranstaltungen\/rafting-auf-der-amper-ab-12-jahre\/\">Rafting auf der Amper (ab 12 Jahre)<\/a>\r\n            <\/td>\r\n        <\/tr><tr>\r\n\t\t\t<td>\r\n                02.06.2026\r\n            <\/td>\r\n            <td>\r\n                <a href=\"https:\/\/veranstaltungen.muenchen.de\/ferienangebote-familienpass\/veranstaltungen\/stop-motion-filmwerkstatt-10-bis-12-jahre\/\">Stop-Motion Filmwerkstatt (10 bis 12 Jahre)<\/a>\r\n            <\/td>\r\n        <\/tr><tr>\r\n\t\t\t<td>\r\n                02.06.2026\r\n            <\/td>\r\n            <td>\r\n                <a href=\"https:\/\/veranstaltungen.muenchen.de\/ferienangebote-familienpass\/veranstaltungen\/exklusive-fuehrung-im-tierpark-hellabrunn-ab-6-jahre-15\/\">Exklusive F\u00fchrung im Tierpark Hellabrunn (ab 6 Jahre)<\/a>\r\n            <\/td>\r\n        <\/tr><tr>\r\n\t\t\t<td>\r\n                03.06.2026\r\n            <\/td>\r\n            <td>\r\n                <a href=\"https:\/\/veranstaltungen.muenchen.de\/ferienangebote-familienpass\/veranstaltungen\/besuch-der-polizeihundestaffel-6-bis-14-jahre_1\/\">Besuch der Polizeihundestaffel (6 bis 14 Jahre)<\/a>\r\n            <\/td>\r\n        <\/tr><tr>\r\n\t\t\t<td>\r\n                03.06.2026\r\n            <\/td>\r\n            <td>\r\n                <a href=\"https:\/\/veranstaltungen.muenchen.de\/ferienangebote-familienpass\/veranstaltungen\/die-geschichte-deines-lebens-7-bis-12-jahre-5\/\">Die Geschichte Deines Lebens (7 bis 12 Jahre)<\/a>\r\n            <\/td>\r\n        <\/tr><tr>\r\n\t\t\t<td>\r\n                03.06.2026\r\n            <\/td>\r\n            <td>\r\n                <a href=\"https:\/\/veranstaltungen.muenchen.de\/ferienangebote-familienpass\/veranstaltungen\/museum-in-der-schachtel-8-bis-12-jahre\/\">Museum in der Schachtel (8 bis 12 Jahre)<\/a>\r\n            <\/td>\r\n        <\/tr><tr>\r\n\t\t\t<td>\r\n                05.06.2026\r\n            <\/td>\r\n            <td>\r\n                <a href=\"https:\/\/veranstaltungen.muenchen.de\/ferienangebote-familienpass\/veranstaltungen\/vier-elemente-statt-vier-waende-10-bis-14-jahre-5\/\">Vier Elemente statt vier W\u00e4nde (10 bis 14 Jahre)<\/a>\r\n            <\/td>\r\n        <\/tr><\/tbody><\/table><\/div><div class=\"css-events-month\"><h2>August 2026<\/h2><table cellpadding=\"0\" cellspacing=\"0\" class=\"events-table\" >\r\n    <thead>\r\n        <tr>\r\n\t\t\t<th class=\"event-time\" width=\"150\">Datum<\/th>\r\n\t\t\t<th class=\"event-description\" width=\"*\">Veranstaltung<\/th>\r\n\t\t<\/tr>\r\n   \t<\/thead>\r\n    <tbody><tr>\r\n\t\t\t<td>\r\n                03.08.2026\r\n            <\/td>\r\n            <td>\r\n                <a href=\"https:\/\/veranstaltungen.muenchen.de\/ferienangebote-familienpass\/veranstaltungen\/fechten-schnupperkurse-7-bis-10-jahre-4\/\">Fechten Schnupperkurse (7 bis 10 Jahre)<\/a>\r\n            <\/td>\r\n        <\/tr><tr>\r\n\t\t\t<td>\r\n                03.08.2026\r\n            <\/td>\r\n            <td>\r\n                <a href=\"https:\/\/veranstaltungen.muenchen.de\/ferienangebote-familienpass\/veranstaltungen\/ferien-werkstatt-ab-13-jahre-2\/\">Ferien-Werkstatt (ab 13 Jahre)<\/a>\r\n            <\/td>\r\n        <\/tr><tr>\r\n\t\t\t<td>\r\n                03.08.2026\r\n            <\/td>\r\n            <td>\r\n                <a href=\"https:\/\/veranstaltungen.muenchen.de\/ferienangebote-familienpass\/veranstaltungen\/reitkurs-erlebnis-ponyhof-6-bis-12-jahre-22\/\">Reitkurs - Erlebnis Ponyhof (6 bis 12 Jahre)<\/a>\r\n            <\/td>\r\n        <\/tr><tr>\r\n\t\t\t<td>\r\n                03.08.2026\r\n            <\/td>\r\n            <td>\r\n                <a href=\"https:\/\/veranstaltungen.muenchen.de\/ferienangebote-familienpass\/veranstaltungen\/antike-mischwesen-und-monster-7-bis-13-jahre\/\">Antike Mischwesen und Monster (7 bis 13 Jahre)<\/a>\r\n            <\/td>\r\n        <\/tr><\/tbody><\/table><\/div><div class=\"em-pagination em-ajax\" data-em-ajax=\"id=1424737756&amp;limit=30&amp;category=ferienpass&amp;mode=monthly&amp;header_format=%3Cdiv+class%3D%22css-events-month%22%3E%3Ch2%3E%23s%3C%2Fh2%3E&amp;date_format=F+Y&amp;action=search_events_grouped\"> <span class=\"page-numbers current\">1<\/span> <a class=\"page-numbers\" href=\"\/ferienangebote-familienpass\/wp-json\/wp\/v2\/pages\/4113?pno=2\" title=\"2\">2<\/a>  <a class=\"page-numbers\" href=\"\/ferienangebote-familienpass\/wp-json\/wp\/v2\/pages\/4113?pno=3\" title=\"3\">3<\/a>  <a class=\"next page-numbers\" href=\"\/ferienangebote-familienpass\/wp-json\/wp\/v2\/pages\/4113?pno=2\" title=\"2\">&gt;<\/a>  <\/div>\t<\/div>\r\n<\/div>\n","protected":false},"excerpt":{"rendered":"<p>An Ferienpassangeboten k\u00f6nnen nur Kinder und Jugendliche zwischen 6 und 17 Jahren teilnehmen, die im Besitz eines M\u00fcnchner Ferienpasses sind. Den M\u00fcnchner Ferienpass k\u00f6nnen Sie hier online bestellen.<\/p>\n","protected":false},"author":3,"featured_media":0,"parent":0,"menu_order":0,"comment_status":"closed","ping_status":"closed","template":"","meta":{"footnotes":""},"class_list":["post-4113","page","type-page","status-publish","hentry"],"_links":{"self":[{"href":"https:\/\/veranstaltungen.muenchen.de\/ferienangebote-familienpass\/wp-json\/wp\/v2\/pages\/4113"}],"collection":[{"href":"https:\/\/veranstaltungen.muenchen.de\/ferienangebote-familienpass\/wp-json\/wp\/v2\/pages"}],"about":[{"href":"https:\/\/veranstaltungen.muenchen.de\/ferienangebote-familienpass\/wp-json\/wp\/v2\/types\/page"}],"author":[{"embeddable":true,"href":"https:\/\/veranstaltungen.muenchen.de\/ferienangebote-familienpass\/wp-json\/wp\/v2\/users\/3"}],"replies":[{"embeddable":true,"href":"https:\/\/veranstaltungen.muenchen.de\/ferienangebote-familienpass\/wp-json\/wp\/v2\/comments?post=4113"}],"version-history":[{"count":9,"href":"https:\/\/veranstaltungen.muenchen.de\/ferienangebote-familienpass\/wp-json\/wp\/v2\/pages\/4113\/revisions"}],"predecessor-version":[{"id":8966,"href":"https:\/\/veranstaltungen.muenchen.de\/ferienangebote-familienpass\/wp-json\/wp\/v2\/pages\/4113\/revisions\/8966"}],"wp:attachment":[{"href":"https:\/\/veranstaltungen.muenchen.de\/ferienangebote-familienpass\/wp-json\/wp\/v2\/media?parent=4113"}],"curies":[{"name":"wp","href":"https:\/\/api.w.org\/{rel}","templated":true}]}}