
{"id":4106,"date":"2019-02-01T09:23:40","date_gmt":"2019-02-01T08:23:40","guid":{"rendered":"https:\/\/veranstaltungen.muenchen.de\/ferienpass-familienpass\/?page_id=4106"},"modified":"2024-01-10T14:23:16","modified_gmt":"2024-01-10T13:23:16","slug":"familienpassangebote","status":"publish","type":"page","link":"https:\/\/veranstaltungen.muenchen.de\/ferienangebote-familienpass\/familienpassangebote\/","title":{"rendered":"Familienpassangebote"},"content":{"rendered":"<p>An Familienpassangeboten k\u00f6nnen nur Personen teilnehmen, die im Besitz eines M\u00fcnchner Familienpasses sind. <a href=\"https:\/\/service.muenchen.de\/intelliform\/forms\/01\/03\/03\/familienpass\/index\" target=\"_blank\" rel=\"noopener noreferrer\">Den M\u00fcnchner Familienpass k\u00f6nnen Sie hier online bestellen.<\/a><\/p>\n<p>&nbsp;<\/p>\n<p><a href=\"https:\/\/stadt.muenchen.de\/dam\/jcr:5a2998c7-1640-48fb-9d52-c0764b3f5c68\/Familienpass_So_gehts.pdf\" target=\"_blank\" rel=\"noopener\">Anleitung zum Anmeldeverfahren (PDF)<\/a><\/p>\n<p>&nbsp;<\/p>\n<div class=\"em em-view-container\" id=\"em-view-1768738121\" data-view=\"list-grouped\">\r\n\t<div class=\"em em-list em-events-list em-events-list-grouped\" id=\"em-events-list-grouped-1768738121\">\r\n\t<div class=\"css-events-month\"><h2>April 2026<\/h2><table cellpadding=\"0\" cellspacing=\"0\" class=\"events-table\" >\r\n    <thead>\r\n        <tr>\r\n\t\t\t<th class=\"event-time\" width=\"150\">Datum<\/th>\r\n\t\t\t<th class=\"event-description\" width=\"*\">Veranstaltung<\/th>\r\n\t\t<\/tr>\r\n   \t<\/thead>\r\n    <tbody><tr>\r\n\t\t\t<td>\r\n                26.04.2026\r\n            <\/td>\r\n            <td>\r\n                <a href=\"https:\/\/veranstaltungen.muenchen.de\/ferienangebote-familienpass\/veranstaltungen\/altstadtfuehrung-fuer-familien-ab-8-jahre-4\/\">Altstadtf\u00fchrung f\u00fcr Familien (ab 8 Jahre)<\/a>\r\n            <\/td>\r\n        <\/tr><tr>\r\n\t\t\t<td>\r\n                30.04.2026\r\n            <\/td>\r\n            <td>\r\n                <a href=\"https:\/\/veranstaltungen.muenchen.de\/ferienangebote-familienpass\/veranstaltungen\/familienfuehrung-ueber-die-auer-dult-ab-7-jahre-4\/\">Familienf\u00fchrung \u00fcber die Auer Dult (ab 7 Jahre)<\/a>\r\n            <\/td>\r\n        <\/tr><\/tbody><\/table><\/div><div class=\"css-events-month\"><h2>Mai 2026<\/h2><table cellpadding=\"0\" cellspacing=\"0\" class=\"events-table\" >\r\n    <thead>\r\n        <tr>\r\n\t\t\t<th class=\"event-time\" width=\"150\">Datum<\/th>\r\n\t\t\t<th class=\"event-description\" width=\"*\">Veranstaltung<\/th>\r\n\t\t<\/tr>\r\n   \t<\/thead>\r\n    <tbody><tr>\r\n\t\t\t<td>\r\n                03.05.2026\r\n            <\/td>\r\n            <td>\r\n                <a href=\"https:\/\/veranstaltungen.muenchen.de\/ferienangebote-familienpass\/veranstaltungen\/wildes-leben-in-der-heide-ab-6-jahre-4\/\">Wildes Leben in der Heide (ab 6 Jahre)<\/a>\r\n            <\/td>\r\n        <\/tr><tr>\r\n\t\t\t<td>\r\n                08.05.2026\r\n            <\/td>\r\n            <td>\r\n                <a href=\"https:\/\/veranstaltungen.muenchen.de\/ferienangebote-familienpass\/veranstaltungen\/vogelpark-olching-der-etwas-andere-park-ab-5-jahre-7\/\">Vogelpark Olching \u2013 der etwas andere Park (ab 5 Jahre)<\/a>\r\n            <\/td>\r\n        <\/tr><tr>\r\n\t\t\t<td>\r\n                09.05.2026\r\n            <\/td>\r\n            <td>\r\n                <a href=\"https:\/\/veranstaltungen.muenchen.de\/ferienangebote-familienpass\/veranstaltungen\/willkommen-beim-muenchner-rundfunkorchester-ab-6-jahre-3\/\">Willkommen beim M\u00fcnchner Rundfunkorchester! (ab 6 Jahre)<\/a>\r\n            <\/td>\r\n        <\/tr><tr>\r\n\t\t\t<td>\r\n                10.05.2026\r\n            <\/td>\r\n            <td>\r\n                <a href=\"https:\/\/veranstaltungen.muenchen.de\/ferienangebote-familienpass\/veranstaltungen\/flossbau-und-flossfahrt-fuer-die-ganze-familie-ab-8-jahre-7\/\">Flo\u00dfbau und Flo\u00dffahrt f\u00fcr die ganze Familie (ab 8 Jahre)<\/a>\r\n            <\/td>\r\n        <\/tr><tr>\r\n\t\t\t<td>\r\n                15.05.2026\r\n            <\/td>\r\n            <td>\r\n                <a href=\"https:\/\/veranstaltungen.muenchen.de\/ferienangebote-familienpass\/veranstaltungen\/leben-auf-der-burg-6-bis-10-jahre-4\/\">Leben auf der Burg (6 bis 10 Jahre)<\/a>\r\n            <\/td>\r\n        <\/tr><tr>\r\n\t\t\t<td>\r\n                16.05.2026\r\n            <\/td>\r\n            <td>\r\n                <a href=\"https:\/\/veranstaltungen.muenchen.de\/ferienangebote-familienpass\/veranstaltungen\/wird-verschoben-gaensefuehrung-hurra-der-nachwuchs-ist-da\/\">G\u00e4nsef\u00fchrung: Hurra, der Nachwuchs ist da! (Ersatztermin)<\/a>\r\n            <\/td>\r\n        <\/tr><tr>\r\n\t\t\t<td>\r\n                17.05.2026\r\n            <\/td>\r\n            <td>\r\n                <a href=\"https:\/\/veranstaltungen.muenchen.de\/ferienangebote-familienpass\/veranstaltungen\/kaiserin-elisabeth-museum-6-bis-12-jahre-3\/\">Kaiserin Elisabeth Museum (6 bis 12 Jahre)<\/a>\r\n            <\/td>\r\n        <\/tr><tr>\r\n\t\t\t<td>\r\n                17.05.2026\r\n            <\/td>\r\n            <td>\r\n                <a href=\"https:\/\/veranstaltungen.muenchen.de\/ferienangebote-familienpass\/veranstaltungen\/familientag-im-markus-wasmeier-freilichtmuseum-ab-3-jahre\/\">Familientag im Markus Wasmeier Freilichtmuseum (ab 3 Jahre)<\/a>\r\n            <\/td>\r\n        <\/tr><tr>\r\n\t\t\t<td>\r\n                27.05.2026\r\n            <\/td>\r\n            <td>\r\n                <a href=\"https:\/\/veranstaltungen.muenchen.de\/ferienangebote-familienpass\/veranstaltungen\/besuch-im-tierheim-6-bis-13-jahre-15\/\">Besuch im Tierheim (6 bis 13 Jahre)<\/a>\r\n            <\/td>\r\n        <\/tr><tr>\r\n\t\t\t<td>\r\n                28.05.2026\r\n            <\/td>\r\n            <td>\r\n                <a href=\"https:\/\/veranstaltungen.muenchen.de\/ferienangebote-familienpass\/veranstaltungen\/digitale-kunst-von-pixelart-bis-animation-6-bis-10-jahre\/\">Digitale Kunst - von Pixelart bis Animation (6 bis 10 Jahre)<\/a>\r\n            <\/td>\r\n        <\/tr><tr>\r\n\t\t\t<td>\r\n                28.05.2026\r\n            <\/td>\r\n            <td>\r\n                <a href=\"https:\/\/veranstaltungen.muenchen.de\/ferienangebote-familienpass\/veranstaltungen\/oekologische-tierhaltung-im-mitmachstall-ab-5-jahre\/\">\u00d6kologische Tierhaltung im MitmachStall (ab 5 Jahre)<\/a>\r\n            <\/td>\r\n        <\/tr><\/tbody><\/table><\/div><div class=\"css-events-month\"><h2>Juni 2026<\/h2><table cellpadding=\"0\" cellspacing=\"0\" class=\"events-table\" >\r\n    <thead>\r\n        <tr>\r\n\t\t\t<th class=\"event-time\" width=\"150\">Datum<\/th>\r\n\t\t\t<th class=\"event-description\" width=\"*\">Veranstaltung<\/th>\r\n\t\t<\/tr>\r\n   \t<\/thead>\r\n    <tbody><tr>\r\n\t\t\t<td>\r\n                01.06.2026\r\n            <\/td>\r\n            <td>\r\n                <a href=\"https:\/\/veranstaltungen.muenchen.de\/ferienangebote-familienpass\/veranstaltungen\/swm-laufwasserkraftwerk-ab-9-jahre-2\/\">SWM Laufwasserkraftwerk (ab 9 Jahre)<\/a>\r\n            <\/td>\r\n        <\/tr><tr>\r\n\t\t\t<td>\r\n                02.06.2026\r\n            <\/td>\r\n            <td>\r\n                <a href=\"https:\/\/veranstaltungen.muenchen.de\/ferienangebote-familienpass\/veranstaltungen\/fuehrung-durch-die-reptilienauffangstation-ab-6-jahre-14\/\">F\u00fchrung durch die Reptilienauffangstation (ab 6 Jahre)<\/a>\r\n            <\/td>\r\n        <\/tr><tr>\r\n\t\t\t<td>\r\n                13.06.2026\r\n            <\/td>\r\n            <td>\r\n                <a href=\"https:\/\/veranstaltungen.muenchen.de\/ferienangebote-familienpass\/veranstaltungen\/kleine-schreinerinnen-ganz-gross-ab-7-jahre-7\/\">Kleine Schreiner*innen ganz gro\u00df! (ab 7 Jahre)<\/a>\r\n            <\/td>\r\n        <\/tr><tr>\r\n\t\t\t<td>\r\n                13.06.2026\r\n            <\/td>\r\n            <td>\r\n                <a href=\"https:\/\/veranstaltungen.muenchen.de\/ferienangebote-familienpass\/veranstaltungen\/alpakas-kaninchen-meerschweinchen-und-mehr-ab-3-jahre-13\/\">Alpakas, Kaninchen, Meerschweinchen und mehr (ab 3 Jahre)<\/a>\r\n            <\/td>\r\n        <\/tr><tr>\r\n\t\t\t<td>\r\n                14.06.2026\r\n            <\/td>\r\n            <td>\r\n                <a href=\"https:\/\/veranstaltungen.muenchen.de\/ferienangebote-familienpass\/veranstaltungen\/alpakas-kaninchen-meerschweinchen-und-mehr-ab-3-jahre-14\/\">Alpakas, Kaninchen, Meerschweinchen und mehr (ab 3 Jahre)<\/a>\r\n            <\/td>\r\n        <\/tr><tr>\r\n\t\t\t<td>\r\n                14.06.2026\r\n            <\/td>\r\n            <td>\r\n                <a href=\"https:\/\/veranstaltungen.muenchen.de\/ferienangebote-familienpass\/veranstaltungen\/wildkraeuter-und-heilpflanzenfuehrung-ab-6-jahre-6\/\">Wildkr\u00e4uter- und Heilpflanzenf\u00fchrung (ab 6 Jahre)<\/a>\r\n            <\/td>\r\n        <\/tr><tr>\r\n\t\t\t<td>\r\n                19.06.2026\r\n            <\/td>\r\n            <td>\r\n                <a href=\"https:\/\/veranstaltungen.muenchen.de\/ferienangebote-familienpass\/veranstaltungen\/vogelpark-olching-der-etwas-andere-park-ab-5-jahre-8\/\">Vogelpark Olching \u2013 der etwas andere Park (ab 5 Jahre)<\/a>\r\n            <\/td>\r\n        <\/tr><tr>\r\n\t\t\t<td>\r\n                20.06.2026\r\n            <\/td>\r\n            <td>\r\n                <a href=\"https:\/\/veranstaltungen.muenchen.de\/ferienangebote-familienpass\/veranstaltungen\/rafting-bootstour-auf-der-isar-fuer-familien-ab-8-jahre-5\/\">Rafting-Bootstour auf der Isar f\u00fcr Familien (ab 8 Jahre)<\/a>\r\n            <\/td>\r\n        <\/tr><tr>\r\n\t\t\t<td>\r\n                20.06.2026\r\n            <\/td>\r\n            <td>\r\n                <a href=\"https:\/\/veranstaltungen.muenchen.de\/ferienangebote-familienpass\/veranstaltungen\/botanischer-garten-pflanzen-im-wasser-ab-6-jahre\/\">Botanischer Garten: Pflanzen im Wasser (ab 6 Jahre)<\/a>\r\n            <\/td>\r\n        <\/tr><tr>\r\n\t\t\t<td>\r\n                21.06.2026\r\n            <\/td>\r\n            <td>\r\n                <a href=\"https:\/\/veranstaltungen.muenchen.de\/ferienangebote-familienpass\/veranstaltungen\/rafting-bootstour-auf-der-isar-fuer-familien-ab-8-jahre-6\/\">Rafting-Bootstour auf der Isar f\u00fcr Familien (ab 8 Jahre)<\/a>\r\n            <\/td>\r\n        <\/tr><tr>\r\n\t\t\t<td>\r\n                21.06.2026\r\n            <\/td>\r\n            <td>\r\n                <a href=\"https:\/\/veranstaltungen.muenchen.de\/ferienangebote-familienpass\/veranstaltungen\/ueber-stock-und-kieselstein-zur-wolle-ab-7-jahre\/\">\u00dcber Stock und Kieselstein zur Wolle (ab 7 Jahre)<\/a>\r\n            <\/td>\r\n        <\/tr><tr>\r\n\t\t\t<td>\r\n                27.06.2026\r\n            <\/td>\r\n            <td>\r\n                <a href=\"https:\/\/veranstaltungen.muenchen.de\/ferienangebote-familienpass\/veranstaltungen\/familienwochenende-mit-pferd-ab-5-jahre-5\/\">Familienwochenende mit Pferd (ab 5 Jahre)<\/a>\r\n            <\/td>\r\n        <\/tr><tr>\r\n\t\t\t<td>\r\n                27.06.2026\r\n            <\/td>\r\n            <td>\r\n                <a href=\"https:\/\/veranstaltungen.muenchen.de\/ferienangebote-familienpass\/veranstaltungen\/fahrradworkshop-fuer-familien-6-bis-14-jahre\/\">Fahrradworkshop f\u00fcr Familien (6 bis 14 Jahre)<\/a>\r\n            <\/td>\r\n        <\/tr><tr>\r\n\t\t\t<td>\r\n                27.06.2026\r\n            <\/td>\r\n            <td>\r\n                <a href=\"https:\/\/veranstaltungen.muenchen.de\/ferienangebote-familienpass\/veranstaltungen\/selbstbehauptungskurs-fuer-jungen-und-vaeter-8-bis-11-jahre\/\">Selbstbehauptungskurs f\u00fcr Jungen* und V\u00e4ter* (8 bis 11 Jahre)<\/a>\r\n            <\/td>\r\n        <\/tr><tr>\r\n\t\t\t<td>\r\n                27.06.2026\r\n            <\/td>\r\n            <td>\r\n                <a href=\"https:\/\/veranstaltungen.muenchen.de\/ferienangebote-familienpass\/veranstaltungen\/upcycling-workshop-ab-6-jahre\/\">Upcycling-Workshop (ab 6 Jahre)<\/a>\r\n            <\/td>\r\n        <\/tr><tr>\r\n\t\t\t<td>\r\n                27.06.2026\r\n            <\/td>\r\n            <td>\r\n                <a href=\"https:\/\/veranstaltungen.muenchen.de\/ferienangebote-familienpass\/veranstaltungen\/fahrradworkshop-fuer-familien-6-bis-14-jahre-2\/\">Fahrradworkshop f\u00fcr Familien (6 bis 14 Jahre)<\/a>\r\n            <\/td>\r\n        <\/tr><tr>\r\n\t\t\t<td>\r\n                27.06.2026\r\n            <\/td>\r\n            <td>\r\n                <a href=\"https:\/\/veranstaltungen.muenchen.de\/ferienangebote-familienpass\/veranstaltungen\/fahrradworkshop-fuer-familien-6-bis-14-jahre-3\/\">Fahrradworkshop f\u00fcr Familien (6 bis 14 Jahre)<\/a>\r\n            <\/td>\r\n        <\/tr><\/tbody><\/table><\/div><div class=\"em-pagination em-ajax\" data-em-ajax=\"id=1768738121&amp;limit=30&amp;category=familienpass&amp;mode=monthly&amp;header_format=%3Cdiv+class%3D%22css-events-month%22%3E%3Ch2%3E%23s%3C%2Fh2%3E&amp;date_format=F+Y&amp;action=search_events_grouped\"> <span class=\"page-numbers current\">1<\/span> <a class=\"page-numbers\" href=\"\/ferienangebote-familienpass\/wp-json\/wp\/v2\/pages\/4106?pno=2\" title=\"2\">2<\/a>  <a class=\"page-numbers\" href=\"\/ferienangebote-familienpass\/wp-json\/wp\/v2\/pages\/4106?pno=3\" title=\"3\">3<\/a>  <a class=\"next page-numbers\" href=\"\/ferienangebote-familienpass\/wp-json\/wp\/v2\/pages\/4106?pno=2\" title=\"2\">&gt;<\/a>  <\/div>\t<\/div>\r\n<\/div>\n\n\n<p><\/p>\n","protected":false},"excerpt":{"rendered":"<p>An Familienpassangeboten k\u00f6nnen nur Personen teilnehmen, die im Besitz eines M\u00fcnchner Familienpasses sind. Den M\u00fcnchner Familienpass k\u00f6nnen Sie hier online bestellen. &nbsp; Anleitung zum Anmeldeverfahren (PDF) &nbsp;<\/p>\n","protected":false},"author":22,"featured_media":0,"parent":0,"menu_order":0,"comment_status":"closed","ping_status":"closed","template":"","meta":{"footnotes":""},"class_list":["post-4106","page","type-page","status-publish","hentry"],"_links":{"self":[{"href":"https:\/\/veranstaltungen.muenchen.de\/ferienangebote-familienpass\/wp-json\/wp\/v2\/pages\/4106"}],"collection":[{"href":"https:\/\/veranstaltungen.muenchen.de\/ferienangebote-familienpass\/wp-json\/wp\/v2\/pages"}],"about":[{"href":"https:\/\/veranstaltungen.muenchen.de\/ferienangebote-familienpass\/wp-json\/wp\/v2\/types\/page"}],"author":[{"embeddable":true,"href":"https:\/\/veranstaltungen.muenchen.de\/ferienangebote-familienpass\/wp-json\/wp\/v2\/users\/22"}],"replies":[{"embeddable":true,"href":"https:\/\/veranstaltungen.muenchen.de\/ferienangebote-familienpass\/wp-json\/wp\/v2\/comments?post=4106"}],"version-history":[{"count":64,"href":"https:\/\/veranstaltungen.muenchen.de\/ferienangebote-familienpass\/wp-json\/wp\/v2\/pages\/4106\/revisions"}],"predecessor-version":[{"id":9854,"href":"https:\/\/veranstaltungen.muenchen.de\/ferienangebote-familienpass\/wp-json\/wp\/v2\/pages\/4106\/revisions\/9854"}],"wp:attachment":[{"href":"https:\/\/veranstaltungen.muenchen.de\/ferienangebote-familienpass\/wp-json\/wp\/v2\/media?parent=4106"}],"curies":[{"name":"wp","href":"https:\/\/api.w.org\/{rel}","templated":true}]}}