
{"id":26,"date":"2014-11-18T17:04:20","date_gmt":"2014-11-18T15:04:20","guid":{"rendered":"http:\/\/veranstaltungen.muenchen.de\/ferienpass-familienpass\/?page_id=26"},"modified":"2023-05-22T13:08:54","modified_gmt":"2023-05-22T11:08:54","slug":"ferienpass","status":"publish","type":"page","link":"https:\/\/veranstaltungen.muenchen.de\/ferienangebote-familienpass\/informationen\/ferienpass\/","title":{"rendered":"Informationen zu Ferienpassangeboten"},"content":{"rendered":"<p>Ferienpassangebote richten sich an Kinder und Jugendliche zwischen 6 und 17 Jahre, die im Besitz des M\u00fcnchner Ferienpasses sind. Wir bitten, im Interesse der Kinder und Jugendlichen, um Beachtung der Altersangaben zu den einzelnen Veranstaltungen.<\/p>\n<p>Bei der Anmeldung ist die Ferienpass-Nummer anzugeben. Diese befindet sich oben links auf dem Ferienpass.<\/p>\n<p>Der M\u00fcnchner Ferienpass gilt f\u00fcr alle Kinder und Jugendlichen zwischen 6 und 17 Jahren, auch wenn sie nicht in M\u00fcnchen und Umgebung leben. Er ist bei einer der zahlreichen <a href=\"http:\/\/www.muenchen.de\/dienstleistungsfinder\/muenchen\/1072729\/n0\/\" target=\"_blank\" rel=\"noopener\">Verkaufsstellen<\/a> erh\u00e4ltlich oder kann direkt <a href=\"https:\/\/service.muenchen.de\/intelliform\/forms\/01\/03\/03\/ferienpass\/index\" target=\"_blank\" rel=\"noopener\">online bestellt<\/a> werden.<\/p>\n","protected":false},"excerpt":{"rendered":"<p>Ferienpassangebote richten sich an Kinder und Jugendliche zwischen 6 und 17 Jahre, die im Besitz des M\u00fcnchner Ferienpasses sind. Wir bitten, im Interesse der Kinder und Jugendlichen, um Beachtung der Altersangaben zu den einzelnen Veranstaltungen. Bei der Anmeldung ist die Ferienpass-Nummer anzugeben. Diese befindet sich oben links auf dem Ferienpass. Der M\u00fcnchner Ferienpass gilt f\u00fcr [&hellip;]<\/p>\n","protected":false},"author":9,"featured_media":0,"parent":20,"menu_order":0,"comment_status":"closed","ping_status":"closed","template":"","meta":{"footnotes":""},"class_list":["post-26","page","type-page","status-publish","hentry"],"_links":{"self":[{"href":"https:\/\/veranstaltungen.muenchen.de\/ferienangebote-familienpass\/wp-json\/wp\/v2\/pages\/26"}],"collection":[{"href":"https:\/\/veranstaltungen.muenchen.de\/ferienangebote-familienpass\/wp-json\/wp\/v2\/pages"}],"about":[{"href":"https:\/\/veranstaltungen.muenchen.de\/ferienangebote-familienpass\/wp-json\/wp\/v2\/types\/page"}],"author":[{"embeddable":true,"href":"https:\/\/veranstaltungen.muenchen.de\/ferienangebote-familienpass\/wp-json\/wp\/v2\/users\/9"}],"replies":[{"embeddable":true,"href":"https:\/\/veranstaltungen.muenchen.de\/ferienangebote-familienpass\/wp-json\/wp\/v2\/comments?post=26"}],"version-history":[{"count":3,"href":"https:\/\/veranstaltungen.muenchen.de\/ferienangebote-familienpass\/wp-json\/wp\/v2\/pages\/26\/revisions"}],"predecessor-version":[{"id":8965,"href":"https:\/\/veranstaltungen.muenchen.de\/ferienangebote-familienpass\/wp-json\/wp\/v2\/pages\/26\/revisions\/8965"}],"up":[{"embeddable":true,"href":"https:\/\/veranstaltungen.muenchen.de\/ferienangebote-familienpass\/wp-json\/wp\/v2\/pages\/20"}],"wp:attachment":[{"href":"https:\/\/veranstaltungen.muenchen.de\/ferienangebote-familienpass\/wp-json\/wp\/v2\/media?parent=26"}],"curies":[{"name":"wp","href":"https:\/\/api.w.org\/{rel}","templated":true}]}}