
{"id":20,"date":"2014-11-18T17:03:17","date_gmt":"2014-11-18T15:03:17","guid":{"rendered":"http:\/\/veranstaltungen.muenchen.de\/ferienpass-familienpass\/?page_id=20"},"modified":"2023-12-15T08:22:56","modified_gmt":"2023-12-15T07:22:56","slug":"informationen","status":"publish","type":"page","link":"https:\/\/veranstaltungen.muenchen.de\/ferienangebote-familienpass\/informationen\/","title":{"rendered":"Informationen"},"content":{"rendered":"<p>Die Veranstaltungsangebote richten sich an alle Inhaberinnen und Inhaber des <a href=\"https:\/\/muenchen.de\/Ferienpass\" target=\"_blank\" rel=\"noopener\">M\u00fcnchner Ferienpasses<\/a> und des <a href=\"https:\/\/muenchen.de\/Familienpass\" target=\"_blank\" rel=\"noopener\">M\u00fcnchner Familienpasses<\/a>.<br \/>\n&nbsp;<br \/>\nDie entsprechenden P\u00e4sse m\u00fcssen vor der Anmeldung zur Veranstaltung gekauft werden. Sie k\u00f6nnen entweder an einer der zahlreichen <a href=\"http:\/\/www.muenchen.de\/dienstleistungsfinder\/muenchen\/1072729\/n0\/\" target=\"_blank\" rel=\"noopener\">Verkaufsstellen<\/a> erworben oder online bestellt werden.<br \/>\n&nbsp;<br \/>\nZur Anmeldung einfach eine Veranstaltung ausw\u00e4hlen, das Formular unterhalb der Beschreibung ausf\u00fcllen und absenden. Sie erhalten dann eine Buchungsbest\u00e4tigung per E-Mail.<br \/>\n&nbsp;<br \/>\nFalls ein Workshop bereits ausgebucht ist, besteht die M\u00f6glichkeit sich online auf die Warteliste einzutragen. Dies ist nicht telefonisch m\u00f6glich.<br \/>\n&nbsp;<br \/>\nSollte es sich um eine kostenpflichtige Veranstaltung handeln, ist die Teilnahmegeb\u00fchr bei Veranstaltungsbeginn vor Ort zu entrichten. Falls Sie einmal doch nicht an einer Veranstaltung teilnehmen k\u00f6nnen, kann Ihre Anmeldung bis zu 3 Tage vor Veranstaltungsbeginn kostenfrei telefonisch storniert werden.<br \/>\n&nbsp;<br \/>\nWeitere Informationen finden Sie auf den Seiten zu unseren Angebotskategorien:<\/p>\n<h2 style=\"padding-left: 30px;\"><a href=\"https:\/\/veranstaltungen.muenchen.de\/ferienangebote-familienpass\/wp-content\/uploads\/sites\/6\/schmetterling-icon-32.png\"><img loading=\"lazy\" decoding=\"async\" class=\"alignnone size-full wp-image-185\" src=\"https:\/\/veranstaltungen.muenchen.de\/ferienangebote-familienpass\/wp-content\/uploads\/sites\/6\/schmetterling-icon-32.png\" alt=\"schmetterling-icon-32\" width=\"32\" height=\"32\"><\/a> <span style=\"color: #e6421e;\"><a style=\"color: #e6421e;\" title=\"Ferienpass-Angebote\" href=\"https:\/\/veranstaltungen.muenchen.de\/ferienangebote-familienpass\/veranstaltungen\/kategorien\/ferienpass\/\">Ferienpassangebote<\/a><\/span><\/h2>\n<h2 style=\"padding-left: 30px;\"><a href=\"https:\/\/veranstaltungen.muenchen.de\/ferienangebote-familienpass\/wp-content\/uploads\/sites\/6\/blume-icon-32.png\"><img loading=\"lazy\" decoding=\"async\" class=\"alignnone size-full wp-image-184\" src=\"https:\/\/veranstaltungen.muenchen.de\/ferienangebote-familienpass\/wp-content\/uploads\/sites\/6\/blume-icon-32-1.png\" alt=\"blume-icon-32\" width=\"32\" height=\"32\"><\/a>&nbsp;<span style=\"color: #3c813a;\"><a style=\"color: #3c813a;\" title=\"Familienpass-Angebote\" href=\"https:\/\/veranstaltungen.muenchen.de\/ferienangebote-familienpass\/veranstaltungen\/kategorien\/familienpass\/\">Familienpassangebote<\/a><\/span><\/h2>\n<h2 style=\"padding-left: 30px;\"><a href=\"https:\/\/veranstaltungen.muenchen.de\/ferienangebote-familienpass\/wp-content\/uploads\/sites\/6\/sonnenschirm44x42.png\"><img loading=\"lazy\" decoding=\"async\" class=\"alignnone size-full wp-image-185\" src=\"https:\/\/veranstaltungen.muenchen.de\/ferienangebote-familienpass\/wp-content\/uploads\/sites\/6\/sonnenschirm44x42.png\" alt=\"sonnenschirm-icon-32\" width=\"32\" height=\"32\"><\/a> <span style=\"color: #e6421e;\"><a style=\"color: #0099df;\" title=\"Ferienfreizeiten\" href=\"https:\/\/veranstaltungen.muenchen.de\/ferienangebote-familienpass\/ferienfreizeiten\">Ferienfreizeiten<\/a><\/span><\/h2>\n","protected":false},"excerpt":{"rendered":"<p>Die Veranstaltungsangebote richten sich an alle Inhaberinnen und Inhaber des M\u00fcnchner Ferienpasses und des M\u00fcnchner Familienpasses. &nbsp; Die entsprechenden P\u00e4sse m\u00fcssen vor der Anmeldung zur Veranstaltung gekauft werden. Sie k\u00f6nnen entweder an einer der zahlreichen Verkaufsstellen erworben oder online bestellt werden. &nbsp; Zur Anmeldung einfach eine Veranstaltung ausw\u00e4hlen, das Formular unterhalb der Beschreibung ausf\u00fcllen und [&hellip;]<\/p>\n","protected":false},"author":9,"featured_media":0,"parent":0,"menu_order":0,"comment_status":"closed","ping_status":"closed","template":"","meta":{"footnotes":""},"class_list":["post-20","page","type-page","status-publish","hentry"],"_links":{"self":[{"href":"https:\/\/veranstaltungen.muenchen.de\/ferienangebote-familienpass\/wp-json\/wp\/v2\/pages\/20"}],"collection":[{"href":"https:\/\/veranstaltungen.muenchen.de\/ferienangebote-familienpass\/wp-json\/wp\/v2\/pages"}],"about":[{"href":"https:\/\/veranstaltungen.muenchen.de\/ferienangebote-familienpass\/wp-json\/wp\/v2\/types\/page"}],"author":[{"embeddable":true,"href":"https:\/\/veranstaltungen.muenchen.de\/ferienangebote-familienpass\/wp-json\/wp\/v2\/users\/9"}],"replies":[{"embeddable":true,"href":"https:\/\/veranstaltungen.muenchen.de\/ferienangebote-familienpass\/wp-json\/wp\/v2\/comments?post=20"}],"version-history":[{"count":13,"href":"https:\/\/veranstaltungen.muenchen.de\/ferienangebote-familienpass\/wp-json\/wp\/v2\/pages\/20\/revisions"}],"predecessor-version":[{"id":9832,"href":"https:\/\/veranstaltungen.muenchen.de\/ferienangebote-familienpass\/wp-json\/wp\/v2\/pages\/20\/revisions\/9832"}],"wp:attachment":[{"href":"https:\/\/veranstaltungen.muenchen.de\/ferienangebote-familienpass\/wp-json\/wp\/v2\/media?parent=20"}],"curies":[{"name":"wp","href":"https:\/\/api.w.org\/{rel}","templated":true}]}}