
{"id":18,"date":"2014-11-18T17:02:46","date_gmt":"2014-11-18T15:02:46","guid":{"rendered":"http:\/\/veranstaltungen.muenchen.de\/ferienpass-familienpass\/?page_id=18"},"modified":"2017-09-22T10:25:43","modified_gmt":"2017-09-22T08:25:43","slug":"startseite","status":"publish","type":"page","link":"https:\/\/veranstaltungen.muenchen.de\/ferienangebote-familienpass\/","title":{"rendered":"Online-Anmeldung jetzt m\u00f6glich!"},"content":{"rendered":"<p>&nbsp;<\/p>\n<p>Das Stadtjugendamt und seine Partner bieten regelm\u00e4\u00dfig zahlreiche Veranstaltungen f\u00fcr Jung und Alt. Darunter befinden sich viele Freizeitangebote,\u00a0Sport, Kreatives, Sehenswertes, Bildung, Kunst und Kultur.<\/p>\n<p>&nbsp;<\/p>\n<p>Auf den nachfolgenden Seiten k\u00f6nnen Sie das Angebot aktueller <a title=\"Veranstaltungen\" href=\"https:\/\/veranstaltungen.muenchen.de\/ferienangebote-familienpass\/veranstaltungen\/\">Veranstaltungen<\/a> einsehen und sich und\/oder Ihre Kinder direkt online anmelden.<\/p>\n<p>&nbsp;<\/p>\n<p>Wie das funktioniert und welche Voraussetzungen zur Teilnahme erf\u00fcllt sein m\u00fcssen, lesen Sie unter <a title=\"Informationen\" href=\"https:\/\/veranstaltungen.muenchen.de\/ferienangebote-familienpass\/informationen\/\">Informationen<\/a>.<\/p>\n<p>&nbsp;<\/p>\n<p>Viel Spa\u00df w\u00fcnscht<\/p>\n<p>Ihr Stadtjugendamt M\u00fcnchen<\/p>\n","protected":false},"excerpt":{"rendered":"<p>&nbsp; Das Stadtjugendamt und seine Partner bieten regelm\u00e4\u00dfig zahlreiche Veranstaltungen f\u00fcr Jung und Alt. Darunter befinden sich viele Freizeitangebote,\u00a0Sport, Kreatives, Sehenswertes, Bildung, Kunst und Kultur. &nbsp; Auf den nachfolgenden Seiten k\u00f6nnen Sie das Angebot aktueller Veranstaltungen einsehen und sich und\/oder Ihre Kinder direkt online anmelden. &nbsp; Wie das funktioniert und welche Voraussetzungen zur Teilnahme erf\u00fcllt [&hellip;]<\/p>\n","protected":false},"author":9,"featured_media":0,"parent":0,"menu_order":0,"comment_status":"closed","ping_status":"closed","template":"","meta":{"footnotes":""},"class_list":["post-18","page","type-page","status-publish","hentry"],"_links":{"self":[{"href":"https:\/\/veranstaltungen.muenchen.de\/ferienangebote-familienpass\/wp-json\/wp\/v2\/pages\/18"}],"collection":[{"href":"https:\/\/veranstaltungen.muenchen.de\/ferienangebote-familienpass\/wp-json\/wp\/v2\/pages"}],"about":[{"href":"https:\/\/veranstaltungen.muenchen.de\/ferienangebote-familienpass\/wp-json\/wp\/v2\/types\/page"}],"author":[{"embeddable":true,"href":"https:\/\/veranstaltungen.muenchen.de\/ferienangebote-familienpass\/wp-json\/wp\/v2\/users\/9"}],"replies":[{"embeddable":true,"href":"https:\/\/veranstaltungen.muenchen.de\/ferienangebote-familienpass\/wp-json\/wp\/v2\/comments?post=18"}],"version-history":[{"count":1,"href":"https:\/\/veranstaltungen.muenchen.de\/ferienangebote-familienpass\/wp-json\/wp\/v2\/pages\/18\/revisions"}],"predecessor-version":[{"id":2802,"href":"https:\/\/veranstaltungen.muenchen.de\/ferienangebote-familienpass\/wp-json\/wp\/v2\/pages\/18\/revisions\/2802"}],"wp:attachment":[{"href":"https:\/\/veranstaltungen.muenchen.de\/ferienangebote-familienpass\/wp-json\/wp\/v2\/media?parent=18"}],"curies":[{"name":"wp","href":"https:\/\/api.w.org\/{rel}","templated":true}]}}