
{"id":17,"date":"2020-02-14T14:56:12","date_gmt":"2020-02-14T13:56:12","guid":{"rendered":"http:\/\/test78.muenchen.de\/dir\/?page_id=17"},"modified":"2020-02-20T11:01:00","modified_gmt":"2020-02-20T10:01:00","slug":"impressum","status":"publish","type":"page","link":"https:\/\/veranstaltungen.muenchen.de\/dir\/impressum\/","title":{"rendered":"Impressum und Rechtshinweise"},"content":{"rendered":"<table style=\"width: 100%;\">\n<tbody>\n<tr>\n<td style=\"width: 50%; font-weight: bold; vertical-align: text-top;\">Landeshauptstadt M\u00fcnchen<\/td>\n<td style=\"width: 50%; font-weight: bold; vertical-align: text-top;\">Landeshauptstadt M\u00fcnchen<\/td>\n<\/tr>\n<tr>\n<td style=\"width: 50%; vertical-align: text-top;\">Oberb\u00fcrgermeister Dieter Reiter<\/td>\n<td style=\"width: 50%; vertical-align: text-top;\">Oberb\u00fcrgermeister Dieter Reiter<\/td>\n<\/tr>\n<tr>\n<td style=\"width: 50%; vertical-align: text-top;\">Postfach<\/td>\n<td style=\"width: 50%; vertical-align: text-top;\">Postfach<\/td>\n<\/tr>\n<tr>\n<td style=\"width: 50%; vertical-align: text-top;\">80313 M\u00fcnchen<\/td>\n<td style=\"width: 50%; vertical-align: text-top;\">80313 M\u00fcnchen<\/td>\n<\/tr>\n<\/tbody>\n<\/table>\n<p style=\"margin-top: 30px;\">E-Mail: <a href=\"mailto:buero.ob@muenchen.de\">buero.ob@muenchen.de<\/a><\/p>\n<p style=\"margin-top: 20px;\">K\u00f6rperschaft des \u00f6ffentlichen Rechts<\/p>\n<p style=\"margin-top: 10px;\">Umsatzsteuer-Identifikationsnummer DE 129 524 000<\/p>\n<p style=\"margin-top: 10px;\">Zust\u00e4ndige Aufsichtsbeh\u00f6rde: Regierung von Oberbayern<\/p>\n<p style=\"margin-top: 10px;\">Es gelten <a href=\"http:\/\/www.muenchen.de\/rathaus\/Kontakt\/Impressum.html\" target=\"_blank\" rel=\"noopener noreferrer\">Impressum und Rechtshinweise der Landeshauptstadt M\u00fcnchen<\/a>.<\/p>\n","protected":false},"excerpt":{"rendered":"<p>Landeshauptstadt M\u00fcnchen Landeshauptstadt M\u00fcnchen Oberb\u00fcrgermeister Dieter Reiter Oberb\u00fcrgermeister Dieter Reiter Postfach Postfach 80313 M\u00fcnchen 80313 M\u00fcnchen E-Mail: buero.ob@muenchen.de K\u00f6rperschaft des \u00f6ffentlichen Rechts Umsatzsteuer-Identifikationsnummer DE 129 524 000 Zust\u00e4ndige Aufsichtsbeh\u00f6rde: Regierung von Oberbayern Es gelten Impressum und Rechtshinweise der Landeshauptstadt M\u00fcnchen.<\/p>\n","protected":false},"author":3,"featured_media":0,"parent":0,"menu_order":0,"comment_status":"closed","ping_status":"closed","template":"","meta":{"footnotes":""},"class_list":["post-17","page","type-page","status-publish","hentry"],"_links":{"self":[{"href":"https:\/\/veranstaltungen.muenchen.de\/dir\/wp-json\/wp\/v2\/pages\/17"}],"collection":[{"href":"https:\/\/veranstaltungen.muenchen.de\/dir\/wp-json\/wp\/v2\/pages"}],"about":[{"href":"https:\/\/veranstaltungen.muenchen.de\/dir\/wp-json\/wp\/v2\/types\/page"}],"author":[{"embeddable":true,"href":"https:\/\/veranstaltungen.muenchen.de\/dir\/wp-json\/wp\/v2\/users\/3"}],"replies":[{"embeddable":true,"href":"https:\/\/veranstaltungen.muenchen.de\/dir\/wp-json\/wp\/v2\/comments?post=17"}],"version-history":[{"count":16,"href":"https:\/\/veranstaltungen.muenchen.de\/dir\/wp-json\/wp\/v2\/pages\/17\/revisions"}],"predecessor-version":[{"id":58,"href":"https:\/\/veranstaltungen.muenchen.de\/dir\/wp-json\/wp\/v2\/pages\/17\/revisions\/58"}],"wp:attachment":[{"href":"https:\/\/veranstaltungen.muenchen.de\/dir\/wp-json\/wp\/v2\/media?parent=17"}],"curies":[{"name":"wp","href":"https:\/\/api.w.org\/{rel}","templated":true}]}}