
{"id":78,"date":"2019-11-08T14:09:16","date_gmt":"2019-11-08T13:09:16","guid":{"rendered":"http:\/\/test78.muenchen.de\/bauzentrum\/?page_id=78"},"modified":"2022-10-28T09:43:59","modified_gmt":"2022-10-28T07:43:59","slug":"datenschutz","status":"publish","type":"page","link":"https:\/\/veranstaltungen.muenchen.de\/bauzentrum\/datenschutz\/","title":{"rendered":"Datenschutz"},"content":{"rendered":"\n<h1 class=\"wp-block-heading\"><strong>Datenschutzerkl\u00e4rung<\/strong><\/h1>\n\n\n\n<p><\/p>\n\n\n\n<p>Um Ihre Angaben zu bearbeiten, ben\u00f6tigen wir von Ihnen  personenbezogene Daten. Diese Daten erheben wir nur im notwendigen  Umfang. Wir halten uns dabei an die Datenschutzgesetze und Vorschriften.  Die Daten werden verschl\u00fcsselt an die zust\u00e4ndige Stelle der  Landeshauptstadt M\u00fcnchen \u00fcbermittelt. Weitergehende Informationen finden  Sie in der <a href=\"https:\/\/www.muenchen.de\/rathaus\/dam\/jcr:4a521047-b617-43be-960a-b3586cbb25e5\/eogov_Veranstaltungsplattform.pdf\">Datenschutzerkl\u00e4rung<\/a> zu dem von Ihnen gew\u00e4hlten Online-Dienst der Landeshauptstadt M\u00fcnchen. Bitte beachten Sie auch die Hinweise zum <a href=\"https:\/\/www.muenchen.de\/meta\/datenschutz.html\">Datenschutz im Impressum<\/a> der Landeshauptstadt M\u00fcnchen.<\/p>\n","protected":false},"excerpt":{"rendered":"<p>Datenschutzerkl\u00e4rung Um Ihre Angaben zu bearbeiten, ben\u00f6tigen wir von Ihnen personenbezogene Daten. Diese Daten erheben wir nur im notwendigen Umfang. Wir halten uns dabei an die Datenschutzgesetze und Vorschriften. Die Daten werden verschl\u00fcsselt an die zust\u00e4ndige Stelle der Landeshauptstadt M\u00fcnchen \u00fcbermittelt. Weitergehende Informationen finden Sie in der Datenschutzerkl\u00e4rung zu dem von Ihnen gew\u00e4hlten Online-Dienst der [&hellip;]<\/p>\n","protected":false},"author":3,"featured_media":0,"parent":0,"menu_order":0,"comment_status":"closed","ping_status":"closed","template":"","meta":{"footnotes":""},"class_list":["post-78","page","type-page","status-publish","hentry"],"_links":{"self":[{"href":"https:\/\/veranstaltungen.muenchen.de\/bauzentrum\/wp-json\/wp\/v2\/pages\/78"}],"collection":[{"href":"https:\/\/veranstaltungen.muenchen.de\/bauzentrum\/wp-json\/wp\/v2\/pages"}],"about":[{"href":"https:\/\/veranstaltungen.muenchen.de\/bauzentrum\/wp-json\/wp\/v2\/types\/page"}],"author":[{"embeddable":true,"href":"https:\/\/veranstaltungen.muenchen.de\/bauzentrum\/wp-json\/wp\/v2\/users\/3"}],"replies":[{"embeddable":true,"href":"https:\/\/veranstaltungen.muenchen.de\/bauzentrum\/wp-json\/wp\/v2\/comments?post=78"}],"version-history":[{"count":5,"href":"https:\/\/veranstaltungen.muenchen.de\/bauzentrum\/wp-json\/wp\/v2\/pages\/78\/revisions"}],"predecessor-version":[{"id":1851,"href":"https:\/\/veranstaltungen.muenchen.de\/bauzentrum\/wp-json\/wp\/v2\/pages\/78\/revisions\/1851"}],"wp:attachment":[{"href":"https:\/\/veranstaltungen.muenchen.de\/bauzentrum\/wp-json\/wp\/v2\/media?parent=78"}],"curies":[{"name":"wp","href":"https:\/\/api.w.org\/{rel}","templated":true}]}}