
{"id":12,"date":"2019-11-05T14:02:40","date_gmt":"2019-11-05T13:02:40","guid":{"rendered":"http:\/\/test78.muenchen.de\/bauzentrum\/?page_id=12"},"modified":"2026-05-04T11:38:42","modified_gmt":"2026-05-04T09:38:42","slug":"impressum","status":"publish","type":"page","link":"https:\/\/veranstaltungen.muenchen.de\/bauzentrum\/impressum\/","title":{"rendered":"Impressum und Rechtshinweise"},"content":{"rendered":"\n<p><strong>Landeshauptstadt M\u00fcnchen<\/strong><br><\/p>\n\n\n\n<p><strong>Referat f\u00fcr Klima- und Umweltschutz<\/strong><br><br> Christine Kugler<br> Bayerstra\u00dfe 28 a<br> 80335 M\u00fcnchen<br> E-Mail: <a href=\"mailto:r.rku@muenchen.de\">r.rku@muenchen.de<\/a><br> Telefon: (089) 233-96300<\/p>\n\n\n\n<p><br><br>Es gelten <a href=\"https:\/\/stadt.muenchen.de\/infos\/impressum.html\" target=\"_blank\" rel=\"noreferrer noopener\">Impressum und Rechtshinweise der Landeshauptstadt M\u00fcnchen<\/a><\/p>\n\n\n\n<p><\/p>\n","protected":false},"excerpt":{"rendered":"<p>Landeshauptstadt M\u00fcnchen Referat f\u00fcr Klima- und Umweltschutz Christine Kugler Bayerstra\u00dfe 28 a 80335 M\u00fcnchen E-Mail: r.rku@muenchen.de Telefon: (089) 233-96300 Es gelten Impressum und Rechtshinweise der Landeshauptstadt M\u00fcnchen<\/p>\n","protected":false},"author":3,"featured_media":0,"parent":0,"menu_order":0,"comment_status":"closed","ping_status":"closed","template":"","meta":{"footnotes":""},"class_list":["post-12","page","type-page","status-publish","hentry"],"_links":{"self":[{"href":"https:\/\/veranstaltungen.muenchen.de\/bauzentrum\/wp-json\/wp\/v2\/pages\/12"}],"collection":[{"href":"https:\/\/veranstaltungen.muenchen.de\/bauzentrum\/wp-json\/wp\/v2\/pages"}],"about":[{"href":"https:\/\/veranstaltungen.muenchen.de\/bauzentrum\/wp-json\/wp\/v2\/types\/page"}],"author":[{"embeddable":true,"href":"https:\/\/veranstaltungen.muenchen.de\/bauzentrum\/wp-json\/wp\/v2\/users\/3"}],"replies":[{"embeddable":true,"href":"https:\/\/veranstaltungen.muenchen.de\/bauzentrum\/wp-json\/wp\/v2\/comments?post=12"}],"version-history":[{"count":4,"href":"https:\/\/veranstaltungen.muenchen.de\/bauzentrum\/wp-json\/wp\/v2\/pages\/12\/revisions"}],"predecessor-version":[{"id":4907,"href":"https:\/\/veranstaltungen.muenchen.de\/bauzentrum\/wp-json\/wp\/v2\/pages\/12\/revisions\/4907"}],"wp:attachment":[{"href":"https:\/\/veranstaltungen.muenchen.de\/bauzentrum\/wp-json\/wp\/v2\/media?parent=12"}],"curies":[{"name":"wp","href":"https:\/\/api.w.org\/{rel}","templated":true}]}}