
{"id":113,"date":"2019-11-25T09:53:53","date_gmt":"2019-11-25T08:53:53","guid":{"rendered":"http:\/\/test78.muenchen.de\/bauzentrum\/?page_id=111"},"modified":"2025-10-29T10:08:05","modified_gmt":"2025-10-29T09:08:05","slug":"seminare","status":"publish","type":"page","link":"https:\/\/veranstaltungen.muenchen.de\/bauzentrum\/seminare\/","title":{"rendered":"Seminare"},"content":{"rendered":"\n<p>Die kostenpflichtigen, dreist\u00fcndigen Seminare, die sich an Fachleute aus der Bau- und Immobilienbranche richten, behandeln vertieft und praxisnah ausgew\u00e4hlte Detailfragen und bieten kompaktes Expertenwissen.<\/p>\n\n\n\n<hr class=\"wp-block-separator has-alpha-channel-opacity\"\/>\n\n\n<div class=\"em em-view-container\" id=\"em-view-1117385099\" data-view=\"list-grouped\">\r\n\t<div class=\"em em-list em-events-list em-events-list-grouped\" id=\"em-events-list-grouped-1117385099\">\r\n\t<div class=\"css-events-month\"><h2>Mai 2026 <\/h2><table cellpadding=\"0\" cellspacing=\"0\" class=\"events-table\" >\r\n<thead>\r\n<tr>\r\n<th class=\"event-time\" width=\"150\">Datum<\/th>\r\n<th class=\"event-description\" width=\"*\">Veranstaltung<\/th>\r\n<\/tr>\r\n<\/thead>\r\n<tbody>\r\n    <tbody><tr>\r\n     <td>\r\n         05.05.2026\r\n     <\/td>\r\n     <td>\r\n         <a href=\"https:\/\/veranstaltungen.muenchen.de\/bauzentrum\/veranstaltungen\/bauzentrum-online-seminar-kompakt-fassadenbegruenung-planung-technik-und-nachhaltige-umsetzung\/\">Bauzentrum Online-Seminar Kompakt: Fassadenbegr\u00fcnung \u2013 Planung, Technik und nachhaltige Umsetzung<\/a>\r\n     <\/td>\r\n<\/tr><tr>\r\n     <td>\r\n         05.05.2026\r\n     <\/td>\r\n     <td>\r\n         <a href=\"https:\/\/veranstaltungen.muenchen.de\/bauzentrum\/veranstaltungen\/bauzentrum-online-seminar-baurecht-baudenkmaeler-grundlagen-zum-denkmalschutz-und-zur-baurechtsoptimierung-3\/\">Bauzentrum Online-Seminar Baurecht: Baudenkm\u00e4ler - Grundlagen zum Denkmalschutz und zur Baurechtsoptimierung<\/a>\r\n     <\/td>\r\n<\/tr><tr>\r\n     <td>\r\n         06.05.2026\r\n     <\/td>\r\n     <td>\r\n         <a href=\"https:\/\/veranstaltungen.muenchen.de\/bauzentrum\/veranstaltungen\/bauzentrum-online-seminar-baurecht-bauwerkvertrag-zahlungspflichten-abwehren-rechnungen-durchsetzen-2\/\">Bauzentrum Online-Seminar Baurecht: Bauwerkvertrag: Zahlungspflichten abwehren \u2013 Rechnungen durchsetzen<\/a>\r\n     <\/td>\r\n<\/tr><tr>\r\n     <td>\r\n         12.05.2026\r\n     <\/td>\r\n     <td>\r\n         <a href=\"https:\/\/veranstaltungen.muenchen.de\/bauzentrum\/veranstaltungen\/bauzentrum-online-seminar-kompakt-batteriespeicher-was-bei-planung-und-bau-beachten-werden-muss\/\">Bauzentrum Online-Seminar Kompakt: Batteriespeicher: Was bei Planung und Bau beachten werden muss<\/a>\r\n     <\/td>\r\n<\/tr><tr>\r\n     <td>\r\n         13.05.2026\r\n     <\/td>\r\n     <td>\r\n         <a href=\"https:\/\/veranstaltungen.muenchen.de\/bauzentrum\/veranstaltungen\/bauzentrum-online-seminar-kompakt-gebaeudeautomation-im-umfeld-der-energiewende\/\">Bauzentrum Online-Seminar Kompakt: Geb\u00e4udeautomation im Umfeld der Energiewende<\/a>\r\n     <\/td>\r\n<\/tr><tr>\r\n     <td>\r\n         18.05.2026\r\n     <\/td>\r\n     <td>\r\n         <a href=\"https:\/\/veranstaltungen.muenchen.de\/bauzentrum\/veranstaltungen\/bauzentrum-online-seminar-kompakt-grundlagenseminar-konstruktiver-glasbau-fassadenintegrierte-photovoltaik-anlagen-und-glas-bauteile\/\">Bauzentrum Online-Seminar Kompakt: Grundlagenseminar &quot;Konstruktiver Glasbau&quot;: Fassadenintegrierte Photovoltaik-Anlagen und Glas-Bauteile<\/a>\r\n     <\/td>\r\n<\/tr><tr>\r\n     <td>\r\n         19.05.2026\r\n     <\/td>\r\n     <td>\r\n         <a href=\"https:\/\/veranstaltungen.muenchen.de\/bauzentrum\/veranstaltungen\/bauzentrum-online-seminar-kompakt-innen-daemmung-riskant-und-noetig-3\/\">Bauzentrum Online-Seminar Kompakt: Innen-D\u00e4mmung \u2013 riskant und n\u00f6tig?<\/a>\r\n     <\/td>\r\n<\/tr><tr>\r\n     <td>\r\n         21.05.2026\r\n     <\/td>\r\n     <td>\r\n         <a href=\"https:\/\/veranstaltungen.muenchen.de\/bauzentrum\/veranstaltungen\/bauzentrum-praesenz-seminar-praxis-luefter-im-fenster-falz\/\">Bauzentrum Pr\u00e4senz-Seminar Praxis: L\u00fcfter im Fenster(-Falz)<\/a>\r\n     <\/td>\r\n<\/tr><\/tbody><\/table><\/div><div class=\"css-events-month\"><h2>Juni 2026 <\/h2><table cellpadding=\"0\" cellspacing=\"0\" class=\"events-table\" >\r\n<thead>\r\n<tr>\r\n<th class=\"event-time\" width=\"150\">Datum<\/th>\r\n<th class=\"event-description\" width=\"*\">Veranstaltung<\/th>\r\n<\/tr>\r\n<\/thead>\r\n<tbody>\r\n    <tbody><tr>\r\n     <td>\r\n         16.06.2026\r\n     <\/td>\r\n     <td>\r\n         <a href=\"https:\/\/veranstaltungen.muenchen.de\/bauzentrum\/veranstaltungen\/bauzentrum-online-seminar-kompakt-abnahme-von-waermepumpen-bei-wohngebaeuden-2\/\">Bauzentrum Online-Seminar Kompakt: Abnahme von W\u00e4rmepumpen bei Wohngeb\u00e4uden<\/a>\r\n     <\/td>\r\n<\/tr><tr>\r\n     <td>\r\n         18.06.2026\r\n     <\/td>\r\n     <td>\r\n         <a href=\"https:\/\/veranstaltungen.muenchen.de\/bauzentrum\/veranstaltungen\/bauzentrum-online-seminar-baurecht-vob-b-paukkurs-3\/\">Bauzentrum Online-Seminar Baurecht: VOB\/B-Paukkurs<\/a>\r\n     <\/td>\r\n<\/tr><tr>\r\n     <td>\r\n         25.06.2026\r\n     <\/td>\r\n     <td>\r\n         <a href=\"https:\/\/veranstaltungen.muenchen.de\/bauzentrum\/veranstaltungen\/bauzentrum-online-seminar-kompakt-konflikte-am-bau-verstehen-und-souveraen-klaeren\/\">Bauzentrum Online-Seminar Kompakt: Konflikte am Bau verstehen und souver\u00e4n kl\u00e4ren<\/a>\r\n     <\/td>\r\n<\/tr><tr>\r\n     <td>\r\n         30.06.2026\r\n     <\/td>\r\n     <td>\r\n         <a href=\"https:\/\/veranstaltungen.muenchen.de\/bauzentrum\/veranstaltungen\/bauzentrum-online-seminar-kompakt-dachbegruenung-planung-technik-und-nachhaltige-umsetzung\/\">Bauzentrum Online-Seminar Kompakt: Dachbegr\u00fcnung \u2013 Planung, Technik und nachhaltige Umsetzung<\/a>\r\n     <\/td>\r\n<\/tr><\/tbody><\/table><\/div><div class=\"css-events-month\"><h2>Juli 2026 <\/h2><table cellpadding=\"0\" cellspacing=\"0\" class=\"events-table\" >\r\n<thead>\r\n<tr>\r\n<th class=\"event-time\" width=\"150\">Datum<\/th>\r\n<th class=\"event-description\" width=\"*\">Veranstaltung<\/th>\r\n<\/tr>\r\n<\/thead>\r\n<tbody>\r\n    <tbody><tr>\r\n     <td>\r\n         07.07.2026\r\n     <\/td>\r\n     <td>\r\n         <a href=\"https:\/\/veranstaltungen.muenchen.de\/bauzentrum\/veranstaltungen\/bauzentrum-online-seminar-kompakt-biodiversitaet-am-gebaeude-2\/\">Bauzentrum Online-Seminar Kompakt: Biodiversit\u00e4t am Geb\u00e4ude<\/a>\r\n     <\/td>\r\n<\/tr><tr>\r\n     <td>\r\n         08.07.2026\r\n     <\/td>\r\n     <td>\r\n         <a href=\"https:\/\/veranstaltungen.muenchen.de\/bauzentrum\/veranstaltungen\/bauzentrum-online-seminar-kompakt-energieeinsparung-und-denkmalschutz-kein-widerspruch-3\/\">Bauzentrum Online-Seminar Kompakt: Energieeinsparung und Denkmalschutz \u2013 (k)ein Widerspruch?<\/a>\r\n     <\/td>\r\n<\/tr><\/tbody><\/table><\/div><div class=\"css-events-month\"><h2>September 2026 <\/h2><table cellpadding=\"0\" cellspacing=\"0\" class=\"events-table\" >\r\n<thead>\r\n<tr>\r\n<th class=\"event-time\" width=\"150\">Datum<\/th>\r\n<th class=\"event-description\" width=\"*\">Veranstaltung<\/th>\r\n<\/tr>\r\n<\/thead>\r\n<tbody>\r\n    <tbody><tr>\r\n     <td>\r\n         23.09.2026\r\n     <\/td>\r\n     <td>\r\n         <a href=\"https:\/\/veranstaltungen.muenchen.de\/bauzentrum\/veranstaltungen\/bauzentrum-online-seminar-kompakt-putze-und-anstrichstoffe-in-der-bausanierung-2\/\">Bauzentrum Online-Seminar Kompakt: Putze und Anstrichstoffe in der Bausanierung<\/a>\r\n     <\/td>\r\n<\/tr><\/tbody><\/table><\/div><div class=\"css-events-month\"><h2>Oktober 2026 <\/h2><table cellpadding=\"0\" cellspacing=\"0\" class=\"events-table\" >\r\n<thead>\r\n<tr>\r\n<th class=\"event-time\" width=\"150\">Datum<\/th>\r\n<th class=\"event-description\" width=\"*\">Veranstaltung<\/th>\r\n<\/tr>\r\n<\/thead>\r\n<tbody>\r\n    <tbody><tr>\r\n     <td>\r\n         07.10.2026\r\n     <\/td>\r\n     <td>\r\n         <a href=\"https:\/\/veranstaltungen.muenchen.de\/bauzentrum\/veranstaltungen\/bauzentrum-online-seminar-baurecht-gestoerter-bauablauf-und-seine-rechtsfolgen-3\/\">Bauzentrum Online-Seminar Baurecht: Gest\u00f6rter Bauablauf und seine Rechtsfolgen<\/a>\r\n     <\/td>\r\n<\/tr><tr>\r\n     <td>\r\n         14.10.2026\r\n     <\/td>\r\n     <td>\r\n         <a href=\"https:\/\/veranstaltungen.muenchen.de\/bauzentrum\/veranstaltungen\/bauzentrum-online-seminar-baurecht-planerinnen-zwischen-pflicht-und-pflichtverletzung-2\/\">Bauzentrum Online-Seminar Baurecht: Planer*innen zwischen Pflicht und Pflichtverletzung<\/a>\r\n     <\/td>\r\n<\/tr><tr>\r\n     <td>\r\n         15.10.2026\r\n     <\/td>\r\n     <td>\r\n         <a href=\"https:\/\/veranstaltungen.muenchen.de\/bauzentrum\/veranstaltungen\/bauzentrum-online-seminar-kompakt-brandschutz-in-der-technischen-gebaeudeausruestung-tga\/\">Bauzentrum Online-Seminar Kompakt: Brandschutz in der Technischen Geb\u00e4udeausr\u00fcstung (TGA)<\/a>\r\n     <\/td>\r\n<\/tr><tr>\r\n     <td>\r\n         20.10.2026\r\n     <\/td>\r\n     <td>\r\n         <a href=\"https:\/\/veranstaltungen.muenchen.de\/bauzentrum\/veranstaltungen\/bauzentrum-online-seminar-baurecht-bauplanungsrecht-und-bauordnungsrecht-fuer-einsteigerinnen-3\/\">Bauzentrum Online-Seminar Baurecht: Bauplanungsrecht und Bauordnungsrecht f\u00fcr Einsteiger*innen<\/a>\r\n     <\/td>\r\n<\/tr><tr>\r\n     <td>\r\n         22.10.2026\r\n     <\/td>\r\n     <td>\r\n         <a href=\"https:\/\/veranstaltungen.muenchen.de\/bauzentrum\/veranstaltungen\/bauzentrum-online-seminar-baurecht-nachtraege-am-bau-ein-rechtlicher-leitfaden-3\/\">Bauzentrum Online-Seminar Baurecht: Nachtr\u00e4ge am Bau - ein rechtlicher Leitfaden<\/a>\r\n     <\/td>\r\n<\/tr><tr>\r\n     <td>\r\n         27.10.2026\r\n     <\/td>\r\n     <td>\r\n         <a href=\"https:\/\/veranstaltungen.muenchen.de\/bauzentrum\/veranstaltungen\/bauzentrum-online-seminar-kompakt-waermedaemmverbundsysteme-einbau-qualitaet-und-wartungskosten-kontrollieren-3\/\">Bauzentrum Online-Seminar Kompakt: W\u00e4rmed\u00e4mmverbundsysteme - Einbau-Qualit\u00e4t und Wartungskosten kontrollieren<\/a>\r\n     <\/td>\r\n<\/tr><tr>\r\n     <td>\r\n         28.10.2026\r\n     <\/td>\r\n     <td>\r\n         <a href=\"https:\/\/veranstaltungen.muenchen.de\/bauzentrum\/veranstaltungen\/bauzentrum-praesenz-seminar-kompakt-workshop-waermebruecken-i-4\/\">Bauzentrum Pr\u00e4senz-Seminar Praxis: Workshop W\u00e4rmebr\u00fccken I<\/a>\r\n     <\/td>\r\n<\/tr><tr>\r\n     <td>\r\n         28.10.2026\r\n     <\/td>\r\n     <td>\r\n         <a href=\"https:\/\/veranstaltungen.muenchen.de\/bauzentrum\/veranstaltungen\/bauzentrum-praesenz-seminar-kompakt-workshop-waermebruecken-ii-4\/\">Bauzentrum Pr\u00e4senz-Seminar Praxis: Workshop W\u00e4rmebr\u00fccken II<\/a>\r\n     <\/td>\r\n<\/tr><\/tbody><\/table><\/div><div class=\"css-events-month\"><h2>November 2026 <\/h2><table cellpadding=\"0\" cellspacing=\"0\" class=\"events-table\" >\r\n<thead>\r\n<tr>\r\n<th class=\"event-time\" width=\"150\">Datum<\/th>\r\n<th class=\"event-description\" width=\"*\">Veranstaltung<\/th>\r\n<\/tr>\r\n<\/thead>\r\n<tbody>\r\n    <tbody><tr>\r\n     <td>\r\n         12.11.2026\r\n     <\/td>\r\n     <td>\r\n         <a href=\"https:\/\/veranstaltungen.muenchen.de\/bauzentrum\/veranstaltungen\/bauzentrum-online-seminar-baurecht-nachverdichtung-auf-bebauten-grundstuecken-rechtliche-rahmenbedingungen-fuer-die-baurechtsoptimierung-2\/\">Bauzentrum Online-Seminar Baurecht: Nachverdichtung auf bebauten Grundst\u00fccken - rechtliche Rahmenbedingungen f\u00fcr die Baurechtsoptimierung<\/a>\r\n     <\/td>\r\n<\/tr><tr>\r\n     <td>\r\n         17.11.2026\r\n     <\/td>\r\n     <td>\r\n         <a href=\"https:\/\/veranstaltungen.muenchen.de\/bauzentrum\/veranstaltungen\/bauzentrum-online-seminar-kompakt-sanierung-feuchter-und-versalzter-waende-3\/\">Bauzentrum Online-Seminar Kompakt: Sanierung feuchter und versalzter W\u00e4nde<\/a>\r\n     <\/td>\r\n<\/tr><\/tbody><\/table><\/div>\t<\/div>\r\n<\/div>\n","protected":false},"excerpt":{"rendered":"<p>Die kostenpflichtigen, dreist\u00fcndigen Seminare, die sich an Fachleute aus der Bau- und Immobilienbranche richten, behandeln vertieft und praxisnah ausgew\u00e4hlte Detailfragen und bieten kompaktes Expertenwissen.<\/p>\n","protected":false},"author":3,"featured_media":0,"parent":0,"menu_order":0,"comment_status":"closed","ping_status":"closed","template":"","meta":{"footnotes":""},"class_list":["post-113","page","type-page","status-publish","hentry"],"_links":{"self":[{"href":"https:\/\/veranstaltungen.muenchen.de\/bauzentrum\/wp-json\/wp\/v2\/pages\/113"}],"collection":[{"href":"https:\/\/veranstaltungen.muenchen.de\/bauzentrum\/wp-json\/wp\/v2\/pages"}],"about":[{"href":"https:\/\/veranstaltungen.muenchen.de\/bauzentrum\/wp-json\/wp\/v2\/types\/page"}],"author":[{"embeddable":true,"href":"https:\/\/veranstaltungen.muenchen.de\/bauzentrum\/wp-json\/wp\/v2\/users\/3"}],"replies":[{"embeddable":true,"href":"https:\/\/veranstaltungen.muenchen.de\/bauzentrum\/wp-json\/wp\/v2\/comments?post=113"}],"version-history":[{"count":8,"href":"https:\/\/veranstaltungen.muenchen.de\/bauzentrum\/wp-json\/wp\/v2\/pages\/113\/revisions"}],"predecessor-version":[{"id":4397,"href":"https:\/\/veranstaltungen.muenchen.de\/bauzentrum\/wp-json\/wp\/v2\/pages\/113\/revisions\/4397"}],"wp:attachment":[{"href":"https:\/\/veranstaltungen.muenchen.de\/bauzentrum\/wp-json\/wp\/v2\/media?parent=113"}],"curies":[{"name":"wp","href":"https:\/\/api.w.org\/{rel}","templated":true}]}}