
{"id":111,"date":"2019-11-25T09:52:25","date_gmt":"2019-11-25T08:52:25","guid":{"rendered":"http:\/\/test78.muenchen.de\/bauzentrum\/?page_id=107"},"modified":"2025-10-31T11:01:51","modified_gmt":"2025-10-31T10:01:51","slug":"infoabende-vortraege-fuehrungen-infotage","status":"publish","type":"page","link":"https:\/\/veranstaltungen.muenchen.de\/bauzentrum\/infoabende-vortraege-fuehrungen-infotage\/","title":{"rendered":"Infovortr\u00e4ge \u2013 F\u00fchrungen \u2013 Infotage"},"content":{"rendered":"\n<p>Die kostenfreien Infoabende, Info@Lunch, Vortr\u00e4ge, F\u00fchrungen und Infotage informieren B\u00fcrger*innen praxisnah, kompakt und verst\u00e4ndlich zu vielen wichtigen Themen wie beispielsweise zum richtigen Heizen und L\u00fcften, zu energetischer Sanierung, F\u00f6rderm\u00f6glichkeiten, solarer Energienutzung oder zu optimaler W\u00e4rmed\u00e4mmung. Die Veranstaltungen werden teilweise auch in Kooperation mit der M\u00fcnchner Volkshochschule, dem \u00d6kologischen Bildungszentrum M\u00fcnchen, der Volkshochschule S\u00fcdOst sowie Vereinen und Institutionen durchgef\u00fchrt.<\/p>\n\n\n\n<hr class=\"wp-block-separator has-alpha-channel-opacity\"\/>\n\n\n<div class=\"em em-view-container\" id=\"em-view-562993045\" data-view=\"list-grouped\">\r\n\t<div class=\"em em-list em-events-list em-events-list-grouped\" id=\"em-events-list-grouped-562993045\">\r\n\t<div class=\"css-events-month\"><h2>Mai 2026 <\/h2><table cellpadding=\"0\" cellspacing=\"0\" class=\"events-table\" >\r\n<thead>\r\n<tr>\r\n<th class=\"event-time\" width=\"150\">Datum<\/th>\r\n<th class=\"event-description\" width=\"*\">Veranstaltung<\/th>\r\n<\/tr>\r\n<\/thead>\r\n<tbody>\r\n    <tbody><tr>\r\n     <td>\r\n         04.05.2026\r\n     <\/td>\r\n     <td>\r\n         <a href=\"https:\/\/veranstaltungen.muenchen.de\/bauzentrum\/veranstaltungen\/bauzentrum-infolunch-leitfaden-fuer-nachhaltige-wohngebaeude-in-muenchen\/\">Bauzentrum Info@Lunch: Leitfaden f\u00fcr nachhaltige Wohngeb\u00e4ude in M\u00fcnchen<\/a>\r\n     <\/td>\r\n<\/tr><tr>\r\n     <td>\r\n         05.05.2026\r\n     <\/td>\r\n     <td>\r\n         <a href=\"https:\/\/veranstaltungen.muenchen.de\/bauzentrum\/veranstaltungen\/bauzentrum-praesenz-vortrag-in-der-mvhs-sued-steckersolar-geraete-und-ihre-vielfaeltigen-einsatzmoeglichkeiten-2\/\">Bauzentrum Pr\u00e4senz-Vortrag in der MVHS S\u00fcd: Steckersolar-Ger\u00e4te und ihre vielf\u00e4ltigen Einsatzm\u00f6glichkeiten<\/a>\r\n     <\/td>\r\n<\/tr><tr>\r\n     <td>\r\n         06.05.2026\r\n     <\/td>\r\n     <td>\r\n         <a href=\"https:\/\/veranstaltungen.muenchen.de\/bauzentrum\/veranstaltungen\/bauzentrum-praesenz-vortrag-in-der-mvhs-west-dachgeschossausbau-wohnraum-schaffen-im-bestand\/\">Bauzentrum Pr\u00e4senz-Vortrag in der MVHS West: Dachgeschossausbau: Wohnraum schaffen im Bestand<\/a>\r\n     <\/td>\r\n<\/tr><tr>\r\n     <td>\r\n         07.05.2026\r\n     <\/td>\r\n     <td>\r\n         <a href=\"https:\/\/veranstaltungen.muenchen.de\/bauzentrum\/veranstaltungen\/bauzentrum-online-infoabend-bauzentrum-online-infoabend-fenstertausch-dachdaemmung-und-co-tipps-zur-foerderung-der-wohngebaeudesanierung-von-bund-und-kommune\/\">Bauzentrum Online-Infoabend: Bauzentrum Online-Infoabend: Fenstertausch, Dachd\u00e4mmung und Co: Tipps zur F\u00f6rderung der Wohngeb\u00e4udesanierung von Bund und Kommune<\/a>\r\n     <\/td>\r\n<\/tr><tr>\r\n     <td>\r\n         12.05.2026\r\n     <\/td>\r\n     <td>\r\n         <a href=\"https:\/\/veranstaltungen.muenchen.de\/bauzentrum\/veranstaltungen\/bauzentrum-online-infoabend-ganzheitlich-planen-bauen-und-renovieren-mit-feng-shui-2\/\">Bauzentrum Online-Infoabend: Ganzheitlich planen, bauen und renovieren mit Feng Shui<\/a>\r\n     <\/td>\r\n<\/tr><tr>\r\n     <td>\r\n         13.05.2026\r\n     <\/td>\r\n     <td>\r\n         <a href=\"https:\/\/veranstaltungen.muenchen.de\/bauzentrum\/veranstaltungen\/bauzentrum-online-infoabend-schrittweise-sanieren-wie-sie-ihr-eigenheim-effizient-und-komfortabel-modernisieren\/\">Bauzentrum Online-Infoabend: Schrittweise sanieren \u2013 wie Sie Ihr Eigenheim effizient und komfortabel modernisieren<\/a>\r\n     <\/td>\r\n<\/tr><tr>\r\n     <td>\r\n         18.05.2026\r\n     <\/td>\r\n     <td>\r\n         <a href=\"https:\/\/veranstaltungen.muenchen.de\/bauzentrum\/veranstaltungen\/bauzentrum-praesenz-vortrag-in-der-mvhs-nord-wandbegruenung-an-gebaeuden-natuerliche-klimatisierung\/\">Bauzentrum Pr\u00e4senz-Vortrag in der MVHS Nord: Wandbegr\u00fcnung an Geb\u00e4uden - nat\u00fcrliche Klimatisierung<\/a>\r\n     <\/td>\r\n<\/tr><tr>\r\n     <td>\r\n         19.05.2026\r\n     <\/td>\r\n     <td>\r\n         <a href=\"https:\/\/veranstaltungen.muenchen.de\/bauzentrum\/veranstaltungen\/bauzentrum-online-infoabend-kreislaufwirtschaft-im-bauen-von-der-muenchner-strategie-zum-praktischen-pilotprojekt\/\">Bauzentrum Online-Infoabend: Kreislaufwirtschaft im Bauen \u2013 von der M\u00fcnchner Strategie zum praktischen Pilotprojekt<\/a>\r\n     <\/td>\r\n<\/tr><tr>\r\n     <td>\r\n         20.05.2026\r\n     <\/td>\r\n     <td>\r\n         <a href=\"https:\/\/veranstaltungen.muenchen.de\/bauzentrum\/veranstaltungen\/bauzentrum-online-vortrag-fuer-oebz-ist-heizen-mit-holz-und-pellets-noch-zeitgemaess\/\">Bauzentrum Online-Vortrag f\u00fcr \u00d6BZ: Ist Heizen mit Holz und Pellets noch zeitgem\u00e4\u00df?<\/a>\r\n     <\/td>\r\n<\/tr><tr>\r\n     <td>\r\n         21.05.2026\r\n     <\/td>\r\n     <td>\r\n         <a href=\"https:\/\/veranstaltungen.muenchen.de\/bauzentrum\/veranstaltungen\/bauzentrum-praesenz-vortrag-in-der-mvhs-ost-energetische-sanierung-in-wegs-und-mehrfamilienhaeusern-vorgehen-moeglichkeiten-und-foerderungen\/\">Bauzentrum Pr\u00e4senz-Vortrag in der MVHS Ost: Energetische Sanierung in WEGs und Mehrfamilienh\u00e4usern:  Vorgehen, M\u00f6glichkeiten und F\u00f6rderungen<\/a>\r\n     <\/td>\r\n<\/tr><\/tbody><\/table><\/div><div class=\"css-events-month\"><h2>Juni 2026 <\/h2><table cellpadding=\"0\" cellspacing=\"0\" class=\"events-table\" >\r\n<thead>\r\n<tr>\r\n<th class=\"event-time\" width=\"150\">Datum<\/th>\r\n<th class=\"event-description\" width=\"*\">Veranstaltung<\/th>\r\n<\/tr>\r\n<\/thead>\r\n<tbody>\r\n    <tbody><tr>\r\n     <td>\r\n         09.06.2026\r\n     <\/td>\r\n     <td>\r\n         <a href=\"https:\/\/veranstaltungen.muenchen.de\/bauzentrum\/veranstaltungen\/bauzentrum-praesenz-vortrag-in-der-mvhs-nord-stadt-im-klimawandel-das-prinzip-schwammstadt-gebaeudebegruenung-gruenflaechen-und-wasserkreislaeufe-2\/\">Bauzentrum Pr\u00e4senz-Vortrag in der MVHS Nord: Stadt im Klimawandel - das Prinzip Schwammstadt: Geb\u00e4udebegr\u00fcnung, Gr\u00fcnfl\u00e4chen und Wasserkreisl\u00e4ufe<\/a>\r\n     <\/td>\r\n<\/tr><tr>\r\n     <td>\r\n         09.06.2026\r\n     <\/td>\r\n     <td>\r\n         <a href=\"https:\/\/veranstaltungen.muenchen.de\/bauzentrum\/veranstaltungen\/bauzentrum-praesenz-vortrag-in-der-mvhs-sued-pv-solarthermie-oder-hybridanlage-neue-optionen-fuer-die-sonnenenergienutzung\/\">Bauzentrum Pr\u00e4senz-Vortrag in der MVHS S\u00fcd: PV, Solarthermie- oder Hybridanlage? Neue Optionen f\u00fcr die Sonnenenergienutzung<\/a>\r\n     <\/td>\r\n<\/tr><tr>\r\n     <td>\r\n         10.06.2026\r\n     <\/td>\r\n     <td>\r\n         <a href=\"https:\/\/veranstaltungen.muenchen.de\/bauzentrum\/veranstaltungen\/bauzentrum-praesenz-vortrag-im-oebz-lueften-kuehlen-und-heizen-mit-solar-luftkollektoren-2\/\">Bauzentrum Pr\u00e4senz-Vortrag im \u00d6BZ: L\u00fcften, K\u00fchlen und Heizen mit Solar-Luftkollektoren<\/a>\r\n     <\/td>\r\n<\/tr><tr>\r\n     <td>\r\n         15.06.2026\r\n     <\/td>\r\n     <td>\r\n         <a href=\"https:\/\/veranstaltungen.muenchen.de\/bauzentrum\/veranstaltungen\/bauzentrum-praesenz-vortrag-in-der-mvhs-nord-natuerliche-daemmstoffe-waermeschutz-im-sommer-wohnbehaglichkeit-im-winter\/\">Bauzentrum Pr\u00e4senz-Vortrag in der MVHS Nord: Nat\u00fcrliche D\u00e4mmstoffe - W\u00e4rmeschutz im Sommer, Wohnbehaglichkeit im Winter<\/a>\r\n     <\/td>\r\n<\/tr><tr>\r\n     <td>\r\n         16.06.2026\r\n     <\/td>\r\n     <td>\r\n         <a href=\"https:\/\/veranstaltungen.muenchen.de\/bauzentrum\/veranstaltungen\/bauzentrum-online-vortrag-fuer-vhs-suedost-kuehlen-und-heizen-mit-waenden-boeden-oder-decken\/\">Bauzentrum Online-Vortrag f\u00fcr VHS S\u00fcdOst: K\u00fchlen und Heizen mit W\u00e4nden, B\u00f6den oder Decken<\/a>\r\n     <\/td>\r\n<\/tr><tr>\r\n     <td>\r\n         17.06.2026\r\n     <\/td>\r\n     <td>\r\n         <a href=\"https:\/\/veranstaltungen.muenchen.de\/bauzentrum\/veranstaltungen\/bauzentrum-praesenz-vortrag-in-der-mvhs-west-elektromobile-solar-laden-einrichtung-von-ladepunkten-und-foerdermoeglichkeiten\/\">Bauzentrum Pr\u00e4senz-Vortrag in der MVHS West: Elektromobile solar laden: Einrichtung von Ladepunkten und F\u00f6rderm\u00f6glichkeiten<\/a>\r\n     <\/td>\r\n<\/tr><tr>\r\n     <td>\r\n         18.06.2026\r\n     <\/td>\r\n     <td>\r\n         <a href=\"https:\/\/veranstaltungen.muenchen.de\/bauzentrum\/veranstaltungen\/bauzentrum-praesenz-vortrag-im-oebz-ist-strom-die-energie-der-zukunft-warmwasser-heizen-grundbedarf-und-arbeiten-eine-energie-fuer-alles\/\">Bauzentrum Pr\u00e4senz-Vortrag im \u00d6BZ: Ist Strom die Energie der Zukunft? Warmwasser, Heizen, Grundbedarf und Arbeiten \u2013 eine Energie f\u00fcr alles!<\/a>\r\n     <\/td>\r\n<\/tr><tr>\r\n     <td>\r\n         24.06.2026\r\n     <\/td>\r\n     <td>\r\n         <a href=\"https:\/\/veranstaltungen.muenchen.de\/bauzentrum\/veranstaltungen\/bauzentrum-praesenz-vortrag-im-oebz-waermepumpe-und-solarthermie-sinnvoll-kombiniert-ein-gutes-team\/\">Bauzentrum Pr\u00e4senz-Vortrag im \u00d6BZ: W\u00e4rmepumpe und Solarthermie - sinnvoll kombiniert ein gutes Team<\/a>\r\n     <\/td>\r\n<\/tr><tr>\r\n     <td>\r\n         25.06.2026\r\n     <\/td>\r\n     <td>\r\n         <a href=\"https:\/\/veranstaltungen.muenchen.de\/bauzentrum\/veranstaltungen\/bauzentrum-online-infoabend-wirtschaftlichkeit-von-photovoltaik-mit-und-ohne-stromspeicher-2\/\">Bauzentrum Online-Infoabend: Wirtschaftlichkeit von Photovoltaik mit und ohne Stromspeicher<\/a>\r\n     <\/td>\r\n<\/tr><\/tbody><\/table><\/div><div class=\"css-events-month\"><h2>Juli 2026 <\/h2><table cellpadding=\"0\" cellspacing=\"0\" class=\"events-table\" >\r\n<thead>\r\n<tr>\r\n<th class=\"event-time\" width=\"150\">Datum<\/th>\r\n<th class=\"event-description\" width=\"*\">Veranstaltung<\/th>\r\n<\/tr>\r\n<\/thead>\r\n<tbody>\r\n    <tbody><tr>\r\n     <td>\r\n         01.07.2026\r\n     <\/td>\r\n     <td>\r\n         <a href=\"https:\/\/veranstaltungen.muenchen.de\/bauzentrum\/veranstaltungen\/bauzentrum-online-infoabend-sanieren-mit-begrenztem-budget-einzelmassnahmen-effektiv-fuers-eigenheim-kombinieren-2\/\">Bauzentrum Online-Infoabend: Sanieren mit begrenztem Budget \u2013 Einzelma\u00dfnahmen effektiv f\u00fcrs Eigenheim kombinieren<\/a>\r\n     <\/td>\r\n<\/tr><tr>\r\n     <td>\r\n         08.07.2026\r\n     <\/td>\r\n     <td>\r\n         <a href=\"https:\/\/veranstaltungen.muenchen.de\/bauzentrum\/veranstaltungen\/bauzentrum-praesenz-vortrag-in-der-mvhs-west-foerdermittel-zuschuesse-fuer-die-energetische-sanierung-von-wohngebaeuden\/\">Bauzentrum Pr\u00e4senz-Vortrag in der MVHS West: F\u00f6rdermittel-Zusch\u00fcsse f\u00fcr die energetische Sanierung von Wohngeb\u00e4uden<\/a>\r\n     <\/td>\r\n<\/tr><\/tbody><\/table><\/div>\t<\/div>\r\n<\/div>\n","protected":false},"excerpt":{"rendered":"<p>Die kostenfreien Infoabende, Info@Lunch, Vortr\u00e4ge, F\u00fchrungen und Infotage informieren B\u00fcrger*innen praxisnah, kompakt und verst\u00e4ndlich zu vielen wichtigen Themen wie beispielsweise zum richtigen Heizen und L\u00fcften, zu energetischer Sanierung, F\u00f6rderm\u00f6glichkeiten, solarer Energienutzung oder zu optimaler W\u00e4rmed\u00e4mmung. Die Veranstaltungen werden teilweise auch in Kooperation mit der M\u00fcnchner Volkshochschule, dem \u00d6kologischen Bildungszentrum M\u00fcnchen, der Volkshochschule S\u00fcdOst sowie Vereinen [&hellip;]<\/p>\n","protected":false},"author":3,"featured_media":0,"parent":0,"menu_order":0,"comment_status":"closed","ping_status":"closed","template":"","meta":{"footnotes":""},"class_list":["post-111","page","type-page","status-publish","hentry"],"_links":{"self":[{"href":"https:\/\/veranstaltungen.muenchen.de\/bauzentrum\/wp-json\/wp\/v2\/pages\/111"}],"collection":[{"href":"https:\/\/veranstaltungen.muenchen.de\/bauzentrum\/wp-json\/wp\/v2\/pages"}],"about":[{"href":"https:\/\/veranstaltungen.muenchen.de\/bauzentrum\/wp-json\/wp\/v2\/types\/page"}],"author":[{"embeddable":true,"href":"https:\/\/veranstaltungen.muenchen.de\/bauzentrum\/wp-json\/wp\/v2\/users\/3"}],"replies":[{"embeddable":true,"href":"https:\/\/veranstaltungen.muenchen.de\/bauzentrum\/wp-json\/wp\/v2\/comments?post=111"}],"version-history":[{"count":14,"href":"https:\/\/veranstaltungen.muenchen.de\/bauzentrum\/wp-json\/wp\/v2\/pages\/111\/revisions"}],"predecessor-version":[{"id":4412,"href":"https:\/\/veranstaltungen.muenchen.de\/bauzentrum\/wp-json\/wp\/v2\/pages\/111\/revisions\/4412"}],"wp:attachment":[{"href":"https:\/\/veranstaltungen.muenchen.de\/bauzentrum\/wp-json\/wp\/v2\/media?parent=111"}],"curies":[{"name":"wp","href":"https:\/\/api.w.org\/{rel}","templated":true}]}}